{"id":11000,"date":"2024-02-02T10:34:53","date_gmt":"2024-02-02T10:34:53","guid":{"rendered":"https:\/\/www.nogometnionline.com\/?post_type=product&#038;p=11000"},"modified":"2024-02-02T10:34:56","modified_gmt":"2024-02-02T10:34:56","slug":"jordi-alba-18-moski-nogometni-dresi-inter-miami-cf-gostujoci-dolgi-rokav-kratke-hlace-2023-2024","status":"publish","type":"product","link":"https:\/\/www.nogometnizaotroke.com\/fr\/product\/jordi-alba-18-moski-nogometni-dresi-inter-miami-cf-gostujoci-dolgi-rokav-kratke-hlace-2023-2024\/","title":{"rendered":"Jordi Alba #18 Mo\u0161ki Nogometni dresi Inter Miami CF Gostujo\u010di Dolgi Rokav + Kratke hla\u010de 2023 2024"},"content":{"rendered":"<p>Jordi Alba #18 Mo\u0161ki Nogometni dresi Inter Miami CF Gostujo\u010di Dolgi Rokav + Kratke hla\u010de 2023 2024<\/p>","protected":false},"excerpt":{"rendered":"<p>Jordi Alba #18 Mo\u0161ki Nogometni dresi Inter Miami CF Gostujo\u010di Dolgi Rokav + Kratke hla\u010de 2023 2024<\/p>","protected":false},"featured_media":11002,"comment_status":"open","ping_status":"closed","template":"","meta":[],"product_brand":[],"product_cat":[353,140],"product_tag":[345,346,347,152,150,153,148,348,147],"class_list":{"0":"post-11000","1":"product","2":"type-product","3":"status-publish","4":"has-post-thumbnail","6":"product_cat-nogometni-dresi-inter-miami","7":"product_cat-moski","8":"product_tag-inter-miami-domaci-dres","9":"product_tag-inter-miami-dres","10":"product_tag-inter-miami-dres-23-24","11":"product_tag-moski-nogometni-dres","12":"product_tag-moski-nogometni-dresi","13":"product_tag-nogometni-dresi","14":"product_tag-poceni-nogometni-dresi","15":"product_tag-poceni-nogometni-dresi-inter-miami-z-lastnim-imenom-online","16":"product_tag-slovenski-nogometni-dresi","18":"first","19":"instock","20":"shipping-taxable","21":"purchasable","22":"product-type-variable"},"_links":{"self":[{"href":"https:\/\/www.nogometnizaotroke.com\/fr\/wp-json\/wp\/v2\/product\/11000","targetHints":{"allow":["GET"]}}],"collection":[{"href":"https:\/\/www.nogometnizaotroke.com\/fr\/wp-json\/wp\/v2\/product"}],"about":[{"href":"https:\/\/www.nogometnizaotroke.com\/fr\/wp-json\/wp\/v2\/types\/product"}],"replies":[{"embeddable":true,"href":"https:\/\/www.nogometnizaotroke.com\/fr\/wp-json\/wp\/v2\/comments?post=11000"}],"wp:featuredmedia":[{"embeddable":true,"href":"https:\/\/www.nogometnizaotroke.com\/fr\/wp-json\/wp\/v2\/media\/11002"}],"wp:attachment":[{"href":"https:\/\/www.nogometnizaotroke.com\/fr\/wp-json\/wp\/v2\/media?parent=11000"}],"wp:term":[{"taxonomy":"product_brand","embeddable":true,"href":"https:\/\/www.nogometnizaotroke.com\/fr\/wp-json\/wp\/v2\/product_brand?post=11000"},{"taxonomy":"product_cat","embeddable":true,"href":"https:\/\/www.nogometnizaotroke.com\/fr\/wp-json\/wp\/v2\/product_cat?post=11000"},{"taxonomy":"product_tag","embeddable":true,"href":"https:\/\/www.nogometnizaotroke.com\/fr\/wp-json\/wp\/v2\/product_tag?post=11000"}],"curies":[{"name":"wp","href":"https:\/\/api.w.org\/{rel}","templated":true}]}}