{"id":27085,"date":"2025-12-27T14:19:25","date_gmt":"2025-12-27T14:19:25","guid":{"rendered":"https:\/\/www.nogometnizaotroke.com\/?post_type=product&#038;p=27085"},"modified":"2025-12-27T14:19:27","modified_gmt":"2025-12-27T14:19:27","slug":"otroski-dres-argentina-2025-26-z-lastnim-imenom","status":"publish","type":"product","link":"https:\/\/www.nogometnizaotroke.com\/en\/product\/otroski-dres-argentina-2025-26-z-lastnim-imenom\/","title":{"rendered":"Otro\u0161ki dres Argentina 2025-26 z lastnim imenom"},"content":{"rendered":"<h3>Otro\u0161ki nogometni dres komplet Argentina 2025-26 \u2013 Personaliziran z lastnim imenom<\/h3>\n<p>Postanite del ekipe svetovnih prvakov! Pripravite svojega mladega nogometa\u0161a na nove zmage z najnovej\u0161im <strong>Otro\u0161ki nogometni dres komplet reprezentance Argentina 2025-26<\/strong>. Ta dres je odli\u010dna izbira za vse navija\u010de &#8220;modro-bele armade&#8221;.<\/p>\n<p><strong>\u2728 Unikatno darilo: Dres z lastnim imenom in \u0161tevilko<\/strong><\/p>\n<p>Naredite dres zares poseben! Ponujamo vam vrhunsko storitev tiska po meri (online personalizacija):<\/p>\n<ul>\n<li>Lastno ime: Na hrbtno stran dresa natisnemo ime va\u0161ega otroka.<\/li>\n<li>Poljubna \u0161tevilka: Izberite najljub\u0161o \u0161tevilko.<\/li>\n<li>Profesionalna kakovost: Uporabljamo obstojen tisk v uradni pisavi, ki je odporen na pogosto pranje.<\/li>\n<\/ul>\n<h3>Zakaj izbrati ta Otro\u0161ki dres kompleti Argentina 2025-26?<\/h3>\n<ul>\n<li>Popoln komplet: Vklju\u010duje zgornji del (dres) in spodnji del (hla\u010dke).<\/li>\n<li>Materiali vrhunske kakovosti: Tehnologija hitrega su\u0161enja (Dri-FIT) zagotavlja zra\u010dnost in udobje med \u0161portno aktivnostjo ali navijanjem.<\/li>\n<li>Dizajn 2025-26: Najnovej\u0161i detajli in barve, ki jih nosijo zvezdniki na igri\u0161\u010du.<\/li>\n<li>Vzdr\u017eljivost: Material je trpe\u017een in zasnovan za intenzivno otro\u0161ko igro.<\/li>\n<\/ul>\n<p><strong>Tehni\u010dne podrobnosti:<\/strong><\/p>\n<ul>\n<li style=\"list-style-type: none;\">\n<ul>\n<li>Sestava: 100 % recikliran poliester.<\/li>\n<li>Velikosti: Na voljo v vseh otro\u0161kih velikostih (od 4 do 14 let).<\/li>\n<li>Nega: Strojno pranje na 30\u00b0C (priporo\u010damo pranje navzven za za\u0161\u010dito tiska).<\/li>\n<\/ul>\n<\/li>\n<\/ul>\n<p>Tips for socks: the T-shirt does not include socks by default. If you want socks, select the sock options to pay for them.<\/p>\n<p>Printing tip: If the name and number in the image are exactly what you want, you don't need to enter it again. If it is not, then enter the name and number you want.<\/p>\n<p>Washing tip: It is recommended to hand wash football jerseys. If you want to use a washing machine, remember to turn the jersey over and then wash it. And fill the machine with cold water and use a gentle wash cycle to protect the colours more.<\/p>","protected":false},"excerpt":{"rendered":"<p>Otro\u0161ki nogometni dres komplet Argentina 2025-26 \u2013 Personaliziran z lastnim imenom Postanite del ekipe svetovnih prvakov! Pripravite svojega mladega nogometa\u0161a na nove zmage z najnovej\u0161im Otro\u0161ki nogometni dres komplet reprezentance Argentina 2025-26. Ta dres je odli\u010dna izbira za vse navija\u010de &#8220;modro-bele armade&#8221;. \u2728 Unikatno darilo: Dres z lastnim imenom in \u0161tevilko Naredite dres zares poseben! [&hellip;]<\/p>","protected":false},"featured_media":27087,"comment_status":"open","ping_status":"closed","template":"","meta":[],"product_brand":[],"product_cat":[73,81],"product_tag":[153,545,159,148,147],"class_list":{"0":"post-27085","1":"product","2":"type-product","3":"status-publish","4":"has-post-thumbnail","6":"product_cat-otroski","7":"product_cat-dresi-argentina-reprezentance","8":"product_tag-nogometni-dresi","9":"product_tag-nogometni-dresi-slovenija","10":"product_tag-otroski-nogometni-dresi","11":"product_tag-poceni-nogometni-dresi","12":"product_tag-slovenski-nogometni-dresi","14":"first","15":"instock","16":"shipping-taxable","17":"purchasable","18":"product-type-variable"},"_links":{"self":[{"href":"https:\/\/www.nogometnizaotroke.com\/en\/wp-json\/wp\/v2\/product\/27085","targetHints":{"allow":["GET"]}}],"collection":[{"href":"https:\/\/www.nogometnizaotroke.com\/en\/wp-json\/wp\/v2\/product"}],"about":[{"href":"https:\/\/www.nogometnizaotroke.com\/en\/wp-json\/wp\/v2\/types\/product"}],"replies":[{"embeddable":true,"href":"https:\/\/www.nogometnizaotroke.com\/en\/wp-json\/wp\/v2\/comments?post=27085"}],"wp:featuredmedia":[{"embeddable":true,"href":"https:\/\/www.nogometnizaotroke.com\/en\/wp-json\/wp\/v2\/media\/27087"}],"wp:attachment":[{"href":"https:\/\/www.nogometnizaotroke.com\/en\/wp-json\/wp\/v2\/media?parent=27085"}],"wp:term":[{"taxonomy":"product_brand","embeddable":true,"href":"https:\/\/www.nogometnizaotroke.com\/en\/wp-json\/wp\/v2\/product_brand?post=27085"},{"taxonomy":"product_cat","embeddable":true,"href":"https:\/\/www.nogometnizaotroke.com\/en\/wp-json\/wp\/v2\/product_cat?post=27085"},{"taxonomy":"product_tag","embeddable":true,"href":"https:\/\/www.nogometnizaotroke.com\/en\/wp-json\/wp\/v2\/product_tag?post=27085"}],"curies":[{"name":"wp","href":"https:\/\/api.w.org\/{rel}","templated":true}]}}