{"id":27082,"date":"2026-01-13T09:29:09","date_gmt":"2026-01-13T09:29:09","guid":{"rendered":"https:\/\/www.nogometnizaotroke.com\/?post_type=product&#038;p=27082"},"modified":"2026-01-13T09:29:10","modified_gmt":"2026-01-13T09:29:10","slug":"otroski-nogometni-dresi-argentina-2025-26-e-martinez-23","status":"publish","type":"product","link":"https:\/\/www.nogometnizaotroke.com\/en\/product\/otroski-nogometni-dresi-argentina-2025-26-e-martinez-23\/","title":{"rendered":"Otro\u0161ki nogometni dresi Argentina 2025-26 &#8211; E. Martinez 23"},"content":{"rendered":"<p>Ali va\u0161 mladi nogometa\u0161 sanja o neverjetnih obrambah, s katerimi bi svojo ekipo pripeljal do zmage? Zdaj lahko oble\u010de uradni videz najbolj\u0161ega vratarja na svetu. Predstavljamo otro\u0161ki nogometni dresi Argentina za sezono 2025-26, ki ga nosi legendarna \u0161tevilka 23, Emiliano Martinez.<\/p>\n<p>Personalizacija po va\u0161i meri: \u010ceprav je dres opremljen z imenom Martineza, ponujamo mo\u017enost popolne prilagoditve. \u017delite na hrbtu ime svojega otroka in njegovo najljub\u0161o \u0161tevilko? Pri nas lahko naro\u010dite dres s poljubnim tiskom, ki je narejen profesionalno in trajno.<\/p>\n<p>Tips for socks: the T-shirt does not include socks by default. If you want socks, select the sock options to pay for them.<\/p>\n<p>Printing tip: If the name and number in the image are exactly what you want, you don't need to enter it again. If it is not, then enter the name and number you want.<\/p>\n<p>Washing tip: It is recommended to hand wash football jerseys. If you want to use a washing machine, remember to turn the jersey over and then wash it. And fill the machine with cold water and use a gentle wash cycle to protect the colours more.<\/p>","protected":false},"excerpt":{"rendered":"<p>Ali va\u0161 mladi nogometa\u0161 sanja o neverjetnih obrambah, s katerimi bi svojo ekipo pripeljal do zmage? Zdaj lahko oble\u010de uradni videz najbolj\u0161ega vratarja na svetu. Predstavljamo otro\u0161ki nogometni dresi Argentina za sezono 2025-26, ki ga nosi legendarna \u0161tevilka 23, Emiliano Martinez. Personalizacija po va\u0161i meri: \u010ceprav je dres opremljen z imenom Martineza, ponujamo mo\u017enost popolne [&hellip;]<\/p>","protected":false},"featured_media":27084,"comment_status":"open","ping_status":"closed","template":"","meta":[],"product_brand":[],"product_cat":[73,81],"product_tag":[1913,1392,159,1915,1914,148],"class_list":{"0":"post-27082","1":"product","2":"type-product","3":"status-publish","4":"has-post-thumbnail","6":"product_cat-otroski","7":"product_cat-dresi-argentina-reprezentance","8":"product_tag-argentina-dresi-2025-26","9":"product_tag-emiliano-martinez-dresi","10":"product_tag-otroski-nogometni-dresi","11":"product_tag-otroski-nogometni-komplet","12":"product_tag-personaliziran-nogometni-dres","13":"product_tag-poceni-nogometni-dresi","15":"first","16":"instock","17":"shipping-taxable","18":"purchasable","19":"product-type-variable"},"_links":{"self":[{"href":"https:\/\/www.nogometnizaotroke.com\/en\/wp-json\/wp\/v2\/product\/27082","targetHints":{"allow":["GET"]}}],"collection":[{"href":"https:\/\/www.nogometnizaotroke.com\/en\/wp-json\/wp\/v2\/product"}],"about":[{"href":"https:\/\/www.nogometnizaotroke.com\/en\/wp-json\/wp\/v2\/types\/product"}],"replies":[{"embeddable":true,"href":"https:\/\/www.nogometnizaotroke.com\/en\/wp-json\/wp\/v2\/comments?post=27082"}],"wp:featuredmedia":[{"embeddable":true,"href":"https:\/\/www.nogometnizaotroke.com\/en\/wp-json\/wp\/v2\/media\/27084"}],"wp:attachment":[{"href":"https:\/\/www.nogometnizaotroke.com\/en\/wp-json\/wp\/v2\/media?parent=27082"}],"wp:term":[{"taxonomy":"product_brand","embeddable":true,"href":"https:\/\/www.nogometnizaotroke.com\/en\/wp-json\/wp\/v2\/product_brand?post=27082"},{"taxonomy":"product_cat","embeddable":true,"href":"https:\/\/www.nogometnizaotroke.com\/en\/wp-json\/wp\/v2\/product_cat?post=27082"},{"taxonomy":"product_tag","embeddable":true,"href":"https:\/\/www.nogometnizaotroke.com\/en\/wp-json\/wp\/v2\/product_tag?post=27082"}],"curies":[{"name":"wp","href":"https:\/\/api.w.org\/{rel}","templated":true}]}}