{"id":26950,"date":"2026-01-13T09:34:26","date_gmt":"2026-01-13T09:34:26","guid":{"rendered":"https:\/\/www.nogometnizaotroke.com\/?post_type=product&#038;p=26950"},"modified":"2026-01-13T09:37:01","modified_gmt":"2026-01-13T09:37:01","slug":"otroski-nogometni-dresi-real-madrid-2025-26-gostujoci-arnold-12","status":"publish","type":"product","link":"https:\/\/www.nogometnizaotroke.com\/en\/product\/otroski-nogometni-dresi-real-madrid-2025-26-gostujoci-arnold-12\/","title":{"rendered":"Otro\u0161ki nogometni dresi Real Madrid 2025-26 &#8211; Gostujo\u010di Arnold 12"},"content":{"rendered":"<p>Novi gostujo\u010di otro\u0161ki nogometni dresi kompleti Real Madrid za sezono 2025-26 zdru\u017euje presti\u017e najbolj\u0161ega kluba na svetu z moderno \u0161portno tehnologijo. Ta komplet je popolna izbira za vse mlade navija\u010de, ki \u017eelijo na igri\u0161\u010du ali tribunah proslaviti prihod novih zvezd, kot je Trent Alexander-Arnold.<\/p>\n<p><strong>Glavne prednosti izdelka:<\/strong><\/p>\n<ul>\n<li>Popolna personalizacija: Na dres lahko natisnemo poljubno ime in \u0161tevilko. Izbirate lahko med uradnim tiskom igralcev (npr. Arnold 12, Mbapp\u00e9 9, Vin\u00edcius Jr. 7) ali pa ustvarite unikaten dres z imenom va\u0161ega otroka.<\/li>\n<li>Vrhunski materiali: Lahka in zra\u010dna tkanina s tehnologijo odvajanja vlage zagotavlja udobje med \u0161portnimi aktivnostmi in prostim \u010dasom.<\/li>\n<li>Komplet za mlade prvake: Set vklju\u010duje gostujo\u010do majico in ujemajo\u010de se kratke hla\u010de z elasti\u010dnim pasom za brezhibno prileganje.<\/li>\n<li>Ikoni\u010den dizajn sezone 2025-26: Vklju\u010duje vse uradne klubske oznake, sponzorje in vezen grb Real Madrida.<\/li>\n<\/ul>\n<p>Tips for socks: the T-shirt does not include socks by default. If you want socks, select the sock options to pay for them.<\/p>\n<p>Printing tip: If the name and number in the image are exactly what you want, you don't need to enter it again. If it is not, then enter the name and number you want.<\/p>\n<p>Washing tip: It is recommended to hand wash football jerseys. If you want to use a washing machine, remember to turn the jersey over and then wash it. And fill the machine with cold water and use a gentle wash cycle to protect the colours more.<\/p>","protected":false},"excerpt":{"rendered":"<p>Novi gostujo\u010di otro\u0161ki nogometni dresi kompleti Real Madrid za sezono 2025-26 zdru\u017euje presti\u017e najbolj\u0161ega kluba na svetu z moderno \u0161portno tehnologijo. Ta komplet je popolna izbira za vse mlade navija\u010de, ki \u017eelijo na igri\u0161\u010du ali tribunah proslaviti prihod novih zvezd, kot je Trent Alexander-Arnold. Glavne prednosti izdelka: Popolna personalizacija: Na dres lahko natisnemo poljubno ime [&hellip;]<\/p>","protected":false},"featured_media":26952,"comment_status":"open","ping_status":"closed","template":"","meta":[],"product_brand":[],"product_cat":[73,33],"product_tag":[1918,159,1916,1917],"class_list":{"0":"post-26950","1":"product","2":"type-product","3":"status-publish","4":"has-post-thumbnail","6":"product_cat-otroski","7":"product_cat-nogometni-dresi-real-madrid","8":"product_tag-nogometna-oprema-za-otroke-real-madrid","9":"product_tag-otroski-nogometni-dresi","10":"product_tag-personaliziran-dres-real-madrid","11":"product_tag-real-madrid-gostujoci-komplet-2025-26","13":"first","14":"instock","15":"shipping-taxable","16":"purchasable","17":"product-type-variable"},"_links":{"self":[{"href":"https:\/\/www.nogometnizaotroke.com\/en\/wp-json\/wp\/v2\/product\/26950","targetHints":{"allow":["GET"]}}],"collection":[{"href":"https:\/\/www.nogometnizaotroke.com\/en\/wp-json\/wp\/v2\/product"}],"about":[{"href":"https:\/\/www.nogometnizaotroke.com\/en\/wp-json\/wp\/v2\/types\/product"}],"replies":[{"embeddable":true,"href":"https:\/\/www.nogometnizaotroke.com\/en\/wp-json\/wp\/v2\/comments?post=26950"}],"wp:featuredmedia":[{"embeddable":true,"href":"https:\/\/www.nogometnizaotroke.com\/en\/wp-json\/wp\/v2\/media\/26952"}],"wp:attachment":[{"href":"https:\/\/www.nogometnizaotroke.com\/en\/wp-json\/wp\/v2\/media?parent=26950"}],"wp:term":[{"taxonomy":"product_brand","embeddable":true,"href":"https:\/\/www.nogometnizaotroke.com\/en\/wp-json\/wp\/v2\/product_brand?post=26950"},{"taxonomy":"product_cat","embeddable":true,"href":"https:\/\/www.nogometnizaotroke.com\/en\/wp-json\/wp\/v2\/product_cat?post=26950"},{"taxonomy":"product_tag","embeddable":true,"href":"https:\/\/www.nogometnizaotroke.com\/en\/wp-json\/wp\/v2\/product_tag?post=26950"}],"curies":[{"name":"wp","href":"https:\/\/api.w.org\/{rel}","templated":true}]}}