{"id":26191,"date":"2025-07-19T09:04:33","date_gmt":"2025-07-19T09:04:33","guid":{"rendered":"https:\/\/www.nogometnizaotroke.com\/?post_type=product&#038;p=26191"},"modified":"2025-07-19T09:19:24","modified_gmt":"2025-07-19T09:19:24","slug":"vinicius-junior-7-real-madrid-dresi-domaci-2025-26","status":"publish","type":"product","link":"https:\/\/www.nogometnizaotroke.com\/en\/product\/vinicius-junior-7-real-madrid-dresi-domaci-2025-26\/","title":{"rendered":"Vinicius Junior 7 Real Madrid dresi Doma\u010di 2025-26"},"content":{"rendered":"<h3>Vinicius Junior 7 Real Madrid dresi Doma\u010di 2025-26<\/h3>\n<p>Kolekcija Vinicius Junior 7dresi Real Madrid 25\/26 je poklon enemu najbolj znanih stadionov v zgodovini nogometa, Santiago Bernab\u00e9uu. Doma\u010di dres je standardno bel s klasi\u010dnimi \u010drno-rumenimi poudarki, na prsih pa ga krasi subtilen ponavljajo\u010d se kro\u017eni vzorec. Vzorec spominja na videz Bernab\u00e9ua pred nedavno prenovo \u2013 vzorec na dresu naj bi navija\u010de spomnil na kro\u017eno stopni\u0161\u010de pred stadionom in stebre, ki obdajajo rob stadiona. Navsezadnje ni kraja, kot je dom.<\/p>\n<p>Tips for socks: the T-shirt does not include socks by default. If you want socks, select the sock options to pay for them.<\/p>\n<p>Printing tip: If the name and number in the image are exactly what you want, you don't need to enter it again. If it is not, then enter the name and number you want.<\/p>\n<p>Washing tip: It is recommended to hand wash football jerseys. If you want to use a washing machine, remember to turn the jersey over and then wash it. And fill the machine with cold water and use a gentle wash cycle to protect the colours more.<\/p>","protected":false},"excerpt":{"rendered":"<p>Vinicius Junior 7 Real Madrid dresi Doma\u010di 2025-26 Kolekcija Vinicius Junior 7dresi Real Madrid 25\/26 je poklon enemu najbolj znanih stadionov v zgodovini nogometa, Santiago Bernab\u00e9uu. Doma\u010di dres je standardno bel s klasi\u010dnimi \u010drno-rumenimi poudarki, na prsih pa ga krasi subtilen ponavljajo\u010d se kro\u017eni vzorec. Vzorec spominja na videz Bernab\u00e9ua pred nedavno prenovo \u2013 vzorec [&hellip;]<\/p>","protected":false},"featured_media":26193,"comment_status":"open","ping_status":"closed","template":"","meta":[],"product_brand":[],"product_cat":[140,33],"product_tag":[290,837,150,148,1113,147,1115],"class_list":{"0":"post-26191","1":"product","2":"type-product","3":"status-publish","4":"has-post-thumbnail","6":"product_cat-moski","7":"product_cat-nogometni-dresi-real-madrid","8":"product_tag-dresi-real-madrid-za-otroke","9":"product_tag-dresi-za-nogomet","10":"product_tag-moski-nogometni-dresi","11":"product_tag-poceni-nogometni-dresi","12":"product_tag-poceni-nogometni-dresi-real-madrid","13":"product_tag-slovenski-nogometni-dresi","14":"product_tag-vinicius-junior-dresi","16":"first","17":"instock","18":"shipping-taxable","19":"purchasable","20":"product-type-variable"},"_links":{"self":[{"href":"https:\/\/www.nogometnizaotroke.com\/en\/wp-json\/wp\/v2\/product\/26191","targetHints":{"allow":["GET"]}}],"collection":[{"href":"https:\/\/www.nogometnizaotroke.com\/en\/wp-json\/wp\/v2\/product"}],"about":[{"href":"https:\/\/www.nogometnizaotroke.com\/en\/wp-json\/wp\/v2\/types\/product"}],"replies":[{"embeddable":true,"href":"https:\/\/www.nogometnizaotroke.com\/en\/wp-json\/wp\/v2\/comments?post=26191"}],"wp:featuredmedia":[{"embeddable":true,"href":"https:\/\/www.nogometnizaotroke.com\/en\/wp-json\/wp\/v2\/media\/26193"}],"wp:attachment":[{"href":"https:\/\/www.nogometnizaotroke.com\/en\/wp-json\/wp\/v2\/media?parent=26191"}],"wp:term":[{"taxonomy":"product_brand","embeddable":true,"href":"https:\/\/www.nogometnizaotroke.com\/en\/wp-json\/wp\/v2\/product_brand?post=26191"},{"taxonomy":"product_cat","embeddable":true,"href":"https:\/\/www.nogometnizaotroke.com\/en\/wp-json\/wp\/v2\/product_cat?post=26191"},{"taxonomy":"product_tag","embeddable":true,"href":"https:\/\/www.nogometnizaotroke.com\/en\/wp-json\/wp\/v2\/product_tag?post=26191"}],"curies":[{"name":"wp","href":"https:\/\/api.w.org\/{rel}","templated":true}]}}