{"id":25570,"date":"2025-07-17T09:34:46","date_gmt":"2025-07-17T09:34:46","guid":{"rendered":"https:\/\/www.nogometnizaotroke.com\/?post_type=product&#038;p=25570"},"modified":"2025-07-19T03:55:45","modified_gmt":"2025-07-19T03:55:45","slug":"nogometni-dresi-za-otroke-inter-milan-2025-26","status":"publish","type":"product","link":"https:\/\/www.nogometnizaotroke.com\/en\/product\/nogometni-dresi-za-otroke-inter-milan-2025-26\/","title":{"rendered":"Nogometni dresi za otroke Inter Milan 2025-26"},"content":{"rendered":"<h3>Nogometni dresi za otroke Inter Milan 2025-26<\/h3>\n<p>Gostujo\u010di dres Interja Milana z ledenim videzom in ponavljajo\u010dimi se vzorci slavi prihod zimskih olimpijskih iger. Tudi barvne in vzor\u010dne podrobnosti dresa so navdihnjene s sodobno milansko obrtjo in arhitekturo, kar ustvarja ledeno vzdu\u0161je.<\/p>\n<p>Tips for socks: the T-shirt does not include socks by default. If you want socks, select the sock options to pay for them.<\/p>\n<p>Printing tip: If the name and number in the image are exactly what you want, you don't need to enter it again. If it is not, then enter the name and number you want.<\/p>\n<p>Washing tip: It is recommended to hand wash football jerseys. If you want to use a washing machine, remember to turn the jersey over and then wash it. And fill the machine with cold water and use a gentle wash cycle to protect the colours more.<\/p>","protected":false},"excerpt":{"rendered":"<p>Nogometni dresi za otroke Inter Milan 2025-26 Gostujo\u010di dres Interja Milana z ledenim videzom in ponavljajo\u010dimi se vzorci slavi prihod zimskih olimpijskih iger. Tudi barvne in vzor\u010dne podrobnosti dresa so navdihnjene s sodobno milansko obrtjo in arhitekturo, kar ustvarja ledeno vzdu\u0161je. Nasveti za nogavice: Majica ne vsebuje nogavic privzeto. \u010ce \u017eelite nogavice, izberite mo\u017enosti nogavic, [&hellip;]<\/p>","protected":false},"featured_media":25572,"comment_status":"open","ping_status":"closed","template":"","meta":[],"product_brand":[],"product_cat":[73,47],"product_tag":[1228,153,480,159,148,147],"class_list":{"0":"post-25570","1":"product","2":"type-product","3":"status-publish","4":"has-post-thumbnail","6":"product_cat-otroski","7":"product_cat-nogometni-dresi-inter-milan","8":"product_tag-dresi-inter-milan-za-otroke","9":"product_tag-nogometni-dresi","10":"product_tag-nogometni-dresi-inter-milan-prodaja","11":"product_tag-otroski-nogometni-dresi","12":"product_tag-poceni-nogometni-dresi","13":"product_tag-slovenski-nogometni-dresi","15":"first","16":"instock","17":"shipping-taxable","18":"purchasable","19":"product-type-variable"},"_links":{"self":[{"href":"https:\/\/www.nogometnizaotroke.com\/en\/wp-json\/wp\/v2\/product\/25570","targetHints":{"allow":["GET"]}}],"collection":[{"href":"https:\/\/www.nogometnizaotroke.com\/en\/wp-json\/wp\/v2\/product"}],"about":[{"href":"https:\/\/www.nogometnizaotroke.com\/en\/wp-json\/wp\/v2\/types\/product"}],"replies":[{"embeddable":true,"href":"https:\/\/www.nogometnizaotroke.com\/en\/wp-json\/wp\/v2\/comments?post=25570"}],"wp:featuredmedia":[{"embeddable":true,"href":"https:\/\/www.nogometnizaotroke.com\/en\/wp-json\/wp\/v2\/media\/25572"}],"wp:attachment":[{"href":"https:\/\/www.nogometnizaotroke.com\/en\/wp-json\/wp\/v2\/media?parent=25570"}],"wp:term":[{"taxonomy":"product_brand","embeddable":true,"href":"https:\/\/www.nogometnizaotroke.com\/en\/wp-json\/wp\/v2\/product_brand?post=25570"},{"taxonomy":"product_cat","embeddable":true,"href":"https:\/\/www.nogometnizaotroke.com\/en\/wp-json\/wp\/v2\/product_cat?post=25570"},{"taxonomy":"product_tag","embeddable":true,"href":"https:\/\/www.nogometnizaotroke.com\/en\/wp-json\/wp\/v2\/product_tag?post=25570"}],"curies":[{"name":"wp","href":"https:\/\/api.w.org\/{rel}","templated":true}]}}