{"id":25420,"date":"2025-06-27T03:39:41","date_gmt":"2025-06-27T03:39:41","guid":{"rendered":"https:\/\/www.nogometnizaotroke.com\/?post_type=product&#038;p=25420"},"modified":"2025-07-14T07:45:51","modified_gmt":"2025-07-14T07:45:51","slug":"otroske-nogometnih-dresov-paris-saint-germain-psg-domaci-2025-26-ousmane-dembele-10","status":"publish","type":"product","link":"https:\/\/www.nogometnizaotroke.com\/en\/product\/otroske-nogometnih-dresov-paris-saint-germain-psg-domaci-2025-26-ousmane-dembele-10\/","title":{"rendered":"Otro\u0161ke Nogometnih dresov Paris Saint-Germain PSG Doma\u010di 2025-26 Ousmane Demb\u00e9l\u00e9 10"},"content":{"rendered":"<h3>Otro\u0161ke Nogometnih dresov Paris Saint-Germain PSG Doma\u010di 2025-26<\/h3>\n<p>Doma\u010di dres Paris Saint-Germain 25\/26 zdru\u017euje znane Hechtove \u010drte z arhitekturnim slogom najbolj znanih pari\u0161kih spomenikov. Kri\u017eni \u0161iv je neposredno navdihnjen z zunanjo strukturo Eifflovega stolpa, Louvra in Centra Pompidou ter je ena najbolj\u0161ih interpretacij doma\u010dega dresa Paris Saint-Germain v zadnjih letih.<\/p>\n<p>Tips for socks: the T-shirt does not include socks by default. If you want socks, select the sock options to pay for them.<\/p>\n<p>Printing tip: If the name and number in the image are exactly what you want, you don't need to enter it again. If it is not, then enter the name and number you want.<\/p>\n<p>Washing tip: It is recommended to hand wash football jerseys. If you want to use a washing machine, remember to turn the jersey over and then wash it. And fill the machine with cold water and use a gentle wash cycle to protect the colours more.<\/p>","protected":false},"excerpt":{"rendered":"<p>Otro\u0161ke Nogometnih dresov Paris Saint-Germain PSG Doma\u010di 2025-26 Doma\u010di dres Paris Saint-Germain 25\/26 zdru\u017euje znane Hechtove \u010drte z arhitekturnim slogom najbolj znanih pari\u0161kih spomenikov. Kri\u017eni \u0161iv je neposredno navdihnjen z zunanjo strukturo Eifflovega stolpa, Louvra in Centra Pompidou ter je ena najbolj\u0161ih interpretacij doma\u010dega dresa Paris Saint-Germain v zadnjih letih. Nasveti za nogavice: Majica ne [&hellip;]<\/p>","protected":false},"featured_media":25422,"comment_status":"open","ping_status":"closed","template":"","meta":[],"product_brand":[],"product_cat":[73,37],"product_tag":[220,1834,148,1835,1831,1832,1833],"class_list":{"0":"post-25420","1":"product","2":"type-product","3":"status-publish","4":"has-post-thumbnail","6":"product_cat-otroski","7":"product_cat-nogometni-dresi-psg","8":"product_tag-nogometni-dresi-za-otroke","9":"product_tag-ousmane-dembele-dresov","10":"product_tag-poceni-nogometni-dresi","11":"product_tag-psg-dresov","12":"product_tag-psg-dresov-2025-26","13":"product_tag-psg-dresov-prodaja","14":"product_tag-psg-dresov-za-otroke","16":"first","17":"instock","18":"shipping-taxable","19":"purchasable","20":"product-type-variable"},"_links":{"self":[{"href":"https:\/\/www.nogometnizaotroke.com\/en\/wp-json\/wp\/v2\/product\/25420","targetHints":{"allow":["GET"]}}],"collection":[{"href":"https:\/\/www.nogometnizaotroke.com\/en\/wp-json\/wp\/v2\/product"}],"about":[{"href":"https:\/\/www.nogometnizaotroke.com\/en\/wp-json\/wp\/v2\/types\/product"}],"replies":[{"embeddable":true,"href":"https:\/\/www.nogometnizaotroke.com\/en\/wp-json\/wp\/v2\/comments?post=25420"}],"wp:featuredmedia":[{"embeddable":true,"href":"https:\/\/www.nogometnizaotroke.com\/en\/wp-json\/wp\/v2\/media\/25422"}],"wp:attachment":[{"href":"https:\/\/www.nogometnizaotroke.com\/en\/wp-json\/wp\/v2\/media?parent=25420"}],"wp:term":[{"taxonomy":"product_brand","embeddable":true,"href":"https:\/\/www.nogometnizaotroke.com\/en\/wp-json\/wp\/v2\/product_brand?post=25420"},{"taxonomy":"product_cat","embeddable":true,"href":"https:\/\/www.nogometnizaotroke.com\/en\/wp-json\/wp\/v2\/product_cat?post=25420"},{"taxonomy":"product_tag","embeddable":true,"href":"https:\/\/www.nogometnizaotroke.com\/en\/wp-json\/wp\/v2\/product_tag?post=25420"}],"curies":[{"name":"wp","href":"https:\/\/api.w.org\/{rel}","templated":true}]}}