{"id":25381,"date":"2025-06-24T09:11:58","date_gmt":"2025-06-24T09:11:58","guid":{"rendered":"https:\/\/www.nogometnizaotroke.com\/?post_type=product&#038;p=25381"},"modified":"2025-06-28T04:06:06","modified_gmt":"2025-06-28T04:06:06","slug":"otroski-nogometni-dresi-za-otroke-real-madrid-gostujoci-2025-26-rodrygo-goes-11","status":"publish","type":"product","link":"https:\/\/www.nogometnizaotroke.com\/en\/product\/otroski-nogometni-dresi-za-otroke-real-madrid-gostujoci-2025-26-rodrygo-goes-11\/","title":{"rendered":"Otro\u0161ki Nogometni dresi za otroke Real Madrid Gostujo\u010di 2025-26 Rodrygo Goes 11"},"content":{"rendered":"<h3>Otro\u0161ki Nogometni dresi za otroke Real Madrid Gostujo\u010di 2025-26<\/h3>\n<p>Ko svetovno znani stadion Real Madrida vstopa v novo dobo, ta gostujo\u010di dres izkazuje poklon \u010darobnim ve\u010derom na Santiago Bernab\u00e9uu. Njegov valoviti vzorec dopolnjujejo srebrni kovinski detajli, ki odra\u017eajo ble\u0161\u010de\u010do zunanjost prenovljenega stadiona.<\/p>\n<p>Tips for socks: the T-shirt does not include socks by default. If you want socks, select the sock options to pay for them.<\/p>\n<p>Printing tip: If the name and number in the image are exactly what you want, you don't need to enter it again. If it is not, then enter the name and number you want.<\/p>\n<p>Washing tip: It is recommended to hand wash football jerseys. If you want to use a washing machine, remember to turn the jersey over and then wash it. And fill the machine with cold water and use a gentle wash cycle to protect the colours more.<\/p>","protected":false},"excerpt":{"rendered":"<p>Otro\u0161ki Nogometni dresi za otroke Real Madrid Gostujo\u010di 2025-26 Ko svetovno znani stadion Real Madrida vstopa v novo dobo, ta gostujo\u010di dres izkazuje poklon \u010darobnim ve\u010derom na Santiago Bernab\u00e9uu. Njegov valoviti vzorec dopolnjujejo srebrni kovinski detajli, ki odra\u017eajo ble\u0161\u010de\u010do zunanjost prenovljenega stadiona. Nasveti za nogavice: Majica ne vsebuje nogavic privzeto. \u010ce \u017eelite nogavice, izberite mo\u017enosti [&hellip;]<\/p>","protected":false},"featured_media":25383,"comment_status":"open","ping_status":"closed","template":"","meta":[],"product_brand":[],"product_cat":[73,33],"product_tag":[290,837,464,220,148,1113,1125,147],"class_list":{"0":"post-25381","1":"product","2":"type-product","3":"status-publish","4":"has-post-thumbnail","6":"product_cat-otroski","7":"product_cat-nogometni-dresi-real-madrid","8":"product_tag-dresi-real-madrid-za-otroke","9":"product_tag-dresi-za-nogomet","10":"product_tag-nogometni-dresi-real-madrid-prodaja","11":"product_tag-nogometni-dresi-za-otroke","12":"product_tag-poceni-nogometni-dresi","13":"product_tag-poceni-nogometni-dresi-real-madrid","14":"product_tag-rodrygo-goes-dresi","15":"product_tag-slovenski-nogometni-dresi","17":"first","18":"instock","19":"shipping-taxable","20":"purchasable","21":"product-type-variable"},"_links":{"self":[{"href":"https:\/\/www.nogometnizaotroke.com\/en\/wp-json\/wp\/v2\/product\/25381","targetHints":{"allow":["GET"]}}],"collection":[{"href":"https:\/\/www.nogometnizaotroke.com\/en\/wp-json\/wp\/v2\/product"}],"about":[{"href":"https:\/\/www.nogometnizaotroke.com\/en\/wp-json\/wp\/v2\/types\/product"}],"replies":[{"embeddable":true,"href":"https:\/\/www.nogometnizaotroke.com\/en\/wp-json\/wp\/v2\/comments?post=25381"}],"wp:featuredmedia":[{"embeddable":true,"href":"https:\/\/www.nogometnizaotroke.com\/en\/wp-json\/wp\/v2\/media\/25383"}],"wp:attachment":[{"href":"https:\/\/www.nogometnizaotroke.com\/en\/wp-json\/wp\/v2\/media?parent=25381"}],"wp:term":[{"taxonomy":"product_brand","embeddable":true,"href":"https:\/\/www.nogometnizaotroke.com\/en\/wp-json\/wp\/v2\/product_brand?post=25381"},{"taxonomy":"product_cat","embeddable":true,"href":"https:\/\/www.nogometnizaotroke.com\/en\/wp-json\/wp\/v2\/product_cat?post=25381"},{"taxonomy":"product_tag","embeddable":true,"href":"https:\/\/www.nogometnizaotroke.com\/en\/wp-json\/wp\/v2\/product_tag?post=25381"}],"curies":[{"name":"wp","href":"https:\/\/api.w.org\/{rel}","templated":true}]}}