{"id":24242,"date":"2025-05-09T09:45:11","date_gmt":"2025-05-09T09:45:11","guid":{"rendered":"https:\/\/www.nogometnizaotroke.com\/?post_type=product&#038;p=24242"},"modified":"2025-05-10T13:57:05","modified_gmt":"2025-05-10T13:57:05","slug":"otroski-dres-hrvaske-reprezentance-vratar-2024-25-crna-dominik-livakovic-1","status":"publish","type":"product","link":"https:\/\/www.nogometnizaotroke.com\/en\/product\/otroski-dres-hrvaske-reprezentance-vratar-2024-25-crna-dominik-livakovic-1\/","title":{"rendered":"Otro\u0161ki dres Hrva\u0161ke reprezentance Vratar 2024\u201325 \u010crna \u2013 Dominik Livakovi\u0107 1"},"content":{"rendered":"<h3>Predstavljamo uradni otro\u0161ki vratarjev dres Hrva\u0161ke reprezentance , z imenom in \u0161tevilko enega najbolj\u0161ih vratarjev:<\/h3>\n<p>\u26ab \u010crna kratka majica in kratke hla\u010de, v stilu Dominika Livakovi\u0107a<\/p>\n<p>\ud83e\udde4 Opremljeno z napisom in \u0161tevilko: Livakovi\u0107 1<\/p>\n<p>\ud83d\udca8 Lahek in zra\u010den material \u2013 popoln za gibanje, igro in trening<\/p>\n<p>\ud83e\uddd2 Na voljo v otro\u0161kih velikostih \u2013 udobno prileganje za vsak dan<\/p>\n<p>\ud83c\udded\ud83c\uddf7 Uradni videz Hrva\u0161ke reprezentance za sezono 2024\u201325<\/p>\n<p>aj va\u0161 mali vratar zaigra kot pravi profesionalec! Popolno darilo za vsakega mladega navija\u010da in bodo\u010dega \u010duvaja mre\u017ee!<\/p>\n<p>Tips for socks: the T-shirt does not include socks by default. If you want socks, select the sock options to pay for them.<\/p>\n<p>Printing tip: If the name and number in the image are exactly what you want, you don't need to enter it again. If it is not, then enter the name and number you want.<\/p>\n<p>Washing tip: It is recommended to hand wash football jerseys. If you want to use a washing machine, remember to turn the jersey over and then wash it. And fill the machine with cold water and use a gentle wash cycle to protect the colours more.<\/p>","protected":false},"excerpt":{"rendered":"<p>Predstavljamo uradni otro\u0161ki vratarjev dres Hrva\u0161ke reprezentance , z imenom in \u0161tevilko enega najbolj\u0161ih vratarjev: \u26ab \u010crna kratka majica in kratke hla\u010de, v stilu Dominika Livakovi\u0107a \ud83e\udde4 Opremljeno z napisom in \u0161tevilko: Livakovi\u0107 1 \ud83d\udca8 Lahek in zra\u010den material \u2013 popoln za gibanje, igro in trening \ud83e\uddd2 Na voljo v otro\u0161kih velikostih \u2013 udobno prileganje [&hellip;]<\/p>","protected":false},"featured_media":24244,"comment_status":"open","ping_status":"closed","template":"","meta":[],"product_brand":[],"product_cat":[73,77],"product_tag":[1796,153,220,1779,1797,159,1798,148,1787],"class_list":{"0":"post-24242","1":"product","2":"type-product","3":"status-publish","4":"has-post-thumbnail","6":"product_cat-otroski","7":"product_cat-dresi-hrvaska-reprezentance","8":"product_tag-dresi-hrvaska-za-otroke","9":"product_tag-nogometni-dresi","10":"product_tag-nogometni-dresi-za-otroke","11":"product_tag-otroski-dresi","12":"product_tag-otroski-dresi-hrvaska-z-lastnim-imenom","13":"product_tag-otroski-nogometni-dresi","14":"product_tag-otroski-nogometni-dresi-hrvaska","15":"product_tag-poceni-nogometni-dresi","16":"product_tag-slovenski-dres","18":"first","19":"instock","20":"shipping-taxable","21":"purchasable","22":"product-type-variable"},"_links":{"self":[{"href":"https:\/\/www.nogometnizaotroke.com\/en\/wp-json\/wp\/v2\/product\/24242","targetHints":{"allow":["GET"]}}],"collection":[{"href":"https:\/\/www.nogometnizaotroke.com\/en\/wp-json\/wp\/v2\/product"}],"about":[{"href":"https:\/\/www.nogometnizaotroke.com\/en\/wp-json\/wp\/v2\/types\/product"}],"replies":[{"embeddable":true,"href":"https:\/\/www.nogometnizaotroke.com\/en\/wp-json\/wp\/v2\/comments?post=24242"}],"wp:featuredmedia":[{"embeddable":true,"href":"https:\/\/www.nogometnizaotroke.com\/en\/wp-json\/wp\/v2\/media\/24244"}],"wp:attachment":[{"href":"https:\/\/www.nogometnizaotroke.com\/en\/wp-json\/wp\/v2\/media?parent=24242"}],"wp:term":[{"taxonomy":"product_brand","embeddable":true,"href":"https:\/\/www.nogometnizaotroke.com\/en\/wp-json\/wp\/v2\/product_brand?post=24242"},{"taxonomy":"product_cat","embeddable":true,"href":"https:\/\/www.nogometnizaotroke.com\/en\/wp-json\/wp\/v2\/product_cat?post=24242"},{"taxonomy":"product_tag","embeddable":true,"href":"https:\/\/www.nogometnizaotroke.com\/en\/wp-json\/wp\/v2\/product_tag?post=24242"}],"curies":[{"name":"wp","href":"https:\/\/api.w.org\/{rel}","templated":true}]}}