{"id":24236,"date":"2025-05-09T09:18:43","date_gmt":"2025-05-09T09:18:43","guid":{"rendered":"https:\/\/www.nogometnizaotroke.com\/?post_type=product&#038;p=24236"},"modified":"2025-05-10T13:57:29","modified_gmt":"2025-05-10T13:57:29","slug":"otroski-dres-hrvaske-reprezentance-vratar-rumena-2024-25-nogometni-komplet","status":"publish","type":"product","link":"https:\/\/www.nogometnizaotroke.com\/en\/product\/otroski-dres-hrvaske-reprezentance-vratar-rumena-2024-25-nogometni-komplet\/","title":{"rendered":"Otro\u0161ki dres Hrva\u0161ke reprezentance Vratar Rumena 2024\u201325 \u2013Nogometni komplet"},"content":{"rendered":"<h3>Predstavljamo najnovej\u0161i otro\u0161ki vratarjev dres Hrva\u0161ke reprezentance 2024\u201325 \u2013 zdaj v udarni rumeni barvi! Ta komplet je idealen za vse mlade ljubitelje nogometa:<\/h3>\n<p>\ud83d\udfe1 Sodoben dizajn v rumeni barvi, kot ga nosijo vratarji Hrva\u0161ke reprezentance<\/p>\n<p>\ud83c\udfbd Vklju\u010duje kratko majico in kratke hla\u010de za popoln videz<\/p>\n<p>\ud83d\udca8 Narejen iz zra\u010dnega in udobnega materiala, primernega za igro ali vsakdan<\/p>\n<p>\u26bd Popoln za trening, igri\u0161\u010de ali kot darilo za prave navija\u010de<\/p>\n<p>\ud83d\udc66 Na voljo v razli\u010dnih otro\u0161kih velikostih<\/p>\n<p>Podprite prihodnje vratarje Hrva\u0161ke \u017ee danes z uradnim videzom sezone 2024\u201325!<\/p>\n<p>Tips for socks: the T-shirt does not include socks by default. If you want socks, select the sock options to pay for them.<\/p>\n<p>Printing tip: If the name and number in the image are exactly what you want, you don't need to enter it again. If it is not, then enter the name and number you want.<\/p>\n<p>Washing tip: It is recommended to hand wash football jerseys. If you want to use a washing machine, remember to turn the jersey over and then wash it. And fill the machine with cold water and use a gentle wash cycle to protect the colours more.<\/p>","protected":false},"excerpt":{"rendered":"<p>Predstavljamo najnovej\u0161i otro\u0161ki vratarjev dres Hrva\u0161ke reprezentance 2024\u201325 \u2013 zdaj v udarni rumeni barvi! Ta komplet je idealen za vse mlade ljubitelje nogometa: \ud83d\udfe1 Sodoben dizajn v rumeni barvi, kot ga nosijo vratarji Hrva\u0161ke reprezentance \ud83c\udfbd Vklju\u010duje kratko majico in kratke hla\u010de za popoln videz \ud83d\udca8 Narejen iz zra\u010dnega in udobnega materiala, primernega za igro [&hellip;]<\/p>","protected":false},"featured_media":24238,"comment_status":"open","ping_status":"closed","template":"","meta":[],"product_brand":[],"product_cat":[73,77],"product_tag":[1796,153,220,1779,1797,159,1798,148,1787],"class_list":{"0":"post-24236","1":"product","2":"type-product","3":"status-publish","4":"has-post-thumbnail","6":"product_cat-otroski","7":"product_cat-dresi-hrvaska-reprezentance","8":"product_tag-dresi-hrvaska-za-otroke","9":"product_tag-nogometni-dresi","10":"product_tag-nogometni-dresi-za-otroke","11":"product_tag-otroski-dresi","12":"product_tag-otroski-dresi-hrvaska-z-lastnim-imenom","13":"product_tag-otroski-nogometni-dresi","14":"product_tag-otroski-nogometni-dresi-hrvaska","15":"product_tag-poceni-nogometni-dresi","16":"product_tag-slovenski-dres","18":"first","19":"instock","20":"shipping-taxable","21":"purchasable","22":"product-type-variable"},"_links":{"self":[{"href":"https:\/\/www.nogometnizaotroke.com\/en\/wp-json\/wp\/v2\/product\/24236","targetHints":{"allow":["GET"]}}],"collection":[{"href":"https:\/\/www.nogometnizaotroke.com\/en\/wp-json\/wp\/v2\/product"}],"about":[{"href":"https:\/\/www.nogometnizaotroke.com\/en\/wp-json\/wp\/v2\/types\/product"}],"replies":[{"embeddable":true,"href":"https:\/\/www.nogometnizaotroke.com\/en\/wp-json\/wp\/v2\/comments?post=24236"}],"wp:featuredmedia":[{"embeddable":true,"href":"https:\/\/www.nogometnizaotroke.com\/en\/wp-json\/wp\/v2\/media\/24238"}],"wp:attachment":[{"href":"https:\/\/www.nogometnizaotroke.com\/en\/wp-json\/wp\/v2\/media?parent=24236"}],"wp:term":[{"taxonomy":"product_brand","embeddable":true,"href":"https:\/\/www.nogometnizaotroke.com\/en\/wp-json\/wp\/v2\/product_brand?post=24236"},{"taxonomy":"product_cat","embeddable":true,"href":"https:\/\/www.nogometnizaotroke.com\/en\/wp-json\/wp\/v2\/product_cat?post=24236"},{"taxonomy":"product_tag","embeddable":true,"href":"https:\/\/www.nogometnizaotroke.com\/en\/wp-json\/wp\/v2\/product_tag?post=24236"}],"curies":[{"name":"wp","href":"https:\/\/api.w.org\/{rel}","templated":true}]}}