{"id":24068,"date":"2025-04-01T03:48:41","date_gmt":"2025-04-01T03:48:41","guid":{"rendered":"https:\/\/www.nogometnizaotroke.com\/?post_type=product&#038;p=24068"},"modified":"2025-04-28T09:21:58","modified_gmt":"2025-04-28T09:21:58","slug":"2025-2026-domaci-dres-real-madrid","status":"publish","type":"product","link":"https:\/\/www.nogometnizaotroke.com\/en\/product\/2025-2026-domaci-dres-real-madrid\/","title":{"rendered":"Otro\u0161ke Nogometnih dresov Komplet Real Madrid Doma\u010di 2025-26 z lastnim tiskom"},"content":{"rendered":"<p>Za sezono 2025\u20132026 doma\u010di dres Real Madrid Club de F\u00fatbol 2025\u201326 zdru\u017euje belo osnovo z rumenimi pasovi, svetlo sivimi aplikacijami in \u010drnimi logotipi. Na obeh straneh te\u010de rumena \u010drta. Man\u0161ete na rokavih in ovratnik so opremljene z majhnimi sivimi \u010drtami. Svetlo siva se uporablja tudi za pod pazduho\/stransko plo\u0161\u010do.<\/p>\n<p>Tips for socks: the T-shirt does not include socks by default. If you want socks, select the sock options to pay for them.<\/p>\n<p>Printing tip: If the name and number in the image are exactly what you want, you don't need to enter it again. If it is not, then enter the name and number you want.<\/p>\n<p>Washing tip: It is recommended to hand wash football jerseys. If you want to use a washing machine, remember to turn the jersey over and then wash it. And fill the machine with cold water and use a gentle wash cycle to protect the colours more.<\/p>","protected":false},"excerpt":{"rendered":"<p>Za sezono 2025\u20132026 doma\u010di dres Real Madrid Club de F\u00fatbol 2025\u201326 zdru\u017euje belo osnovo z rumenimi pasovi, svetlo sivimi aplikacijami in \u010drnimi logotipi. Na obeh straneh te\u010de rumena \u010drta. Man\u0161ete na rokavih in ovratnik so opremljene z majhnimi sivimi \u010drtami. Svetlo siva se uporablja tudi za pod pazduho\/stransko plo\u0161\u010do. Nasveti za nogavice: Majica ne vsebuje [&hellip;]<\/p>","protected":false},"featured_media":24070,"comment_status":"open","ping_status":"closed","template":"","meta":[],"product_brand":[],"product_cat":[73,33],"product_tag":[290,291,159,1110,148,147],"class_list":{"0":"post-24068","1":"product","2":"type-product","3":"status-publish","4":"has-post-thumbnail","6":"product_cat-otroski","7":"product_cat-nogometni-dresi-real-madrid","8":"product_tag-dresi-real-madrid-za-otroke","9":"product_tag-otroski-dresi-real-madrid-z-lastnim-imenom","10":"product_tag-otroski-nogometni-dresi","11":"product_tag-otroski-nogometni-dresi-real-madrid","12":"product_tag-poceni-nogometni-dresi","13":"product_tag-slovenski-nogometni-dresi","15":"first","16":"instock","17":"shipping-taxable","18":"purchasable","19":"product-type-variable"},"_links":{"self":[{"href":"https:\/\/www.nogometnizaotroke.com\/en\/wp-json\/wp\/v2\/product\/24068","targetHints":{"allow":["GET"]}}],"collection":[{"href":"https:\/\/www.nogometnizaotroke.com\/en\/wp-json\/wp\/v2\/product"}],"about":[{"href":"https:\/\/www.nogometnizaotroke.com\/en\/wp-json\/wp\/v2\/types\/product"}],"replies":[{"embeddable":true,"href":"https:\/\/www.nogometnizaotroke.com\/en\/wp-json\/wp\/v2\/comments?post=24068"}],"wp:featuredmedia":[{"embeddable":true,"href":"https:\/\/www.nogometnizaotroke.com\/en\/wp-json\/wp\/v2\/media\/24070"}],"wp:attachment":[{"href":"https:\/\/www.nogometnizaotroke.com\/en\/wp-json\/wp\/v2\/media?parent=24068"}],"wp:term":[{"taxonomy":"product_brand","embeddable":true,"href":"https:\/\/www.nogometnizaotroke.com\/en\/wp-json\/wp\/v2\/product_brand?post=24068"},{"taxonomy":"product_cat","embeddable":true,"href":"https:\/\/www.nogometnizaotroke.com\/en\/wp-json\/wp\/v2\/product_cat?post=24068"},{"taxonomy":"product_tag","embeddable":true,"href":"https:\/\/www.nogometnizaotroke.com\/en\/wp-json\/wp\/v2\/product_tag?post=24068"}],"curies":[{"name":"wp","href":"https:\/\/api.w.org\/{rel}","templated":true}]}}