{"id":23904,"date":"2025-03-20T01:46:33","date_gmt":"2025-03-20T01:46:33","guid":{"rendered":"https:\/\/www.nogometnizaotroke.com\/?post_type=product&#038;p=23904"},"modified":"2025-03-20T01:51:23","modified_gmt":"2025-03-20T01:51:23","slug":"zenske-nogometnih-dresov-paris-saint-germain-psg-domaci-2024-25-joao-neves-87","status":"publish","type":"product","link":"https:\/\/www.nogometnizaotroke.com\/en\/product\/zenske-nogometnih-dresov-paris-saint-germain-psg-domaci-2024-25-joao-neves-87\/","title":{"rendered":"\u017denske Nogometnih dresov Paris Saint-Germain PSG Doma\u010di 2024-25 Joao Neves 87"},"content":{"rendered":"<p>Na\u0161a serija Match Series zdru\u017euje klasi\u010dne detajle dizajna z lahko tehnologijo, ki se hitro su\u0161i, kar pomaga najbolj\u0161im svetovnim nogometnim zvezdam, da ostanejo hladni in udobni na igri\u0161\u010du.<\/p>\n<h4>Zasnovan za optimalno zra\u010dnost<\/h4>\n<p>Tehnologija Dri-FIT ADV vam pomaga ostati suhi in udobni s kombinacijo tkanin, ki odvajajo vlago, z napredno izdelavo in lastnostmi. Posebne zra\u010dne tkanine, preizku\u0161ene pri \u0161portnikih, vam med tekmovanjem pomagajo ostati hladni v vro\u010dih obmo\u010djih.<\/p>\n<h4>Zaupajo mu profesionalni \u0161portniki<\/h4>\n<p>Ta oblika je enaka stilu profesionalnih igralcev na igri\u0161\u010du.<\/p>\n<h4>Podrobnosti izdelka<\/h4>\n<p>100% poliester<br \/>\nPralno v pralnem stroju<br \/>\nUvo\u017eeno<br \/>\nPrikazana barva: polno\u010dno mornarsko\/polno\u010dno mornarsko\/bela<br \/>\n\u0160tevilka sloga: FN8965-411<\/p>","protected":false},"excerpt":{"rendered":"<p>Na\u0161a serija Match Series zdru\u017euje klasi\u010dne detajle dizajna z lahko tehnologijo, ki se hitro su\u0161i, kar pomaga najbolj\u0161im svetovnim nogometnim zvezdam, da ostanejo hladni in udobni na igri\u0161\u010du. Zasnovan za optimalno zra\u010dnost Tehnologija Dri-FIT ADV vam pomaga ostati suhi in udobni s kombinacijo tkanin, ki odvajajo vlago, z napredno izdelavo in lastnostmi. Posebne zra\u010dne tkanine, [&hellip;]<\/p>","protected":false},"featured_media":23905,"comment_status":"open","ping_status":"closed","template":"","meta":[],"product_brand":[],"product_cat":[74,37],"product_tag":[1742,1747,1743,1744,1628],"class_list":{"0":"post-23904","1":"product","2":"type-product","3":"status-publish","4":"has-post-thumbnail","6":"product_cat-zenski","7":"product_cat-nogometni-dresi-psg","8":"product_tag-dresi-psg-za-zenske","9":"product_tag-joao-neves-dres","10":"product_tag-zenske-dresi-psg-z-lastnim-imenom","11":"product_tag-zenske-nogometni-dresi-psg","12":"product_tag-zenske-nogometnih-dresov","14":"first","15":"instock","16":"shipping-taxable","17":"purchasable","18":"product-type-variable"},"_links":{"self":[{"href":"https:\/\/www.nogometnizaotroke.com\/en\/wp-json\/wp\/v2\/product\/23904","targetHints":{"allow":["GET"]}}],"collection":[{"href":"https:\/\/www.nogometnizaotroke.com\/en\/wp-json\/wp\/v2\/product"}],"about":[{"href":"https:\/\/www.nogometnizaotroke.com\/en\/wp-json\/wp\/v2\/types\/product"}],"replies":[{"embeddable":true,"href":"https:\/\/www.nogometnizaotroke.com\/en\/wp-json\/wp\/v2\/comments?post=23904"}],"wp:featuredmedia":[{"embeddable":true,"href":"https:\/\/www.nogometnizaotroke.com\/en\/wp-json\/wp\/v2\/media\/23905"}],"wp:attachment":[{"href":"https:\/\/www.nogometnizaotroke.com\/en\/wp-json\/wp\/v2\/media?parent=23904"}],"wp:term":[{"taxonomy":"product_brand","embeddable":true,"href":"https:\/\/www.nogometnizaotroke.com\/en\/wp-json\/wp\/v2\/product_brand?post=23904"},{"taxonomy":"product_cat","embeddable":true,"href":"https:\/\/www.nogometnizaotroke.com\/en\/wp-json\/wp\/v2\/product_cat?post=23904"},{"taxonomy":"product_tag","embeddable":true,"href":"https:\/\/www.nogometnizaotroke.com\/en\/wp-json\/wp\/v2\/product_tag?post=23904"}],"curies":[{"name":"wp","href":"https:\/\/api.w.org\/{rel}","templated":true}]}}