{"id":23582,"date":"2025-02-28T08:41:27","date_gmt":"2025-02-28T08:41:27","guid":{"rendered":"https:\/\/www.nogometnizaotroke.com\/?post_type=product&#038;p=23582"},"modified":"2025-02-28T09:39:50","modified_gmt":"2025-02-28T09:39:50","slug":"zenske-nogometnih-dresov-chelsea-gostujoci-2024-25-cole-palmer-20","status":"publish","type":"product","link":"https:\/\/www.nogometnizaotroke.com\/en\/product\/zenske-nogometnih-dresov-chelsea-gostujoci-2024-25-cole-palmer-20\/","title":{"rendered":"Women's Chelsea Away Soccer Jerseys 2024-25 Cole Palmer 20"},"content":{"rendered":"<p>Tema \u2018Blue Blame\u2019 iz tega doma\u010dega \u017denske dres FC Chelsea 24\/25 se raz\u0161iri na gostujo\u010do majico in poudarja skupno ambicioznost kluba, gore\u010do strast in odlo\u010denost za uspeh. Osupljiva oran\u017ena poudarjena barva simbolizira ogenj, ki predstavlja kolektivni zagon vseh, ki so povezani s Chelseajem, tako na igri\u0161\u010du kot izven njega. Slogan \u00bbTogether, We Burn Blue\u00ab povzema ta etos, ki odra\u017ea enotnost in intenzivnost, ki ju \u017eeli klub vnesti v novo sezono.Nadomestna majica Chelsea 2024\/25 ima tkano tkanino v \u201cguava ice\u201d, svetlej\u0161em odtenku oran\u017ene barve, ki uvaja \u010disto, mladostno in trendovsko estetiko. Ta izbira barve ne prina\u0161a le sve\u017eega videza, ampak tudi dopolnjuje bolj tradicionalne barve, povezane s Chelsea. Dizajn \u017eeli pritegniti tako igralce kot navija\u010de, saj ponuja sodoben, a brez\u010dasen videz, ki je usklajen s trenutnimi modnimi trendi.<\/p>\n<p>Tips for socks: the T-shirt does not include socks by default. If you want socks, select the sock options to pay for them.<\/p>\n<p>Printing tip: If the name and number in the image are exactly what you want, you don't need to enter it again. If it is not, then enter the name and number you want.<\/p>\n<p>Washing tip: It is recommended to hand wash football jerseys. If you want to use a washing machine, remember to turn the jersey over and then wash it. And fill the machine with cold water and use a gentle wash cycle to protect the colours more.<\/p>","protected":false},"excerpt":{"rendered":"<p>Tema \u2018Blue Blame\u2019 iz tega doma\u010dega \u017denske dres FC Chelsea 24\/25 se raz\u0161iri na gostujo\u010do majico in poudarja skupno ambicioznost kluba, gore\u010do strast in odlo\u010denost za uspeh. Osupljiva oran\u017ena poudarjena barva simbolizira ogenj, ki predstavlja kolektivni zagon vseh, ki so povezani s Chelseajem, tako na igri\u0161\u010du kot izven njega. Slogan \u00bbTogether, We Burn Blue\u00ab povzema [&hellip;]<\/p>","protected":false},"featured_media":23584,"comment_status":"open","ping_status":"closed","template":"","meta":[],"product_brand":[],"product_cat":[74,43],"product_tag":[1643,1071,1072,1070,1628],"class_list":{"0":"post-23582","1":"product","2":"type-product","3":"status-publish","4":"has-post-thumbnail","6":"product_cat-zenski","7":"product_cat-nogometni-dresi-chelsea","8":"product_tag-cole-palmer-dres","9":"product_tag-dresi-barcelona-za-zenske","10":"product_tag-zenske-dresi-barcelona-z-lastnim-imenom","11":"product_tag-zenske-nogometni-dresi-barcelona","12":"product_tag-zenske-nogometnih-dresov","14":"first","15":"instock","16":"shipping-taxable","17":"purchasable","18":"product-type-variable"},"_links":{"self":[{"href":"https:\/\/www.nogometnizaotroke.com\/en\/wp-json\/wp\/v2\/product\/23582","targetHints":{"allow":["GET"]}}],"collection":[{"href":"https:\/\/www.nogometnizaotroke.com\/en\/wp-json\/wp\/v2\/product"}],"about":[{"href":"https:\/\/www.nogometnizaotroke.com\/en\/wp-json\/wp\/v2\/types\/product"}],"replies":[{"embeddable":true,"href":"https:\/\/www.nogometnizaotroke.com\/en\/wp-json\/wp\/v2\/comments?post=23582"}],"wp:featuredmedia":[{"embeddable":true,"href":"https:\/\/www.nogometnizaotroke.com\/en\/wp-json\/wp\/v2\/media\/23584"}],"wp:attachment":[{"href":"https:\/\/www.nogometnizaotroke.com\/en\/wp-json\/wp\/v2\/media?parent=23582"}],"wp:term":[{"taxonomy":"product_brand","embeddable":true,"href":"https:\/\/www.nogometnizaotroke.com\/en\/wp-json\/wp\/v2\/product_brand?post=23582"},{"taxonomy":"product_cat","embeddable":true,"href":"https:\/\/www.nogometnizaotroke.com\/en\/wp-json\/wp\/v2\/product_cat?post=23582"},{"taxonomy":"product_tag","embeddable":true,"href":"https:\/\/www.nogometnizaotroke.com\/en\/wp-json\/wp\/v2\/product_tag?post=23582"}],"curies":[{"name":"wp","href":"https:\/\/api.w.org\/{rel}","templated":true}]}}