{"id":23545,"date":"2025-02-25T09:23:47","date_gmt":"2025-02-25T09:23:47","guid":{"rendered":"https:\/\/www.nogometnizaotroke.com\/?post_type=product&#038;p=23545"},"modified":"2025-02-25T09:23:48","modified_gmt":"2025-02-25T09:23:48","slug":"zenske-nogometnih-dresov-manchester-city-gostujoci-2024-25-erling-haaland-9","status":"publish","type":"product","link":"https:\/\/www.nogometnizaotroke.com\/en\/product\/zenske-nogometnih-dresov-manchester-city-gostujoci-2024-25-erling-haaland-9\/","title":{"rendered":"Women's Soccer Jerseys Manchester City Away 2024-25 Erling Haaland 9"},"content":{"rendered":"<p>Ta majica \u017denske Manchester City Gostujo\u010di za goste, ki zdru\u017euje stil in udobje, se pona\u0161a z obi\u010dajnim krojem in ovratnikom, ki ga navdihuje vintage stil. Z ikoni\u010dno zna\u010dko kluba Manchester City na prsih. Na notranjo stran ovratnice so odtisnili datum v spomin na razburljivo zmago 30. maja 1999. Ta gostujo\u010da majica Manchester Cityja ima tehnologijo odvajanja dryCELL, ki zagotavlja, da se boste ohladili in udobno. Ta dres, oblikovan z mislijo na navija\u010de, zdru\u017euje enak igralni videz z le\u017eerno silhueto, detajli in materiali, popoln tako za dan tekme kot za vsakodnevno no\u0161enje.<\/p>\n<p>Tips for socks: the T-shirt does not include socks by default. If you want socks, select the sock options to pay for them.<\/p>\n<p>Printing tip: If the name and number in the image are exactly what you want, you don't need to enter it again. If it is not, then enter the name and number you want.<\/p>\n<p>Washing tip: It is recommended to hand wash football jerseys. If you want to use a washing machine, remember to turn the jersey over and then wash it. And fill the machine with cold water and use a gentle wash cycle to protect the colours more.<\/p>","protected":false},"excerpt":{"rendered":"<p>Ta majica \u017denske Manchester City Gostujo\u010di za goste, ki zdru\u017euje stil in udobje, se pona\u0161a z obi\u010dajnim krojem in ovratnikom, ki ga navdihuje vintage stil. Z ikoni\u010dno zna\u010dko kluba Manchester City na prsih. Na notranjo stran ovratnice so odtisnili datum v spomin na razburljivo zmago 30. maja 1999. Ta gostujo\u010da majica Manchester Cityja ima tehnologijo [&hellip;]<\/p>","protected":false},"featured_media":23547,"comment_status":"open","ping_status":"closed","template":"","meta":[],"product_brand":[],"product_cat":[74,44],"product_tag":[1071,1641,1072,1642,1070,1628],"class_list":{"0":"post-23545","1":"product","2":"type-product","3":"status-publish","4":"has-post-thumbnail","6":"product_cat-zenski","7":"product_cat-nogometni-dresi-manchester-city","8":"product_tag-dresi-barcelona-za-zenske","9":"product_tag-erling-haaland-dres","10":"product_tag-zenske-dresi-barcelona-z-lastnim-imenom","11":"product_tag-zenske-manchester-city-dres","12":"product_tag-zenske-nogometni-dresi-barcelona","13":"product_tag-zenske-nogometnih-dresov","15":"first","16":"instock","17":"shipping-taxable","18":"purchasable","19":"product-type-variable"},"_links":{"self":[{"href":"https:\/\/www.nogometnizaotroke.com\/en\/wp-json\/wp\/v2\/product\/23545","targetHints":{"allow":["GET"]}}],"collection":[{"href":"https:\/\/www.nogometnizaotroke.com\/en\/wp-json\/wp\/v2\/product"}],"about":[{"href":"https:\/\/www.nogometnizaotroke.com\/en\/wp-json\/wp\/v2\/types\/product"}],"replies":[{"embeddable":true,"href":"https:\/\/www.nogometnizaotroke.com\/en\/wp-json\/wp\/v2\/comments?post=23545"}],"wp:featuredmedia":[{"embeddable":true,"href":"https:\/\/www.nogometnizaotroke.com\/en\/wp-json\/wp\/v2\/media\/23547"}],"wp:attachment":[{"href":"https:\/\/www.nogometnizaotroke.com\/en\/wp-json\/wp\/v2\/media?parent=23545"}],"wp:term":[{"taxonomy":"product_brand","embeddable":true,"href":"https:\/\/www.nogometnizaotroke.com\/en\/wp-json\/wp\/v2\/product_brand?post=23545"},{"taxonomy":"product_cat","embeddable":true,"href":"https:\/\/www.nogometnizaotroke.com\/en\/wp-json\/wp\/v2\/product_cat?post=23545"},{"taxonomy":"product_tag","embeddable":true,"href":"https:\/\/www.nogometnizaotroke.com\/en\/wp-json\/wp\/v2\/product_tag?post=23545"}],"curies":[{"name":"wp","href":"https:\/\/api.w.org\/{rel}","templated":true}]}}