{"id":23511,"date":"2025-02-21T08:58:39","date_gmt":"2025-02-21T08:58:39","guid":{"rendered":"https:\/\/www.nogometnizaotroke.com\/?post_type=product&#038;p=23511"},"modified":"2025-02-21T08:58:40","modified_gmt":"2025-02-21T08:58:40","slug":"zenske-nogometnih-dresov-barcelona-gostujoci-2024-25-pedri-gonzalez-8","status":"publish","type":"product","link":"https:\/\/www.nogometnizaotroke.com\/en\/product\/zenske-nogometnih-dresov-barcelona-gostujoci-2024-25-pedri-gonzalez-8\/","title":{"rendered":"Women's Soccer Jerseys Barcelona Away 2024-25 Pedri Gonzalez 8"},"content":{"rendered":"<p>\u017denske gostujo\u010di dres FC Barcelona 2024\/25 ima ikoni\u010dne blaugrana \u010drte na elegantnem \u010drnem ozadju, kar ustvarja vizualno osupljiv kontrast. Izstopajo\u010d element je klubski grb, upodobljen kot zna\u010dka TPU z odsevnim zaklju\u010dkom, uokvirjen z modrimi in kostanjevimi obrisi. Ta izbira oblikovanja ni samo poklon barvam mo\u0161tva, ampak daje najnovej\u0161i majici FCB tudi sodobno, v prihodnost usmerjeno estetiko.<\/p>\n<p>Tips for socks: the T-shirt does not include socks by default. If you want socks, select the sock options to pay for them.<\/p>\n<p>Printing tip: If the name and number in the image are exactly what you want, you don't need to enter it again. If it is not, then enter the name and number you want.<\/p>\n<p>Washing tip: It is recommended to hand wash football jerseys. If you want to use a washing machine, remember to turn the jersey over and then wash it. And fill the machine with cold water and use a gentle wash cycle to protect the colours more.<\/p>","protected":false},"excerpt":{"rendered":"<p>\u017denske gostujo\u010di dres FC Barcelona 2024\/25 ima ikoni\u010dne blaugrana \u010drte na elegantnem \u010drnem ozadju, kar ustvarja vizualno osupljiv kontrast. Izstopajo\u010d element je klubski grb, upodobljen kot zna\u010dka TPU z odsevnim zaklju\u010dkom, uokvirjen z modrimi in kostanjevimi obrisi. Ta izbira oblikovanja ni samo poklon barvam mo\u0161tva, ampak daje najnovej\u0161i majici FCB tudi sodobno, v prihodnost usmerjeno [&hellip;]<\/p>","protected":false},"featured_media":23513,"comment_status":"open","ping_status":"closed","template":"","meta":[],"product_brand":[],"product_cat":[74,34],"product_tag":[1071,1638,1072,1070,1628],"class_list":{"0":"post-23511","1":"product","2":"type-product","3":"status-publish","4":"has-post-thumbnail","6":"product_cat-zenski","7":"product_cat-nogometni-dresi-barcelona","8":"product_tag-dresi-barcelona-za-zenske","9":"product_tag-pedri-gonzalez-dres","10":"product_tag-zenske-dresi-barcelona-z-lastnim-imenom","11":"product_tag-zenske-nogometni-dresi-barcelona","12":"product_tag-zenske-nogometnih-dresov","14":"first","15":"instock","16":"shipping-taxable","17":"purchasable","18":"product-type-variable"},"_links":{"self":[{"href":"https:\/\/www.nogometnizaotroke.com\/en\/wp-json\/wp\/v2\/product\/23511","targetHints":{"allow":["GET"]}}],"collection":[{"href":"https:\/\/www.nogometnizaotroke.com\/en\/wp-json\/wp\/v2\/product"}],"about":[{"href":"https:\/\/www.nogometnizaotroke.com\/en\/wp-json\/wp\/v2\/types\/product"}],"replies":[{"embeddable":true,"href":"https:\/\/www.nogometnizaotroke.com\/en\/wp-json\/wp\/v2\/comments?post=23511"}],"wp:featuredmedia":[{"embeddable":true,"href":"https:\/\/www.nogometnizaotroke.com\/en\/wp-json\/wp\/v2\/media\/23513"}],"wp:attachment":[{"href":"https:\/\/www.nogometnizaotroke.com\/en\/wp-json\/wp\/v2\/media?parent=23511"}],"wp:term":[{"taxonomy":"product_brand","embeddable":true,"href":"https:\/\/www.nogometnizaotroke.com\/en\/wp-json\/wp\/v2\/product_brand?post=23511"},{"taxonomy":"product_cat","embeddable":true,"href":"https:\/\/www.nogometnizaotroke.com\/en\/wp-json\/wp\/v2\/product_cat?post=23511"},{"taxonomy":"product_tag","embeddable":true,"href":"https:\/\/www.nogometnizaotroke.com\/en\/wp-json\/wp\/v2\/product_tag?post=23511"}],"curies":[{"name":"wp","href":"https:\/\/api.w.org\/{rel}","templated":true}]}}