{"id":23429,"date":"2025-02-01T08:04:28","date_gmt":"2025-02-01T08:04:28","guid":{"rendered":"https:\/\/www.nogometnizaotroke.com\/?post_type=product&#038;p=23429"},"modified":"2025-05-06T14:11:25","modified_gmt":"2025-05-06T14:11:25","slug":"moske-nogometnih-dresov-komplet-argentina-domaci-50th-anniversary-2024-25-lionel-messi-10","status":"publish","type":"product","link":"https:\/\/www.nogometnizaotroke.com\/en\/product\/moske-nogometnih-dresov-komplet-argentina-domaci-50th-anniversary-2024-25-lionel-messi-10\/","title":{"rendered":"Men's Soccer Jerseys Set Argentina Home 50th Anniversary 2024-25 Lionel Messi 10"},"content":{"rendered":"<p>This heritage-inspired piece celebrating Argentina's 50th anniversary displays several distinctive elements that set it apart from the usual match kit. The shirt prominently displays the specially designed AFA crest, decorated with laurel wreaths, representing the team's achievements, including their three FIFA World Cup victories.<br \/>\nConstruction <strong>Argentina Home 50th Anniversary jersey<\/strong> uses AERO READY technology for moisture management and is made entirely of recycled materials with TPU applications, maintaining modern performance standards while embracing a classic aesthetic. The collection also includes a green version of the goalkeeper, confirming the iconic colour worn by legendary Argentine shooters over the past five decades.<\/p>\n<p>Tips for socks: the T-shirt does not include socks by default. If you want socks, select the sock options to pay for them.<\/p>\n<p>Printing tip: If the name and number in the image are exactly what you want, you don't need to enter it again. If it is not, then enter the name and number you want.<\/p>\n<p>Washing tip: It is recommended to hand wash football jerseys. If you want to use a washing machine, remember to turn the jersey over and then wash it. And fill the machine with cold water and use a gentle wash cycle to protect the colours more.<\/p>","protected":false},"excerpt":{"rendered":"<p>Ta kos ob 50. obletnici Argentine, ki ga je navdihnila dedi\u0161\u010dina, prikazuje ve\u010d zna\u010dilnih elementov, ki ga lo\u010dujejo od obi\u010dajnih kompletov za tekme. Na majici je vidno prikazan posebej oblikovan grb AFA, okra\u0161en z lovorovimi venci, ki predstavlja dose\u017eke reprezentance, vklju\u010dno z njihovimi tremi zmagami na svetovnem prvenstvu FIFA. Konstrukcija Argentina dres Doma\u010di 50th Anniversary [&hellip;]<\/p>","protected":false},"featured_media":23431,"comment_status":"open","ping_status":"closed","template":"","meta":[],"product_brand":[],"product_cat":[140,81],"product_tag":[1592,1623,150,153,545,148,147],"class_list":{"0":"post-23429","1":"product","2":"type-product","3":"status-publish","4":"has-post-thumbnail","6":"product_cat-moski","7":"product_cat-dresi-argentina-reprezentance","8":"product_tag-argentina-50th-anniversary","9":"product_tag-lionel-messi-dres","10":"product_tag-moski-nogometni-dresi","11":"product_tag-nogometni-dresi","12":"product_tag-nogometni-dresi-slovenija","13":"product_tag-poceni-nogometni-dresi","14":"product_tag-slovenski-nogometni-dresi","16":"first","17":"instock","18":"shipping-taxable","19":"purchasable","20":"product-type-variable"},"_links":{"self":[{"href":"https:\/\/www.nogometnizaotroke.com\/en\/wp-json\/wp\/v2\/product\/23429","targetHints":{"allow":["GET"]}}],"collection":[{"href":"https:\/\/www.nogometnizaotroke.com\/en\/wp-json\/wp\/v2\/product"}],"about":[{"href":"https:\/\/www.nogometnizaotroke.com\/en\/wp-json\/wp\/v2\/types\/product"}],"replies":[{"embeddable":true,"href":"https:\/\/www.nogometnizaotroke.com\/en\/wp-json\/wp\/v2\/comments?post=23429"}],"wp:featuredmedia":[{"embeddable":true,"href":"https:\/\/www.nogometnizaotroke.com\/en\/wp-json\/wp\/v2\/media\/23431"}],"wp:attachment":[{"href":"https:\/\/www.nogometnizaotroke.com\/en\/wp-json\/wp\/v2\/media?parent=23429"}],"wp:term":[{"taxonomy":"product_brand","embeddable":true,"href":"https:\/\/www.nogometnizaotroke.com\/en\/wp-json\/wp\/v2\/product_brand?post=23429"},{"taxonomy":"product_cat","embeddable":true,"href":"https:\/\/www.nogometnizaotroke.com\/en\/wp-json\/wp\/v2\/product_cat?post=23429"},{"taxonomy":"product_tag","embeddable":true,"href":"https:\/\/www.nogometnizaotroke.com\/en\/wp-json\/wp\/v2\/product_tag?post=23429"}],"curies":[{"name":"wp","href":"https:\/\/api.w.org\/{rel}","templated":true}]}}