{"id":23361,"date":"2025-01-23T07:38:09","date_gmt":"2025-01-23T07:38:09","guid":{"rendered":"https:\/\/www.nogometnizaotroke.com\/?post_type=product&#038;p=23361"},"modified":"2025-03-11T11:32:47","modified_gmt":"2025-03-11T11:32:47","slug":"moske-nogometnih-dresov-komplet-inter-miami-gostujoci-2025-26-z-lastnim-imenom-online","status":"publish","type":"product","link":"https:\/\/www.nogometnizaotroke.com\/en\/product\/moske-nogometnih-dresov-komplet-inter-miami-gostujoci-2025-26-z-lastnim-imenom-online\/","title":{"rendered":"Men's Soccer Jerseys Kit Inter Miami Away 2025-26 with your own name online"},"content":{"rendered":"<p>Predstavljamo poceni mo\u0161ki Gostujo\u010di dresi Inter Miami CF za sezono 2025, eleganten in eleganten prikaz dinami\u010dnega duha kluba in \u017eivahne kulture Ju\u017ene Floride. Ta dres ima \u010drno osnovo z ro\u017enatimi poudarki, ki pooseblja ikoni\u010dno barvno shemo Inter Miami.<\/p>\n<p>Tips for socks: the T-shirt does not include socks by default. If you want socks, select the sock options to pay for them.<\/p>\n<p>Printing tip: If the name and number in the image are exactly what you want, you don't need to enter it again. If it is not, then enter the name and number you want.<\/p>\n<p>Washing tip: It is recommended to hand wash football jerseys. If you want to use a washing machine, remember to turn the jersey over and then wash it. And fill the machine with cold water and use a gentle wash cycle to protect the colours more.<\/p>","protected":false},"excerpt":{"rendered":"<p>Predstavljamo poceni mo\u0161ki Gostujo\u010di dresi Inter Miami CF za sezono 2025, eleganten in eleganten prikaz dinami\u010dnega duha kluba in \u017eivahne kulture Ju\u017ene Floride. Ta dres ima \u010drno osnovo z ro\u017enatimi poudarki, ki pooseblja ikoni\u010dno barvno shemo Inter Miami. Nasveti za nogavice: Majica ne vsebuje nogavic privzeto. \u010ce \u017eelite nogavice, izberite mo\u017enosti nogavic, da jih pla\u010date. [&hellip;]<\/p>","protected":false},"featured_media":23363,"comment_status":"open","ping_status":"closed","template":"","meta":[],"product_brand":[],"product_cat":[140,353],"product_tag":[1383,346,153,1085,1384,1382,148,1084,348,147],"class_list":{"0":"post-23361","1":"product","2":"type-product","3":"status-publish","4":"has-post-thumbnail","6":"product_cat-moski","7":"product_cat-nogometni-dresi-inter-miami","8":"product_tag-dresi-inter-miami-za-otroke","9":"product_tag-inter-miami-dres","10":"product_tag-nogometni-dresi","11":"product_tag-nogometni-dresi-inter-miami-z-lastnim-imenom","12":"product_tag-otroski-dresi-inter-miami-z-lastnim-imenom","13":"product_tag-otroski-nogometni-dresi-inter-miami","14":"product_tag-poceni-nogometni-dresi","15":"product_tag-poceni-nogometni-dresi-inter-miami","16":"product_tag-poceni-nogometni-dresi-inter-miami-z-lastnim-imenom-online","17":"product_tag-slovenski-nogometni-dresi","19":"first","20":"instock","21":"shipping-taxable","22":"purchasable","23":"product-type-variable"},"_links":{"self":[{"href":"https:\/\/www.nogometnizaotroke.com\/en\/wp-json\/wp\/v2\/product\/23361","targetHints":{"allow":["GET"]}}],"collection":[{"href":"https:\/\/www.nogometnizaotroke.com\/en\/wp-json\/wp\/v2\/product"}],"about":[{"href":"https:\/\/www.nogometnizaotroke.com\/en\/wp-json\/wp\/v2\/types\/product"}],"replies":[{"embeddable":true,"href":"https:\/\/www.nogometnizaotroke.com\/en\/wp-json\/wp\/v2\/comments?post=23361"}],"wp:featuredmedia":[{"embeddable":true,"href":"https:\/\/www.nogometnizaotroke.com\/en\/wp-json\/wp\/v2\/media\/23363"}],"wp:attachment":[{"href":"https:\/\/www.nogometnizaotroke.com\/en\/wp-json\/wp\/v2\/media?parent=23361"}],"wp:term":[{"taxonomy":"product_brand","embeddable":true,"href":"https:\/\/www.nogometnizaotroke.com\/en\/wp-json\/wp\/v2\/product_brand?post=23361"},{"taxonomy":"product_cat","embeddable":true,"href":"https:\/\/www.nogometnizaotroke.com\/en\/wp-json\/wp\/v2\/product_cat?post=23361"},{"taxonomy":"product_tag","embeddable":true,"href":"https:\/\/www.nogometnizaotroke.com\/en\/wp-json\/wp\/v2\/product_tag?post=23361"}],"curies":[{"name":"wp","href":"https:\/\/api.w.org\/{rel}","templated":true}]}}