{"id":22711,"date":"2024-12-25T13:35:40","date_gmt":"2024-12-25T13:35:40","guid":{"rendered":"https:\/\/www.nogometnionline.com\/?post_type=product&#038;p=22711"},"modified":"2024-12-25T13:35:43","modified_gmt":"2024-12-25T13:35:43","slug":"moski-nogometni-dresi-liverpool-tretji-2024-25-kratki-rokavi-virgil-van-dijk-4","status":"publish","type":"product","link":"https:\/\/www.nogometnizaotroke.com\/en\/product\/moski-nogometni-dresi-liverpool-tretji-2024-25-kratki-rokavi-virgil-van-dijk-4\/","title":{"rendered":"Men's Soccer Jerseys Liverpool Third 2024-25 Short Sleeves Virgil van Dijk 4"},"content":{"rendered":"<p>The most striking feature of the Liverpool FC 2024\/25 Third Jersey is the distinctive vertical double Swoosh that extends over the jersey, shorts and socks. Inspired by the wing of a Greek goddess, this unique design element symbolises speed, movement, strength and motivation. Both the men's and women's teams will be equipped with this innovative detail, which underlines the club's commitment to gender equality in football.<br \/>\nDrawing inspiration from Liverpool's vibrant punk scene, the design of the new LFC shirt is described as \"rebellious.\" It features a bold pattern that combines the club's iconic colours with elements that pay homage to the city's fearless punk artists, who have introduced a new sound where the River Mersey meets the Irish Sea. The inclusion of Liver bird feathers in the pattern further links the design to the club's identity.The predominantly white Liverpool 24\/25 third set is accented with clean platinum detailing, while flashes of the club's traditional red and chrome yellow complete the look. Black shorts and white socks complete the jersey, creating a cohesive and eye-catching ensemble. The focus has also been on improving the comfort and fit of the kit, ensuring optimum performance for the players.<\/p>\n<p>Tips for socks: the T-shirt does not include socks by default. If you want socks, select the sock options to pay for them.<\/p>\n<p>Printing tip: If the name and number in the image are exactly what you want, you don't need to enter it again. If it is not, then enter the name and number you want.<\/p>\n<p>Washing tip: It is recommended to hand wash football jerseys. If you want to use a washing machine, remember to turn the jersey over and then wash it. And fill the machine with cold water and use a gentle wash cycle to protect the colours more.<\/p>","protected":false},"excerpt":{"rendered":"<p>Najbolj presenetljiva zna\u010dilnost Liverpool FC 2024\/25 Tretji dresi je izrazit navpi\u010dni dvojni Swoosh, ki se razteza \u010dez dres, kratke hla\u010de in nogavice. Ta edinstven oblikovalski element, ki ga je navdihnilo krilo gr\u0161ke boginje, simbolizira hitrost, gibanje, mo\u010d in motivacijo. Tako mo\u0161ka kot \u017eenska ekipa bosta opremljeni s tem inovativnim detajlom, ki poudarja zavezanost kluba enakosti [&hellip;]<\/p>","protected":false},"featured_media":22713,"comment_status":"open","ping_status":"closed","template":"","meta":[],"product_brand":[],"product_cat":[140,39],"product_tag":[589,296,150,148,295,147,1333],"class_list":{"0":"post-22711","1":"product","2":"type-product","3":"status-publish","4":"has-post-thumbnail","6":"product_cat-moski","7":"product_cat-nogometni-dresi-liverpool","8":"product_tag-dresi-liverpool-za-moski","9":"product_tag-moski-dresi-liverpool-z-lastnim-imenom","10":"product_tag-moski-nogometni-dresi","11":"product_tag-poceni-nogometni-dresi","12":"product_tag-poceni-nogometni-dresi-liverpool-z-lastnim-imenom-online","13":"product_tag-slovenski-nogometni-dresi","14":"product_tag-virgil-van-dijk-dresi","16":"first","17":"instock","18":"shipping-taxable","19":"purchasable","20":"product-type-variable"},"_links":{"self":[{"href":"https:\/\/www.nogometnizaotroke.com\/en\/wp-json\/wp\/v2\/product\/22711","targetHints":{"allow":["GET"]}}],"collection":[{"href":"https:\/\/www.nogometnizaotroke.com\/en\/wp-json\/wp\/v2\/product"}],"about":[{"href":"https:\/\/www.nogometnizaotroke.com\/en\/wp-json\/wp\/v2\/types\/product"}],"replies":[{"embeddable":true,"href":"https:\/\/www.nogometnizaotroke.com\/en\/wp-json\/wp\/v2\/comments?post=22711"}],"wp:featuredmedia":[{"embeddable":true,"href":"https:\/\/www.nogometnizaotroke.com\/en\/wp-json\/wp\/v2\/media\/22713"}],"wp:attachment":[{"href":"https:\/\/www.nogometnizaotroke.com\/en\/wp-json\/wp\/v2\/media?parent=22711"}],"wp:term":[{"taxonomy":"product_brand","embeddable":true,"href":"https:\/\/www.nogometnizaotroke.com\/en\/wp-json\/wp\/v2\/product_brand?post=22711"},{"taxonomy":"product_cat","embeddable":true,"href":"https:\/\/www.nogometnizaotroke.com\/en\/wp-json\/wp\/v2\/product_cat?post=22711"},{"taxonomy":"product_tag","embeddable":true,"href":"https:\/\/www.nogometnizaotroke.com\/en\/wp-json\/wp\/v2\/product_tag?post=22711"}],"curies":[{"name":"wp","href":"https:\/\/api.w.org\/{rel}","templated":true}]}}