{"id":22195,"date":"2024-12-17T02:50:27","date_gmt":"2024-12-17T02:50:27","guid":{"rendered":"https:\/\/www.nogometnionline.com\/?post_type=product&#038;p=22195"},"modified":"2024-12-17T02:50:30","modified_gmt":"2024-12-17T02:50:30","slug":"otroski-nogometni-dresi-za-nogomet-rb-leipzig-tretji-2024-2025-zelena-lutsharel-geertruida-3","status":"publish","type":"product","link":"https:\/\/www.nogometnizaotroke.com\/en\/product\/otroski-nogometni-dresi-za-nogomet-rb-leipzig-tretji-2024-2025-zelena-lutsharel-geertruida-3\/","title":{"rendered":"Kids Soccer Jerseys for Football RB Leipzig Third 2024-2025 Green Lutsharel Geertruida 3"},"content":{"rendered":"<p>The third RB Leipzig 2024-25 football jersey is predominantly dark blue with futuristic graphics celebrating the club's momentum and the next generation.The deep V-neckline and cuffs are in mint green, while the crest and Leipzig are in white.<\/p>\n<p>Tips for socks: the T-shirt does not include socks by default. If you want socks, select the sock options to pay for them.<\/p>\n<p>Printing tip: If the name and number in the image are exactly what you want, you don't need to enter it again. If it is not, then enter the name and number you want.<\/p>\n<p>Washing tip: It is recommended to hand wash football jerseys. If you want to use a washing machine, remember to turn the jersey over and then wash it. And fill the machine with cold water and use a gentle wash cycle to protect the colours more.<\/p>","protected":false},"excerpt":{"rendered":"<p>Tretji nogometni dres RB Leipzig 2024-25 je prete\u017eno temno modre barve s futuristi\u010dno grafiko, ki slavi klubski zagon in naslednjo generacijo.Globok V-izrez in man\u0161ete so v mint zeleni barvi, medtem ko sta grb in Leipzig v beli barvi. Nasveti za nogavice: Majica ne vsebuje nogavic privzeto. \u010ce \u017eelite nogavice, izberite mo\u017enosti nogavic, da jih pla\u010date. [&hellip;]<\/p>","protected":false},"featured_media":22197,"comment_status":"open","ping_status":"closed","template":"","meta":[],"product_brand":[],"product_cat":[73,62],"product_tag":[1573,1576,153,555,1193,554,545,1574,159,1572,148,1192,199],"class_list":{"0":"post-22195","1":"product","2":"type-product","3":"status-publish","4":"has-post-thumbnail","6":"product_cat-otroski","7":"product_cat-nogometni-dresi-rb-leipzig","8":"product_tag-dresi-rb-leipzig-za-otroke","9":"product_tag-lutsharel-geertruida-dresi","10":"product_tag-nogometni-dresi","11":"product_tag-nogometni-dresi-rb-leipzig-prodaja","12":"product_tag-nogometni-dresi-rb-leipzig-z-lastnim-imenom","13":"product_tag-nogometni-dresi-rb-leipzig-z-lastnim-tiskom","14":"product_tag-nogometni-dresi-slovenija","15":"product_tag-otroski-dresi-rb-leipzig-z-lastnim-imenom","16":"product_tag-otroski-nogometni-dresi","17":"product_tag-otroski-nogometni-dresi-rb-leipzig","18":"product_tag-poceni-nogometni-dresi","19":"product_tag-poceni-nogometni-dresi-rb-leipzig","20":"product_tag-poceni-nogometni-dresi-rb-leipzig-z-lastnim-imenom-online","22":"first","23":"instock","24":"shipping-taxable","25":"purchasable","26":"product-type-variable"},"_links":{"self":[{"href":"https:\/\/www.nogometnizaotroke.com\/en\/wp-json\/wp\/v2\/product\/22195","targetHints":{"allow":["GET"]}}],"collection":[{"href":"https:\/\/www.nogometnizaotroke.com\/en\/wp-json\/wp\/v2\/product"}],"about":[{"href":"https:\/\/www.nogometnizaotroke.com\/en\/wp-json\/wp\/v2\/types\/product"}],"replies":[{"embeddable":true,"href":"https:\/\/www.nogometnizaotroke.com\/en\/wp-json\/wp\/v2\/comments?post=22195"}],"wp:featuredmedia":[{"embeddable":true,"href":"https:\/\/www.nogometnizaotroke.com\/en\/wp-json\/wp\/v2\/media\/22197"}],"wp:attachment":[{"href":"https:\/\/www.nogometnizaotroke.com\/en\/wp-json\/wp\/v2\/media?parent=22195"}],"wp:term":[{"taxonomy":"product_brand","embeddable":true,"href":"https:\/\/www.nogometnizaotroke.com\/en\/wp-json\/wp\/v2\/product_brand?post=22195"},{"taxonomy":"product_cat","embeddable":true,"href":"https:\/\/www.nogometnizaotroke.com\/en\/wp-json\/wp\/v2\/product_cat?post=22195"},{"taxonomy":"product_tag","embeddable":true,"href":"https:\/\/www.nogometnizaotroke.com\/en\/wp-json\/wp\/v2\/product_tag?post=22195"}],"curies":[{"name":"wp","href":"https:\/\/api.w.org\/{rel}","templated":true}]}}