{"id":22116,"date":"2024-12-16T07:34:22","date_gmt":"2024-12-16T07:34:22","guid":{"rendered":"https:\/\/www.nogometnionline.com\/?post_type=product&#038;p=22116"},"modified":"2024-12-16T09:03:06","modified_gmt":"2024-12-16T09:03:06","slug":"poceni-moski-nogometni-dresi-al-nassr-tretji-2024-25-bela-cristiano-ronaldo-7","status":"publish","type":"product","link":"https:\/\/www.nogometnizaotroke.com\/en\/product\/poceni-moski-nogometni-dresi-al-nassr-tretji-2024-25-bela-cristiano-ronaldo-7\/","title":{"rendered":"Cheap Men's Soccer Jerseys Al-Nassr Third 2024-25 White Cristiano Ronaldo 7"},"content":{"rendered":"<p>Tretji nogometni dres Al-Nassr 2024\u20132025 je v glavnem bel, tako kot prej\u0161njo sezono. Namesto ble\u0161\u010de\u010dega videza prej\u0161nje sezone tretji dres Al-Nassr 2024-25 zdru\u017euje zlate logotipe in aplikacije.<\/p>\n<p>Tips for socks: the T-shirt does not include socks by default. If you want socks, select the sock options to pay for them.<\/p>\n<p>Printing tip: If the name and number in the image are exactly what you want, you don't need to enter it again. If it is not, then enter the name and number you want.<\/p>\n<p>Washing tip: It is recommended to hand wash football jerseys. If you want to use a washing machine, remember to turn the jersey over and then wash it. And fill the machine with cold water and use a gentle wash cycle to protect the colours more.<\/p>","protected":false},"excerpt":{"rendered":"<p>Tretji nogometni dres Al-Nassr 2024\u20132025 je v glavnem bel, tako kot prej\u0161njo sezono. Namesto ble\u0161\u010de\u010dega videza prej\u0161nje sezone tretji dres Al-Nassr 2024-25 zdru\u017euje zlate logotipe in aplikacije. Nasveti za nogavice: Majica ne vsebuje nogavic privzeto. \u010ce \u017eelite nogavice, izberite mo\u017enosti nogavic, da jih pla\u010date. Nasveti za tiskom: \u010ce sta ime in \u0161tevilka na sliki natanko [&hellip;]<\/p>","protected":false},"featured_media":22118,"comment_status":"open","ping_status":"closed","template":"","meta":[],"product_brand":[],"product_cat":[598,140],"product_tag":[894,150,217,153,1259,667,148,1258,599,147],"class_list":{"0":"post-22116","1":"product","2":"type-product","3":"status-publish","4":"has-post-thumbnail","6":"product_cat-nogometni-dresi-al-nassr","7":"product_cat-moski","8":"product_tag-cristiano-ronaldo-dresi","9":"product_tag-moski-nogometni-dresi","10":"product_tag-najcenejsi-nogometni-dresi","11":"product_tag-nogometni-dresi","12":"product_tag-nogometni-dresi-al-nassr-z-lastnim-imenom","13":"product_tag-nogometni-dresi-za-otroski-z-lastnim-tiskom","14":"product_tag-poceni-nogometni-dresi","15":"product_tag-poceni-nogometni-dresi-al-nassr","16":"product_tag-poceni-nogometni-dresi-al-nassr-z-lastnim-imenom-online","17":"product_tag-slovenski-nogometni-dresi","19":"first","20":"instock","21":"shipping-taxable","22":"purchasable","23":"product-type-variable"},"_links":{"self":[{"href":"https:\/\/www.nogometnizaotroke.com\/en\/wp-json\/wp\/v2\/product\/22116","targetHints":{"allow":["GET"]}}],"collection":[{"href":"https:\/\/www.nogometnizaotroke.com\/en\/wp-json\/wp\/v2\/product"}],"about":[{"href":"https:\/\/www.nogometnizaotroke.com\/en\/wp-json\/wp\/v2\/types\/product"}],"replies":[{"embeddable":true,"href":"https:\/\/www.nogometnizaotroke.com\/en\/wp-json\/wp\/v2\/comments?post=22116"}],"wp:featuredmedia":[{"embeddable":true,"href":"https:\/\/www.nogometnizaotroke.com\/en\/wp-json\/wp\/v2\/media\/22118"}],"wp:attachment":[{"href":"https:\/\/www.nogometnizaotroke.com\/en\/wp-json\/wp\/v2\/media?parent=22116"}],"wp:term":[{"taxonomy":"product_brand","embeddable":true,"href":"https:\/\/www.nogometnizaotroke.com\/en\/wp-json\/wp\/v2\/product_brand?post=22116"},{"taxonomy":"product_cat","embeddable":true,"href":"https:\/\/www.nogometnizaotroke.com\/en\/wp-json\/wp\/v2\/product_cat?post=22116"},{"taxonomy":"product_tag","embeddable":true,"href":"https:\/\/www.nogometnizaotroke.com\/en\/wp-json\/wp\/v2\/product_tag?post=22116"}],"curies":[{"name":"wp","href":"https:\/\/api.w.org\/{rel}","templated":true}]}}