{"id":22053,"date":"2024-12-16T06:20:41","date_gmt":"2024-12-16T06:20:41","guid":{"rendered":"https:\/\/www.nogometnionline.com\/?post_type=product&#038;p=22053"},"modified":"2024-12-16T06:20:44","modified_gmt":"2024-12-16T06:20:44","slug":"otroski-nogometni-dresi-as-roma-gostujoci-2024-25-bela-enzo-le-fee-28","status":"publish","type":"product","link":"https:\/\/www.nogometnizaotroke.com\/en\/product\/otroski-nogometni-dresi-as-roma-gostujoci-2024-25-bela-enzo-le-fee-28\/","title":{"rendered":"Kids Soccer Jerseys AS Roma Away 2024-25 white Enzo Le Fee 28"},"content":{"rendered":"<p>Gostujo\u010di dres AS Roma 24-25 je prete\u017eno umazano bel z izrazitimi rde\u010dimi in fluorescentno oran\u017enimi poudarki. Uradne barve so &#8220;srebrno bela\/fluorescentno oran\u017ena\/podpe\u010dansko rde\u010da.&#8221;Najbolj presenetljiva zna\u010dilnost Gostujo\u010di dresi AS Roma 2024-25 je ognjevita grafika, ki jo navdihujejo uli\u010dni grafiti.Uporabite zna\u010dko Lupetto namesto trenutne zna\u010dke. Slog grafitov se nadaljuje na logotipu.<\/p>\n<p>Tips for socks: the T-shirt does not include socks by default. If you want socks, select the sock options to pay for them.<\/p>\n<p>Printing tip: If the name and number in the image are exactly what you want, you don't need to enter it again. If it is not, then enter the name and number you want.<\/p>\n<p>Washing tip: It is recommended to hand wash football jerseys. If you want to use a washing machine, remember to turn the jersey over and then wash it. And fill the machine with cold water and use a gentle wash cycle to protect the colours more.<\/p>","protected":false},"excerpt":{"rendered":"<p>Gostujo\u010di dres AS Roma 24-25 je prete\u017eno umazano bel z izrazitimi rde\u010dimi in fluorescentno oran\u017enimi poudarki. Uradne barve so &#8220;srebrno bela\/fluorescentno oran\u017ena\/podpe\u010dansko rde\u010da.&#8221;Najbolj presenetljiva zna\u010dilnost Gostujo\u010di dresi AS Roma 2024-25 je ognjevita grafika, ki jo navdihujejo uli\u010dni grafiti.Uporabite zna\u010dko Lupetto namesto trenutne zna\u010dke. Slog grafitov se nadaljuje na logotipu. Nasveti za nogavice: Majica ne vsebuje [&hellip;]<\/p>","protected":false},"featured_media":22055,"comment_status":"open","ping_status":"closed","template":"","meta":[],"product_brand":[],"product_cat":[73,48],"product_tag":[754,1564,1566,153,1231,220,1565,159,1563,148,1230,147],"class_list":{"0":"post-22053","1":"product","2":"type-product","3":"status-publish","4":"has-post-thumbnail","6":"product_cat-otroski","7":"product_cat-nogometni-dresi-as-roma","8":"product_tag-as-roma-dresi-2024","9":"product_tag-dresi-as-roma-za-otroke","10":"product_tag-enzo-le-fee-dresi","11":"product_tag-nogometni-dresi","12":"product_tag-nogometni-dresi-as-roma-z-lastnim-imenom","13":"product_tag-nogometni-dresi-za-otroke","14":"product_tag-otroski-dresi-as-roma-z-lastnim-imenom","15":"product_tag-otroski-nogometni-dresi","16":"product_tag-otroski-nogometni-dresi-as-roma","17":"product_tag-poceni-nogometni-dresi","18":"product_tag-poceni-nogometni-dresi-as-roma","19":"product_tag-slovenski-nogometni-dresi","21":"first","22":"instock","23":"shipping-taxable","24":"purchasable","25":"product-type-variable"},"_links":{"self":[{"href":"https:\/\/www.nogometnizaotroke.com\/en\/wp-json\/wp\/v2\/product\/22053","targetHints":{"allow":["GET"]}}],"collection":[{"href":"https:\/\/www.nogometnizaotroke.com\/en\/wp-json\/wp\/v2\/product"}],"about":[{"href":"https:\/\/www.nogometnizaotroke.com\/en\/wp-json\/wp\/v2\/types\/product"}],"replies":[{"embeddable":true,"href":"https:\/\/www.nogometnizaotroke.com\/en\/wp-json\/wp\/v2\/comments?post=22053"}],"wp:featuredmedia":[{"embeddable":true,"href":"https:\/\/www.nogometnizaotroke.com\/en\/wp-json\/wp\/v2\/media\/22055"}],"wp:attachment":[{"href":"https:\/\/www.nogometnizaotroke.com\/en\/wp-json\/wp\/v2\/media?parent=22053"}],"wp:term":[{"taxonomy":"product_brand","embeddable":true,"href":"https:\/\/www.nogometnizaotroke.com\/en\/wp-json\/wp\/v2\/product_brand?post=22053"},{"taxonomy":"product_cat","embeddable":true,"href":"https:\/\/www.nogometnizaotroke.com\/en\/wp-json\/wp\/v2\/product_cat?post=22053"},{"taxonomy":"product_tag","embeddable":true,"href":"https:\/\/www.nogometnizaotroke.com\/en\/wp-json\/wp\/v2\/product_tag?post=22053"}],"curies":[{"name":"wp","href":"https:\/\/api.w.org\/{rel}","templated":true}]}}