{"id":21671,"date":"2024-12-10T02:50:19","date_gmt":"2024-12-10T02:50:19","guid":{"rendered":"https:\/\/www.nogometnionline.com\/?post_type=product&#038;p=21671"},"modified":"2024-12-10T02:50:21","modified_gmt":"2024-12-10T02:50:21","slug":"otroski-nogometni-dresi-kompleti-za-otroke-bvb-borussia-dortmund-gostujoci-2024-25-julian-ryerson-26","status":"publish","type":"product","link":"https:\/\/www.nogometnizaotroke.com\/en\/product\/otroski-nogometni-dresi-kompleti-za-otroke-bvb-borussia-dortmund-gostujoci-2024-25-julian-ryerson-26\/","title":{"rendered":"Kids Soccer Jerseys Kits for Kids BVB Borussia Dortmund Away 2024-25 Julian Ryerson 26"},"content":{"rendered":"<p>Nogometni dres Borussia Dortmund 2024-25 v gosteh ima obi\u010dajne \u010drne in rumene barve kluba. Zaradi dveh stvari je gostujo\u010di dres BVB 2024-25 edinstven \u2013 trak na sprednji strani in subtilni elementi oblikovanja.Prvi\u010d, gostujo\u010di dres BVB 2024-2025 ima debelo rumeno \u010drto na prsih, ki vklju\u010duje logotip sponzorja 1&amp;1.Gostujo\u010di dres BVB 24-25 ima napis \u201cBorussia povezuje\u201d v znakovnem jeziku in Braillovi pisavi. Na \u010drni sprednji strani je zelo subtilen vzorec s sloganom kluba \u201cBorussia united\u201d.<\/p>\n<p>Tips for socks: the T-shirt does not include socks by default. If you want socks, select the sock options to pay for them.<\/p>\n<p>Printing tip: If the name and number in the image are exactly what you want, you don't need to enter it again. If it is not, then enter the name and number you want.<\/p>\n<p>Washing tip: It is recommended to hand wash football jerseys. If you want to use a washing machine, remember to turn the jersey over and then wash it. And fill the machine with cold water and use a gentle wash cycle to protect the colours more.<\/p>","protected":false},"excerpt":{"rendered":"<p>Nogometni dres Borussia Dortmund 2024-25 v gosteh ima obi\u010dajne \u010drne in rumene barve kluba. Zaradi dveh stvari je gostujo\u010di dres BVB 2024-25 edinstven \u2013 trak na sprednji strani in subtilni elementi oblikovanja.Prvi\u010d, gostujo\u010di dres BVB 2024-2025 ima debelo rumeno \u010drto na prsih, ki vklju\u010duje logotip sponzorja 1&amp;1.Gostujo\u010di dres BVB 24-25 ima napis \u201cBorussia povezuje\u201d v [&hellip;]<\/p>","protected":false},"featured_media":21673,"comment_status":"open","ping_status":"closed","template":"","meta":[],"product_brand":[],"product_cat":[73,45],"product_tag":[1541,1546,153,1542,159,1540,148,195,147],"class_list":{"0":"post-21671","1":"product","2":"type-product","3":"status-publish","4":"has-post-thumbnail","6":"product_cat-otroski","7":"product_cat-nogometni-dresi-dortmund","8":"product_tag-dresi-borussia-dortmund-za-otroke","9":"product_tag-julian-ryerson-dresi","10":"product_tag-nogometni-dresi","11":"product_tag-otroski-dresi-borussia-dortmund-z-lastnim-imenom","12":"product_tag-otroski-nogometni-dresi","13":"product_tag-otroski-nogometni-dresi-borussia-dortmund","14":"product_tag-poceni-nogometni-dresi","15":"product_tag-poceni-otroski-nogometni-dresi-dortmund-z-lastnim-imenom","16":"product_tag-slovenski-nogometni-dresi","18":"first","19":"instock","20":"shipping-taxable","21":"purchasable","22":"product-type-variable"},"_links":{"self":[{"href":"https:\/\/www.nogometnizaotroke.com\/en\/wp-json\/wp\/v2\/product\/21671","targetHints":{"allow":["GET"]}}],"collection":[{"href":"https:\/\/www.nogometnizaotroke.com\/en\/wp-json\/wp\/v2\/product"}],"about":[{"href":"https:\/\/www.nogometnizaotroke.com\/en\/wp-json\/wp\/v2\/types\/product"}],"replies":[{"embeddable":true,"href":"https:\/\/www.nogometnizaotroke.com\/en\/wp-json\/wp\/v2\/comments?post=21671"}],"wp:featuredmedia":[{"embeddable":true,"href":"https:\/\/www.nogometnizaotroke.com\/en\/wp-json\/wp\/v2\/media\/21673"}],"wp:attachment":[{"href":"https:\/\/www.nogometnizaotroke.com\/en\/wp-json\/wp\/v2\/media?parent=21671"}],"wp:term":[{"taxonomy":"product_brand","embeddable":true,"href":"https:\/\/www.nogometnizaotroke.com\/en\/wp-json\/wp\/v2\/product_brand?post=21671"},{"taxonomy":"product_cat","embeddable":true,"href":"https:\/\/www.nogometnizaotroke.com\/en\/wp-json\/wp\/v2\/product_cat?post=21671"},{"taxonomy":"product_tag","embeddable":true,"href":"https:\/\/www.nogometnizaotroke.com\/en\/wp-json\/wp\/v2\/product_tag?post=21671"}],"curies":[{"name":"wp","href":"https:\/\/api.w.org\/{rel}","templated":true}]}}