{"id":21542,"date":"2024-12-08T04:03:34","date_gmt":"2024-12-08T04:03:34","guid":{"rendered":"https:\/\/www.nogometnionline.com\/?post_type=product&#038;p=21542"},"modified":"2025-01-07T09:05:55","modified_gmt":"2025-01-07T09:05:55","slug":"otroski-nogometni-dresi-kompleti-za-otroke-tottenham-hotspur-tretji-2024-2025-james-maddison-10","status":"publish","type":"product","link":"https:\/\/www.nogometnizaotroke.com\/en\/product\/otroski-nogometni-dresi-kompleti-za-otroke-tottenham-hotspur-tretji-2024-2025-james-maddison-10\/","title":{"rendered":"Kids Soccer Jerseys Kits for Kids Tottenham Hotspur Third 2024-2025 James Maddison 10"},"content":{"rendered":"<p>Tottenham Hotspur Tretji 2024-2025 ima zna\u010dilen dizajn, ki se poklanja koreninam kluba iz severnega Londona.Popolnoma zelen ansambel predstavlja edinstven vzorec, ki ga je navdihnila bogata zgodovina obmo\u010dja Tottenhama, zlasti legendarna drevesa \u2018Seven Sisters\u2019, ki so \u017ee dolgo lokalna znamenitost.<\/p>\n<p>Tips for socks: the T-shirt does not include socks by default. If you want socks, select the sock options to pay for them.<\/p>\n<p>Printing tip: If the name and number in the image are exactly what you want, you don't need to enter it again. If it is not, then enter the name and number you want.<\/p>\n<p>Washing tip: It is recommended to hand wash football jerseys. If you want to use a washing machine, remember to turn the jersey over and then wash it. And fill the machine with cold water and use a gentle wash cycle to protect the colours more.<\/p>","protected":false},"excerpt":{"rendered":"<p>Tottenham Hotspur Tretji 2024-2025 ima zna\u010dilen dizajn, ki se poklanja koreninam kluba iz severnega Londona.Popolnoma zelen ansambel predstavlja edinstven vzorec, ki ga je navdihnila bogata zgodovina obmo\u010dja Tottenhama, zlasti legendarna drevesa \u2018Seven Sisters\u2019, ki so \u017ee dolgo lokalna znamenitost. Nasveti za nogavice: Majica ne vsebuje nogavic privzeto. \u010ce \u017eelite nogavice, izberite mo\u017enosti nogavic, da jih [&hellip;]<\/p>","protected":false},"featured_media":21544,"comment_status":"open","ping_status":"closed","template":"","meta":[],"product_brand":[],"product_cat":[73,42],"product_tag":[1320,220,591,159,148,590,147],"class_list":{"0":"post-21542","1":"product","2":"type-product","3":"status-publish","4":"has-post-thumbnail","6":"product_cat-otroski","7":"product_cat-nogometni-dresi-tottenham-hotspur","8":"product_tag-james-maddison-dresi","9":"product_tag-nogometni-dresi-za-otroke","10":"product_tag-otroski-dresi-tottenham-hotspur-z-lastnim-imenom","11":"product_tag-otroski-nogometni-dresi","12":"product_tag-poceni-nogometni-dresi","13":"product_tag-poceni-nogometni-dresi-tottenham-hotspurz-lastnim-imenom-online","14":"product_tag-slovenski-nogometni-dresi","16":"first","17":"instock","18":"shipping-taxable","19":"purchasable","20":"product-type-variable"},"_links":{"self":[{"href":"https:\/\/www.nogometnizaotroke.com\/en\/wp-json\/wp\/v2\/product\/21542","targetHints":{"allow":["GET"]}}],"collection":[{"href":"https:\/\/www.nogometnizaotroke.com\/en\/wp-json\/wp\/v2\/product"}],"about":[{"href":"https:\/\/www.nogometnizaotroke.com\/en\/wp-json\/wp\/v2\/types\/product"}],"replies":[{"embeddable":true,"href":"https:\/\/www.nogometnizaotroke.com\/en\/wp-json\/wp\/v2\/comments?post=21542"}],"wp:featuredmedia":[{"embeddable":true,"href":"https:\/\/www.nogometnizaotroke.com\/en\/wp-json\/wp\/v2\/media\/21544"}],"wp:attachment":[{"href":"https:\/\/www.nogometnizaotroke.com\/en\/wp-json\/wp\/v2\/media?parent=21542"}],"wp:term":[{"taxonomy":"product_brand","embeddable":true,"href":"https:\/\/www.nogometnizaotroke.com\/en\/wp-json\/wp\/v2\/product_brand?post=21542"},{"taxonomy":"product_cat","embeddable":true,"href":"https:\/\/www.nogometnizaotroke.com\/en\/wp-json\/wp\/v2\/product_cat?post=21542"},{"taxonomy":"product_tag","embeddable":true,"href":"https:\/\/www.nogometnizaotroke.com\/en\/wp-json\/wp\/v2\/product_tag?post=21542"}],"curies":[{"name":"wp","href":"https:\/\/api.w.org\/{rel}","templated":true}]}}