{"id":21340,"date":"2024-12-05T07:55:42","date_gmt":"2024-12-05T07:55:42","guid":{"rendered":"https:\/\/www.nogometnionline.com\/?post_type=product&#038;p=21340"},"modified":"2024-12-05T09:10:23","modified_gmt":"2024-12-05T09:10:23","slug":"otroski-nogometni-dresi-kompleti-za-otroke-inter-miami-cf-tretji-2024-2025-luis-suarez-9","status":"publish","type":"product","link":"https:\/\/www.nogometnizaotroke.com\/en\/product\/otroski-nogometni-dresi-kompleti-za-otroke-inter-miami-cf-tretji-2024-2025-luis-suarez-9\/","title":{"rendered":"Kids Soccer Jerseys Kits for Kids Inter Miami CF Third 2024-2025 Luis Suarez 9"},"content":{"rendered":"<p>Novi tretji dres Inter Miami 2024 je vodno turkizne barve z oran\u017enimi in belimi poudarki.Man\u0161ete in ovratnik ob strani dresa so bele in oran\u017ene barve.Vrhunec tretjega dresa Inter Miami 2024 je, da se beseda Miami pojavi v pisavi \u201cMiami Vice\u201d na prsih namesto logotipa sponzorja Royal Caribbean.<\/p>\n<p>Tips for socks: the T-shirt does not include socks by default. If you want socks, select the sock options to pay for them.<\/p>\n<p>Printing tip: If the name and number in the image are exactly what you want, you don't need to enter it again. If it is not, then enter the name and number you want.<\/p>\n<p>Washing tip: It is recommended to hand wash football jerseys. If you want to use a washing machine, remember to turn the jersey over and then wash it. And fill the machine with cold water and use a gentle wash cycle to protect the colours more.<\/p>","protected":false},"excerpt":{"rendered":"<p>Novi tretji dres Inter Miami 2024 je vodno turkizne barve z oran\u017enimi in belimi poudarki.Man\u0161ete in ovratnik ob strani dresa so bele in oran\u017ene barve.Vrhunec tretjega dresa Inter Miami 2024 je, da se beseda Miami pojavi v pisavi \u201cMiami Vice\u201d na prsih namesto logotipa sponzorja Royal Caribbean. Nasveti za nogavice: Majica ne vsebuje nogavic privzeto. [&hellip;]<\/p>","protected":false},"featured_media":21342,"comment_status":"open","ping_status":"closed","template":"","meta":[],"product_brand":[],"product_cat":[353,73],"product_tag":[1383,346,1534,153,1085,1384,1382,148,1084,348,147],"class_list":{"0":"post-21340","1":"product","2":"type-product","3":"status-publish","4":"has-post-thumbnail","6":"product_cat-nogometni-dresi-inter-miami","7":"product_cat-otroski","8":"product_tag-dresi-inter-miami-za-otroke","9":"product_tag-inter-miami-dres","10":"product_tag-luis-suarez-dresi","11":"product_tag-nogometni-dresi","12":"product_tag-nogometni-dresi-inter-miami-z-lastnim-imenom","13":"product_tag-otroski-dresi-inter-miami-z-lastnim-imenom","14":"product_tag-otroski-nogometni-dresi-inter-miami","15":"product_tag-poceni-nogometni-dresi","16":"product_tag-poceni-nogometni-dresi-inter-miami","17":"product_tag-poceni-nogometni-dresi-inter-miami-z-lastnim-imenom-online","18":"product_tag-slovenski-nogometni-dresi","20":"first","21":"instock","22":"shipping-taxable","23":"purchasable","24":"product-type-variable"},"_links":{"self":[{"href":"https:\/\/www.nogometnizaotroke.com\/en\/wp-json\/wp\/v2\/product\/21340","targetHints":{"allow":["GET"]}}],"collection":[{"href":"https:\/\/www.nogometnizaotroke.com\/en\/wp-json\/wp\/v2\/product"}],"about":[{"href":"https:\/\/www.nogometnizaotroke.com\/en\/wp-json\/wp\/v2\/types\/product"}],"replies":[{"embeddable":true,"href":"https:\/\/www.nogometnizaotroke.com\/en\/wp-json\/wp\/v2\/comments?post=21340"}],"wp:featuredmedia":[{"embeddable":true,"href":"https:\/\/www.nogometnizaotroke.com\/en\/wp-json\/wp\/v2\/media\/21342"}],"wp:attachment":[{"href":"https:\/\/www.nogometnizaotroke.com\/en\/wp-json\/wp\/v2\/media?parent=21340"}],"wp:term":[{"taxonomy":"product_brand","embeddable":true,"href":"https:\/\/www.nogometnizaotroke.com\/en\/wp-json\/wp\/v2\/product_brand?post=21340"},{"taxonomy":"product_cat","embeddable":true,"href":"https:\/\/www.nogometnizaotroke.com\/en\/wp-json\/wp\/v2\/product_cat?post=21340"},{"taxonomy":"product_tag","embeddable":true,"href":"https:\/\/www.nogometnizaotroke.com\/en\/wp-json\/wp\/v2\/product_tag?post=21340"}],"curies":[{"name":"wp","href":"https:\/\/api.w.org\/{rel}","templated":true}]}}