{"id":21293,"date":"2024-12-04T04:06:22","date_gmt":"2024-12-04T04:06:22","guid":{"rendered":"https:\/\/www.nogometnionline.com\/?post_type=product&#038;p=21293"},"modified":"2024-12-05T09:16:47","modified_gmt":"2024-12-05T09:16:47","slug":"otroski-nogometni-dresi-kompleti-za-otroke-inter-miami-cf-domaci-2024-25-lionel-messi-10","status":"publish","type":"product","link":"https:\/\/www.nogometnizaotroke.com\/en\/product\/otroski-nogometni-dresi-kompleti-za-otroke-inter-miami-cf-domaci-2024-25-lionel-messi-10\/","title":{"rendered":"Kids Soccer Jerseys Kits for Kids Inter Miami CF Home 2024-25 Lionel Messi 10"},"content":{"rendered":"<p>Preprost, a poln ponosa na Inter Miami FC Lionel Messi, doma\u010di dres kluba je preprosto roza. \u010cisto roza barva je temnej\u0161a od majice prej\u0161nje sezone, s \u010drnimi detajli na ovratniku, robu, straneh in logotipu. Grb Inter Miami je izvezen na sredini dresi, na njem pa so natisnjeni sponzorji Royal Caribbean. Na zadnji strani dresa je uradno ime &#8220;Messi&#8221; in \u0161tevilka njegove ekipe &#8220;10&#8221;.<\/p>\n<p>Idealen za no\u0161enje na tekmah, ta nogometni dres ka\u017ee zvestobo Messi in Inter Miami ter zdru\u017euje udobje in zmogljivost. Ima rebrast okrogel izrez, kratke rokave in ozek kroj. Vgrajena tehnologija Aeroready Performance vas ohranja hladne, suhe in udobne, ne glede na to, ali igrate ali gledate nogomet.<\/p>\n<p>Pohitite, zaloge so omejene in doma\u010di dres Inter Miami Messi 10 2024 je hitro razprodan. Imamo tudi majice velikosti za mlade in pristne majice za tekme ter uradne dres za goste.<\/p>","protected":false},"excerpt":{"rendered":"<p>Preprost, a poln ponosa na Inter Miami FC Lionel Messi, doma\u010di dres kluba je preprosto roza. \u010cisto roza barva je temnej\u0161a od majice prej\u0161nje sezone, s \u010drnimi detajli na ovratniku, robu, straneh in logotipu. Grb Inter Miami je izvezen na sredini dresi, na njem pa so natisnjeni sponzorji Royal Caribbean. Na zadnji strani dresa je [&hellip;]<\/p>","protected":false},"featured_media":21295,"comment_status":"open","ping_status":"closed","template":"","meta":[],"product_brand":[],"product_cat":[353,73],"product_tag":[1383,346,1087,153,1085,1384,1382,148,1084,348,147],"class_list":{"0":"post-21293","1":"product","2":"type-product","3":"status-publish","4":"has-post-thumbnail","6":"product_cat-nogometni-dresi-inter-miami","7":"product_cat-otroski","8":"product_tag-dresi-inter-miami-za-otroke","9":"product_tag-inter-miami-dres","10":"product_tag-lionel-messi-dresi","11":"product_tag-nogometni-dresi","12":"product_tag-nogometni-dresi-inter-miami-z-lastnim-imenom","13":"product_tag-otroski-dresi-inter-miami-z-lastnim-imenom","14":"product_tag-otroski-nogometni-dresi-inter-miami","15":"product_tag-poceni-nogometni-dresi","16":"product_tag-poceni-nogometni-dresi-inter-miami","17":"product_tag-poceni-nogometni-dresi-inter-miami-z-lastnim-imenom-online","18":"product_tag-slovenski-nogometni-dresi","20":"first","21":"instock","22":"shipping-taxable","23":"purchasable","24":"product-type-variable"},"_links":{"self":[{"href":"https:\/\/www.nogometnizaotroke.com\/en\/wp-json\/wp\/v2\/product\/21293","targetHints":{"allow":["GET"]}}],"collection":[{"href":"https:\/\/www.nogometnizaotroke.com\/en\/wp-json\/wp\/v2\/product"}],"about":[{"href":"https:\/\/www.nogometnizaotroke.com\/en\/wp-json\/wp\/v2\/types\/product"}],"replies":[{"embeddable":true,"href":"https:\/\/www.nogometnizaotroke.com\/en\/wp-json\/wp\/v2\/comments?post=21293"}],"wp:featuredmedia":[{"embeddable":true,"href":"https:\/\/www.nogometnizaotroke.com\/en\/wp-json\/wp\/v2\/media\/21295"}],"wp:attachment":[{"href":"https:\/\/www.nogometnizaotroke.com\/en\/wp-json\/wp\/v2\/media?parent=21293"}],"wp:term":[{"taxonomy":"product_brand","embeddable":true,"href":"https:\/\/www.nogometnizaotroke.com\/en\/wp-json\/wp\/v2\/product_brand?post=21293"},{"taxonomy":"product_cat","embeddable":true,"href":"https:\/\/www.nogometnizaotroke.com\/en\/wp-json\/wp\/v2\/product_cat?post=21293"},{"taxonomy":"product_tag","embeddable":true,"href":"https:\/\/www.nogometnizaotroke.com\/en\/wp-json\/wp\/v2\/product_tag?post=21293"}],"curies":[{"name":"wp","href":"https:\/\/api.w.org\/{rel}","templated":true}]}}