{"id":21135,"date":"2024-12-02T03:16:46","date_gmt":"2024-12-02T03:16:46","guid":{"rendered":"https:\/\/www.nogometnionline.com\/?post_type=product&#038;p=21135"},"modified":"2024-12-02T03:16:50","modified_gmt":"2024-12-02T03:16:50","slug":"otroski-nogometni-dresi-kompleti-za-otroke-newcastle-united-gostujoci-2024-25-joe-willock-28","status":"publish","type":"product","link":"https:\/\/www.nogometnizaotroke.com\/en\/product\/otroski-nogometni-dresi-kompleti-za-otroke-newcastle-united-gostujoci-2024-25-joe-willock-28\/","title":{"rendered":"Kids Soccer Jerseys Kits for Kids Newcastle United Away 2024-25 Joe Willock 28"},"content":{"rendered":"<p>Gostujo\u010di dres Newcastle United 2024-2025 vra\u010da videz dresi za goste 1995-96. Ima kostanjeve in modre vodoravne \u010drte v kombinaciji z belimi logotipi.Uradno so barve gostujo\u010di dresi Newcastle 24-25 \u201cTeam College Burgundy\/Night Sky\/White\u201d. Team College Burgundy se uporablja tudi za komplet za trening Newcastle United 24-25, kar daje dober vtis barve.<\/p>\n<p>Tips for socks: the T-shirt does not include socks by default. If you want socks, select the sock options to pay for them.<\/p>\n<p>Printing tip: If the name and number in the image are exactly what you want, you don't need to enter it again. If it is not, then enter the name and number you want.<\/p>\n<p>Washing tip: It is recommended to hand wash football jerseys. If you want to use a washing machine, remember to turn the jersey over and then wash it. And fill the machine with cold water and use a gentle wash cycle to protect the colours more.<\/p>","protected":false},"excerpt":{"rendered":"<p>Gostujo\u010di dres Newcastle United 2024-2025 vra\u010da videz dresi za goste 1995-96. Ima kostanjeve in modre vodoravne \u010drte v kombinaciji z belimi logotipi.Uradno so barve gostujo\u010di dresi Newcastle 24-25 \u201cTeam College Burgundy\/Night Sky\/White\u201d. Team College Burgundy se uporablja tudi za komplet za trening Newcastle United 24-25, kar daje dober vtis barve. Nasveti za nogavice: Majica ne [&hellip;]<\/p>","protected":false},"featured_media":21137,"comment_status":"open","ping_status":"closed","template":"","meta":[],"product_brand":[],"product_cat":[73,68],"product_tag":[1005,1525,153,220,1006,159,1004,148,147],"class_list":{"0":"post-21135","1":"product","2":"type-product","3":"status-publish","4":"has-post-thumbnail","6":"product_cat-otroski","7":"product_cat-nogometni-dresi-newcastle-united","8":"product_tag-dresi-newcastle-united-za-otroke","9":"product_tag-joe-willock-dresi","10":"product_tag-nogometni-dresi","11":"product_tag-nogometni-dresi-za-otroke","12":"product_tag-otroski-dresi-newcastle-united-z-lastnim-imenom","13":"product_tag-otroski-nogometni-dresi","14":"product_tag-otroski-nogometni-dresi-newcastle-united","15":"product_tag-poceni-nogometni-dresi","16":"product_tag-slovenski-nogometni-dresi","18":"first","19":"instock","20":"shipping-taxable","21":"purchasable","22":"product-type-variable"},"_links":{"self":[{"href":"https:\/\/www.nogometnizaotroke.com\/en\/wp-json\/wp\/v2\/product\/21135","targetHints":{"allow":["GET"]}}],"collection":[{"href":"https:\/\/www.nogometnizaotroke.com\/en\/wp-json\/wp\/v2\/product"}],"about":[{"href":"https:\/\/www.nogometnizaotroke.com\/en\/wp-json\/wp\/v2\/types\/product"}],"replies":[{"embeddable":true,"href":"https:\/\/www.nogometnizaotroke.com\/en\/wp-json\/wp\/v2\/comments?post=21135"}],"wp:featuredmedia":[{"embeddable":true,"href":"https:\/\/www.nogometnizaotroke.com\/en\/wp-json\/wp\/v2\/media\/21137"}],"wp:attachment":[{"href":"https:\/\/www.nogometnizaotroke.com\/en\/wp-json\/wp\/v2\/media?parent=21135"}],"wp:term":[{"taxonomy":"product_brand","embeddable":true,"href":"https:\/\/www.nogometnizaotroke.com\/en\/wp-json\/wp\/v2\/product_brand?post=21135"},{"taxonomy":"product_cat","embeddable":true,"href":"https:\/\/www.nogometnizaotroke.com\/en\/wp-json\/wp\/v2\/product_cat?post=21135"},{"taxonomy":"product_tag","embeddable":true,"href":"https:\/\/www.nogometnizaotroke.com\/en\/wp-json\/wp\/v2\/product_tag?post=21135"}],"curies":[{"name":"wp","href":"https:\/\/api.w.org\/{rel}","templated":true}]}}