{"id":21110,"date":"2024-12-01T04:42:44","date_gmt":"2024-12-01T04:42:44","guid":{"rendered":"https:\/\/www.nogometnionline.com\/?post_type=product&#038;p=21110"},"modified":"2024-12-03T08:37:47","modified_gmt":"2024-12-03T08:37:47","slug":"otroski-nogometni-dresi-kompleti-al-hilal-gostujoci-2024-25-bela-z-lastnim-tiskom","status":"publish","type":"product","link":"https:\/\/www.nogometnizaotroke.com\/en\/product\/otroski-nogometni-dresi-kompleti-al-hilal-gostujoci-2024-25-bela-z-lastnim-tiskom\/","title":{"rendered":"Kids Soccer Jerseys Kits Al-Hilal Away 2024-25 white with own print"},"content":{"rendered":"<p>Novi gostujo\u010di dres Al-Hilal 2024-25 je bel in ima vzorec tankih \u010drt, ki se \u0161irijo \u010dez sprednji del dresa. Ovratnik, man\u0161ete in grb Al-Hilal so modri.Za razliko od kompletov za gostovanja prej\u0161nje sezone sponzorji uskladijo barve kompletov za \u010dist videz.<\/p>\n<p>Tips for socks: the T-shirt does not include socks by default. If you want socks, select the sock options to pay for them.<\/p>\n<p>Printing tip: If the name and number in the image are exactly what you want, you don't need to enter it again. If it is not, then enter the name and number you want.<\/p>\n<p>Washing tip: It is recommended to hand wash football jerseys. If you want to use a washing machine, remember to turn the jersey over and then wash it. And fill the machine with cold water and use a gentle wash cycle to protect the colours more.<\/p>","protected":false},"excerpt":{"rendered":"<p>Novi gostujo\u010di dres Al-Hilal 2024-25 je bel in ima vzorec tankih \u010drt, ki se \u0161irijo \u010dez sprednji del dresa. Ovratnik, man\u0161ete in grb Al-Hilal so modri.Za razliko od kompletov za gostovanja prej\u0161nje sezone sponzorji uskladijo barve kompletov za \u010dist videz. Nasveti za nogavice: Majica ne vsebuje nogavic privzeto. \u010ce \u017eelite nogavice, izberite mo\u017enosti nogavic, da [&hellip;]<\/p>","protected":false},"featured_media":21112,"comment_status":"open","ping_status":"closed","template":"","meta":[],"product_brand":[],"product_cat":[677,73],"product_tag":[681,159,148,678,682,147],"class_list":{"0":"post-21110","1":"product","2":"type-product","3":"status-publish","4":"has-post-thumbnail","6":"product_cat-nogometni-dresi-al-hilal","7":"product_cat-otroski","8":"product_tag-nogometni-dresi-kompleti-za-otroke","9":"product_tag-otroski-nogometni-dresi","10":"product_tag-poceni-nogometni-dresi","11":"product_tag-poceni-nogometni-dresi-al-hilal-z-lastnim-imenom-online","12":"product_tag-poceni-otroski-nogometni-dresi-al-hilal-z-lastnim-imenom","13":"product_tag-slovenski-nogometni-dresi","15":"first","16":"instock","17":"shipping-taxable","18":"purchasable","19":"product-type-variable"},"_links":{"self":[{"href":"https:\/\/www.nogometnizaotroke.com\/en\/wp-json\/wp\/v2\/product\/21110","targetHints":{"allow":["GET"]}}],"collection":[{"href":"https:\/\/www.nogometnizaotroke.com\/en\/wp-json\/wp\/v2\/product"}],"about":[{"href":"https:\/\/www.nogometnizaotroke.com\/en\/wp-json\/wp\/v2\/types\/product"}],"replies":[{"embeddable":true,"href":"https:\/\/www.nogometnizaotroke.com\/en\/wp-json\/wp\/v2\/comments?post=21110"}],"wp:featuredmedia":[{"embeddable":true,"href":"https:\/\/www.nogometnizaotroke.com\/en\/wp-json\/wp\/v2\/media\/21112"}],"wp:attachment":[{"href":"https:\/\/www.nogometnizaotroke.com\/en\/wp-json\/wp\/v2\/media?parent=21110"}],"wp:term":[{"taxonomy":"product_brand","embeddable":true,"href":"https:\/\/www.nogometnizaotroke.com\/en\/wp-json\/wp\/v2\/product_brand?post=21110"},{"taxonomy":"product_cat","embeddable":true,"href":"https:\/\/www.nogometnizaotroke.com\/en\/wp-json\/wp\/v2\/product_cat?post=21110"},{"taxonomy":"product_tag","embeddable":true,"href":"https:\/\/www.nogometnizaotroke.com\/en\/wp-json\/wp\/v2\/product_tag?post=21110"}],"curies":[{"name":"wp","href":"https:\/\/api.w.org\/{rel}","templated":true}]}}