{"id":20785,"date":"2024-11-25T05:57:52","date_gmt":"2024-11-25T05:57:52","guid":{"rendered":"https:\/\/www.nogometnionline.com\/?post_type=product&#038;p=20785"},"modified":"2024-11-25T05:57:55","modified_gmt":"2024-11-25T05:57:55","slug":"otroski-nogometni-dresi-kompleti-fc-bayern-munich-tretji-2024-25-konrad-laimer-27","status":"publish","type":"product","link":"https:\/\/www.nogometnizaotroke.com\/en\/product\/otroski-nogometni-dresi-kompleti-fc-bayern-munich-tretji-2024-25-konrad-laimer-27\/","title":{"rendered":"Children's Football Jerseys Kits FC Bayern Munich Third 2024-25 Konrad Laimer 27"},"content":{"rendered":"<p>The FC Bayern Munich Third 2024-25 jersey features an unparalleled style that combines the club's ironic red and white colours over subtle diamond graphics. In addition to the ironic three-leaf design, the jersey features the return of the classic club badge from the 1970s, celebrating the golden years in the club's history. The kit gets one final touch, a flat knit polo collar with the FCB insignia on the back of the neck.<\/p>\n<p>Tips for socks: the T-shirt does not include socks by default. If you want socks, select the sock options to pay for them.<\/p>\n<p>Printing tip: If the name and number in the image are exactly what you want, you don't need to enter it again. If it is not, then enter the name and number you want.<\/p>\n<p>Washing tip: It is recommended to hand wash football jerseys. If you want to use a washing machine, remember to turn the jersey over and then wash it. And fill the machine with cold water and use a gentle wash cycle to protect the colours more.<\/p>","protected":false},"excerpt":{"rendered":"<p>FC Bayern Munich Tretji 2024-25 dresi ima neprimerljiv slog, ki zdru\u017euje ironi\u010dne rde\u010de in bele barve kluba preko subtilne diamantne grafike. Poleg ironi\u010dnega trilistnima je na dresu vrnjena klasi\u010dna klubska zna\u010dka iz sedemdesetih let prej\u0161njega stoletja, ki slavi zlata leta v zgodovini kluba. Komplet dobi \u0161e zadnji dotik, ravno pleten polo ovratnik z oznako FCB [&hellip;]<\/p>","protected":false},"featured_media":20787,"comment_status":"open","ping_status":"closed","template":"","meta":[],"product_brand":[],"product_cat":[73,40],"product_tag":[881,1512,153,882,159,560,148,374,315,147],"class_list":{"0":"post-20785","1":"product","2":"type-product","3":"status-publish","4":"has-post-thumbnail","6":"product_cat-otroski","7":"product_cat-nogometni-dresi-bayern-munich","8":"product_tag-dresi-bayern-munich-za-otroski","9":"product_tag-konrad-laimer-dresi","10":"product_tag-nogometni-dresi","11":"product_tag-nogometni-dresi-bayern-munich-za-otroski-z-lastnim-tiskom","12":"product_tag-otroski-nogometni-dresi","13":"product_tag-otroski-nogometni-dresi-bayern-munich-z-lastnim-imenom","14":"product_tag-poceni-nogometni-dresi","15":"product_tag-poceni-nogometni-dresi-bayern-munich-z-lastnim-imenom-online","16":"product_tag-poceni-otroski-nogometni-dresi-bayern-munich-z-lastnim-imenom","17":"product_tag-slovenski-nogometni-dresi","19":"first","20":"instock","21":"shipping-taxable","22":"purchasable","23":"product-type-variable"},"_links":{"self":[{"href":"https:\/\/www.nogometnizaotroke.com\/en\/wp-json\/wp\/v2\/product\/20785","targetHints":{"allow":["GET"]}}],"collection":[{"href":"https:\/\/www.nogometnizaotroke.com\/en\/wp-json\/wp\/v2\/product"}],"about":[{"href":"https:\/\/www.nogometnizaotroke.com\/en\/wp-json\/wp\/v2\/types\/product"}],"replies":[{"embeddable":true,"href":"https:\/\/www.nogometnizaotroke.com\/en\/wp-json\/wp\/v2\/comments?post=20785"}],"wp:featuredmedia":[{"embeddable":true,"href":"https:\/\/www.nogometnizaotroke.com\/en\/wp-json\/wp\/v2\/media\/20787"}],"wp:attachment":[{"href":"https:\/\/www.nogometnizaotroke.com\/en\/wp-json\/wp\/v2\/media?parent=20785"}],"wp:term":[{"taxonomy":"product_brand","embeddable":true,"href":"https:\/\/www.nogometnizaotroke.com\/en\/wp-json\/wp\/v2\/product_brand?post=20785"},{"taxonomy":"product_cat","embeddable":true,"href":"https:\/\/www.nogometnizaotroke.com\/en\/wp-json\/wp\/v2\/product_cat?post=20785"},{"taxonomy":"product_tag","embeddable":true,"href":"https:\/\/www.nogometnizaotroke.com\/en\/wp-json\/wp\/v2\/product_tag?post=20785"}],"curies":[{"name":"wp","href":"https:\/\/api.w.org\/{rel}","templated":true}]}}