{"id":20726,"date":"2024-11-24T08:38:49","date_gmt":"2024-11-24T08:38:49","guid":{"rendered":"https:\/\/www.nogometnionline.com\/?post_type=product&#038;p=20726"},"modified":"2025-03-11T02:28:07","modified_gmt":"2025-03-11T02:28:07","slug":"otroski-nogometni-dresi-kompleti-fc-bayern-munich-gostujoci-2024-25-leon-goretzka-8","status":"publish","type":"product","link":"https:\/\/www.nogometnizaotroke.com\/en\/product\/otroski-nogometni-dresi-kompleti-fc-bayern-munich-gostujoci-2024-25-leon-goretzka-8\/","title":{"rendered":"Kids Soccer Jerseys Kits for Kids Manchester United Goalkeeper Third 2024-25 Andre Onana 24"},"content":{"rendered":"<p>The Bayern Munich 2024-25 away jerseys are inspired by the 'Bavaria' statue, which embodies the strength of the club's home country and stands in the centre of the Theresienwiese in Munich. The jersey incorporates blue and green scrolls on an elegant black background, reflecting the colour tones visible on the surface of the statue; the details use bronze paint, marked as Glimmers of 'Bavaria' with the famous 'Mia San Mia' on the upper reverse.<\/p>\n<p>Tips for socks: the T-shirt does not include socks by default. If you want socks, select the sock options to pay for them.<\/p>\n<p>Printing tip: If the name and number in the image are exactly what you want, you don't need to enter it again. If it is not, then enter the name and number you want.<\/p>\n<p>Washing tip: It is recommended to hand wash football jerseys. If you want to use a washing machine, remember to turn the jersey over and then wash it. And fill the machine with cold water and use a gentle wash cycle to protect the colours more.<\/p>","protected":false},"excerpt":{"rendered":"<p>Gostujo\u010di dresi Bayern Munich 2024\u201325 je navdihnil kip \u2018Bavarske\u2019, ki pooseblja mo\u010d domovine kluba in stoji v sredi\u0161\u010du Theresienwiese v M\u00fcnchnu. Jersey vklju\u010duje modre in zelene vijuge na elegantni \u010drni podlagi, ki odseva barvne odtenke, vidne na povr\u0161ini kipa; podrobnosti uporabljajo bronasto barvo, ozna\u010deno kot Glimmers of \u2018Bavaria\u2019 z znamenitim \u2018Mia San Mia\u2019 na zgornji [&hellip;]<\/p>","protected":false},"featured_media":23821,"comment_status":"open","ping_status":"closed","template":"","meta":[],"product_brand":[],"product_cat":[73,40],"product_tag":[1169,153,1718,1682,457,994,1680,1683,147],"class_list":{"0":"post-20726","1":"product","2":"type-product","3":"status-publish","4":"has-post-thumbnail","6":"product_cat-otroski","7":"product_cat-nogometni-dresi-bayern-munich","8":"product_tag-andre-onana-dresi","9":"product_tag-nogometni-dresi","10":"product_tag-nogometni-dresi-manchester-united-za-otroke","11":"product_tag-nogometni-dresi-trgovina","12":"product_tag-otroski-dresi-manchester-united-z-lastnim-imenom","13":"product_tag-otroski-nogometni-dresi-manchester-united","14":"product_tag-poceni-nogometni-dresi-kompleti","15":"product_tag-poceni-nogometni-dresi-za-otroke","16":"product_tag-slovenski-nogometni-dresi","18":"first","19":"instock","20":"shipping-taxable","21":"purchasable","22":"product-type-variable"},"_links":{"self":[{"href":"https:\/\/www.nogometnizaotroke.com\/en\/wp-json\/wp\/v2\/product\/20726","targetHints":{"allow":["GET"]}}],"collection":[{"href":"https:\/\/www.nogometnizaotroke.com\/en\/wp-json\/wp\/v2\/product"}],"about":[{"href":"https:\/\/www.nogometnizaotroke.com\/en\/wp-json\/wp\/v2\/types\/product"}],"replies":[{"embeddable":true,"href":"https:\/\/www.nogometnizaotroke.com\/en\/wp-json\/wp\/v2\/comments?post=20726"}],"wp:featuredmedia":[{"embeddable":true,"href":"https:\/\/www.nogometnizaotroke.com\/en\/wp-json\/wp\/v2\/media\/23821"}],"wp:attachment":[{"href":"https:\/\/www.nogometnizaotroke.com\/en\/wp-json\/wp\/v2\/media?parent=20726"}],"wp:term":[{"taxonomy":"product_brand","embeddable":true,"href":"https:\/\/www.nogometnizaotroke.com\/en\/wp-json\/wp\/v2\/product_brand?post=20726"},{"taxonomy":"product_cat","embeddable":true,"href":"https:\/\/www.nogometnizaotroke.com\/en\/wp-json\/wp\/v2\/product_cat?post=20726"},{"taxonomy":"product_tag","embeddable":true,"href":"https:\/\/www.nogometnizaotroke.com\/en\/wp-json\/wp\/v2\/product_tag?post=20726"}],"curies":[{"name":"wp","href":"https:\/\/api.w.org\/{rel}","templated":true}]}}