{"id":20636,"date":"2024-11-22T02:35:52","date_gmt":"2024-11-22T02:35:52","guid":{"rendered":"https:\/\/www.nogometnionline.com\/?post_type=product&#038;p=20636"},"modified":"2024-11-22T02:35:55","modified_gmt":"2024-11-22T02:35:55","slug":"otroski-nogometni-dresi-kompleti-fc-bayern-munich-domaci-2024-25-konrad-laimer-27","status":"publish","type":"product","link":"https:\/\/www.nogometnizaotroke.com\/en\/product\/otroski-nogometni-dresi-kompleti-fc-bayern-munich-domaci-2024-25-konrad-laimer-27\/","title":{"rendered":"Kids Soccer Jerseys Kits FC Bayern Munich Home 2024-25 Konrad Laimer 27"},"content":{"rendered":"<p>FC Bayern Munich The 2024-25 home jerseys are a tribute to the identity, emotion and drama of the game we love. Three shades of red cover the jersey, with deeper red on the crest and sponsors. Continuing the three themes, this season's kit takes on a subtle homage to the club's triple-winning ways - it has won the Bundesliga, the DFB-Pokal and the UEFA Champions League - a feat no other club has ever achieved.<\/p>\n<p>Tips for socks: the T-shirt does not include socks by default. If you want socks, select the sock options to pay for them.<\/p>\n<p>Printing tip: If the name and number in the image are exactly what you want, you don't need to enter it again. If it is not, then enter the name and number you want.<\/p>\n<p>Washing tip: It is recommended to hand wash football jerseys. If you want to use a washing machine, remember to turn the jersey over and then wash it. And fill the machine with cold water and use a gentle wash cycle to protect the colours more.<\/p>","protected":false},"excerpt":{"rendered":"<p>FC Bayern Munich Doma\u010di 2024-25 dresi so poklon identiteti, \u010dustvom in drami igre, ki jo imamo radi. Trije odtenki rde\u010de prekrivajo dres, z globljo rde\u010do na grbu in sponzorjih. V nadaljevanju treh tem komplet to sezono prevzame subtilen poklon klubskim na\u010dinom osvajanja trojnih zmagovalk \u2013 osvojil je Bundesligo, DFB-Pokal in UEFA Ligo prvakov \u2013 podvig, [&hellip;]<\/p>","protected":false},"featured_media":20638,"comment_status":"open","ping_status":"closed","template":"","meta":[],"product_brand":[],"product_cat":[73,40],"product_tag":[881,1512,153,882,159,560,148,374,315,147],"class_list":{"0":"post-20636","1":"product","2":"type-product","3":"status-publish","4":"has-post-thumbnail","6":"product_cat-otroski","7":"product_cat-nogometni-dresi-bayern-munich","8":"product_tag-dresi-bayern-munich-za-otroski","9":"product_tag-konrad-laimer-dresi","10":"product_tag-nogometni-dresi","11":"product_tag-nogometni-dresi-bayern-munich-za-otroski-z-lastnim-tiskom","12":"product_tag-otroski-nogometni-dresi","13":"product_tag-otroski-nogometni-dresi-bayern-munich-z-lastnim-imenom","14":"product_tag-poceni-nogometni-dresi","15":"product_tag-poceni-nogometni-dresi-bayern-munich-z-lastnim-imenom-online","16":"product_tag-poceni-otroski-nogometni-dresi-bayern-munich-z-lastnim-imenom","17":"product_tag-slovenski-nogometni-dresi","19":"first","20":"instock","21":"shipping-taxable","22":"purchasable","23":"product-type-variable"},"_links":{"self":[{"href":"https:\/\/www.nogometnizaotroke.com\/en\/wp-json\/wp\/v2\/product\/20636","targetHints":{"allow":["GET"]}}],"collection":[{"href":"https:\/\/www.nogometnizaotroke.com\/en\/wp-json\/wp\/v2\/product"}],"about":[{"href":"https:\/\/www.nogometnizaotroke.com\/en\/wp-json\/wp\/v2\/types\/product"}],"replies":[{"embeddable":true,"href":"https:\/\/www.nogometnizaotroke.com\/en\/wp-json\/wp\/v2\/comments?post=20636"}],"wp:featuredmedia":[{"embeddable":true,"href":"https:\/\/www.nogometnizaotroke.com\/en\/wp-json\/wp\/v2\/media\/20638"}],"wp:attachment":[{"href":"https:\/\/www.nogometnizaotroke.com\/en\/wp-json\/wp\/v2\/media?parent=20636"}],"wp:term":[{"taxonomy":"product_brand","embeddable":true,"href":"https:\/\/www.nogometnizaotroke.com\/en\/wp-json\/wp\/v2\/product_brand?post=20636"},{"taxonomy":"product_cat","embeddable":true,"href":"https:\/\/www.nogometnizaotroke.com\/en\/wp-json\/wp\/v2\/product_cat?post=20636"},{"taxonomy":"product_tag","embeddable":true,"href":"https:\/\/www.nogometnizaotroke.com\/en\/wp-json\/wp\/v2\/product_tag?post=20636"}],"curies":[{"name":"wp","href":"https:\/\/api.w.org\/{rel}","templated":true}]}}