{"id":20511,"date":"2024-11-20T02:59:01","date_gmt":"2024-11-20T02:59:01","guid":{"rendered":"https:\/\/www.nogometnionline.com\/?post_type=product&#038;p=20511"},"modified":"2024-11-20T02:59:03","modified_gmt":"2024-11-20T02:59:03","slug":"otroski-nogometni-dresi-kompleti-za-otroke-atletico-madrid-gostujoci-2024-25-conor-gallagher-4","status":"publish","type":"product","link":"https:\/\/www.nogometnizaotroke.com\/en\/product\/otroski-nogometni-dresi-kompleti-za-otroke-atletico-madrid-gostujoci-2024-25-conor-gallagher-4\/","title":{"rendered":"Kids Soccer Jerseys Kits for Kids Atletico Madrid Away 2024-25 Conor Gallagher 4"},"content":{"rendered":"<p>Navdih za oblikovalske izhodi\u0161\u010da gostujo\u010di dres Atl\u00e9tico Madrid 2024\/25 je ikoni\u010dni Neptunov vodnjak, cenjeno zbirali\u0161\u010de navija\u010dev Atletica, ki proslavljajo zmagoslavje svoje ekipe. Ta izbira teme je povezana z bogato zgodovino kluba, \u0161e posebej obuja spomine na pomembno sezono 1995\/96, ko je Atl\u00e9tico dosegel impresiven doma\u010di dvojni zmagovalec.Notranjost ovratnika ima osupljiv rde\u010d trizob, zna\u010dilno Neptunovo oro\u017eje, natisnjen kot skriti emblem.<\/p>\n<p>Tips for socks: the T-shirt does not include socks by default. If you want socks, select the sock options to pay for them.<\/p>\n<p>Printing tip: If the name and number in the image are exactly what you want, you don't need to enter it again. If it is not, then enter the name and number you want.<\/p>\n<p>Washing tip: It is recommended to hand wash football jerseys. If you want to use a washing machine, remember to turn the jersey over and then wash it. And fill the machine with cold water and use a gentle wash cycle to protect the colours more.<\/p>","protected":false},"excerpt":{"rendered":"<p>Navdih za oblikovalske izhodi\u0161\u010da gostujo\u010di dres Atl\u00e9tico Madrid 2024\/25 je ikoni\u010dni Neptunov vodnjak, cenjeno zbirali\u0161\u010de navija\u010dev Atletica, ki proslavljajo zmagoslavje svoje ekipe. Ta izbira teme je povezana z bogato zgodovino kluba, \u0161e posebej obuja spomine na pomembno sezono 1995\/96, ko je Atl\u00e9tico dosegel impresiven doma\u010di dvojni zmagovalec.Notranjost ovratnika ima osupljiv rde\u010d trizob, zna\u010dilno Neptunovo oro\u017eje, [&hellip;]<\/p>","protected":false},"featured_media":20513,"comment_status":"open","ping_status":"closed","template":"","meta":[],"product_brand":[],"product_cat":[73,41],"product_tag":[974,999,153,220,1000,159,998,148,147],"class_list":{"0":"post-20511","1":"product","2":"type-product","3":"status-publish","4":"has-post-thumbnail","6":"product_cat-otroski","7":"product_cat-nogometni-dresi-atletico-madrid","8":"product_tag-conor-gallagher-dresi","9":"product_tag-dresi-atletico-madrid-za-otroke","10":"product_tag-nogometni-dresi","11":"product_tag-nogometni-dresi-za-otroke","12":"product_tag-otroski-dresi-atletico-madrid-z-lastnim-imenom","13":"product_tag-otroski-nogometni-dresi","14":"product_tag-otroski-nogometni-dresi-atletico-madrid","15":"product_tag-poceni-nogometni-dresi","16":"product_tag-slovenski-nogometni-dresi","18":"first","19":"instock","20":"shipping-taxable","21":"purchasable","22":"product-type-variable"},"_links":{"self":[{"href":"https:\/\/www.nogometnizaotroke.com\/en\/wp-json\/wp\/v2\/product\/20511","targetHints":{"allow":["GET"]}}],"collection":[{"href":"https:\/\/www.nogometnizaotroke.com\/en\/wp-json\/wp\/v2\/product"}],"about":[{"href":"https:\/\/www.nogometnizaotroke.com\/en\/wp-json\/wp\/v2\/types\/product"}],"replies":[{"embeddable":true,"href":"https:\/\/www.nogometnizaotroke.com\/en\/wp-json\/wp\/v2\/comments?post=20511"}],"wp:featuredmedia":[{"embeddable":true,"href":"https:\/\/www.nogometnizaotroke.com\/en\/wp-json\/wp\/v2\/media\/20513"}],"wp:attachment":[{"href":"https:\/\/www.nogometnizaotroke.com\/en\/wp-json\/wp\/v2\/media?parent=20511"}],"wp:term":[{"taxonomy":"product_brand","embeddable":true,"href":"https:\/\/www.nogometnizaotroke.com\/en\/wp-json\/wp\/v2\/product_brand?post=20511"},{"taxonomy":"product_cat","embeddable":true,"href":"https:\/\/www.nogometnizaotroke.com\/en\/wp-json\/wp\/v2\/product_cat?post=20511"},{"taxonomy":"product_tag","embeddable":true,"href":"https:\/\/www.nogometnizaotroke.com\/en\/wp-json\/wp\/v2\/product_tag?post=20511"}],"curies":[{"name":"wp","href":"https:\/\/api.w.org\/{rel}","templated":true}]}}