{"id":20447,"date":"2024-11-19T03:18:31","date_gmt":"2024-11-19T03:18:31","guid":{"rendered":"https:\/\/www.nogometnionline.com\/?post_type=product&#038;p=20447"},"modified":"2025-04-16T08:27:35","modified_gmt":"2025-04-16T08:27:35","slug":"otroski-nogometni-dresi-kompleti-za-otroke-atletico-madrid-domaci-2024-25-conor-gallagher-4","status":"publish","type":"product","link":"https:\/\/www.nogometnizaotroke.com\/en\/product\/otroski-nogometni-dresi-kompleti-za-otroke-atletico-madrid-domaci-2024-25-conor-gallagher-4\/","title":{"rendered":"Kids Soccer Jerseys for Kids Barcelona Goalkeeper Home 2024-25"},"content":{"rendered":"<p>Novi nogometni dres Atl\u00e9tico de Madrid 2024-25 ima edinstven pogled na klasi\u010dne rde\u010de-bele \u010drte kluba. Dres Atl\u00e9tico Madrid 24-25 je ve\u010dinoma rde\u010d z edinstvenimi belimi \u010drtami in modro obrobo na zunanji strani. Znotraj \u010drt se izmenjujejo modre in rde\u010de \u010drte z u\u010dinkom bledenja, ki ustvarjajo edinstven videz.<\/p>\n<p>Majica za doma\u010di nogomet Atleti Madrid dres 24-2025 ima kraljevsko moder logotip z belim robom. Ikoni\u010dni logotip Atl\u00e9tica se vrne na doma\u010di dres Atl\u00e9tico Madrid 24-25, potem ko so \u010dlani glasovali za vrnitev. Ima tudi rumeno obrobo starega grebena.<\/p>\n<p>Tips for socks: the T-shirt does not include socks by default. If you want socks, select the sock options to pay for them.<\/p>\n<p>Printing tip: If the name and number in the image are exactly what you want, you don't need to enter it again. If it is not, then enter the name and number you want.<\/p>\n<p>Washing tip: It is recommended to hand wash football jerseys. If you want to use a washing machine, remember to turn the jersey over and then wash it. And fill the machine with cold water and use a gentle wash cycle to protect the colours more.<\/p>","protected":false},"excerpt":{"rendered":"<p>Novi nogometni dres Atl\u00e9tico de Madrid 2024-25 ima edinstven pogled na klasi\u010dne rde\u010de-bele \u010drte kluba. Dres Atl\u00e9tico Madrid 24-25 je ve\u010dinoma rde\u010d z edinstvenimi belimi \u010drtami in modro obrobo na zunanji strani. Znotraj \u010drt se izmenjujejo modre in rde\u010de \u010drte z u\u010dinkom bledenja, ki ustvarjajo edinstven videz. Majica za doma\u010di nogomet Atleti Madrid dres 24-2025 [&hellip;]<\/p>","protected":false},"featured_media":23810,"comment_status":"open","ping_status":"closed","template":"","meta":[],"product_brand":[],"product_cat":[73,34],"product_tag":[1695,837,993,159,148,161,147],"class_list":{"0":"post-20447","1":"product","2":"type-product","3":"status-publish","4":"has-post-thumbnail","6":"product_cat-otroski","7":"product_cat-nogometni-dresi-barcelona","8":"product_tag-dresi-barcelona-za-otroski","9":"product_tag-dresi-za-nogomet","10":"product_tag-otroski-dresi-barcelona-z-lastnim-imenom","11":"product_tag-otroski-nogometni-dresi","12":"product_tag-poceni-nogometni-dresi","13":"product_tag-poceni-nogometni-dresi-barcelona-z-lastnim-imenom-online","14":"product_tag-slovenski-nogometni-dresi","16":"first","17":"instock","18":"shipping-taxable","19":"purchasable","20":"product-type-variable"},"_links":{"self":[{"href":"https:\/\/www.nogometnizaotroke.com\/en\/wp-json\/wp\/v2\/product\/20447","targetHints":{"allow":["GET"]}}],"collection":[{"href":"https:\/\/www.nogometnizaotroke.com\/en\/wp-json\/wp\/v2\/product"}],"about":[{"href":"https:\/\/www.nogometnizaotroke.com\/en\/wp-json\/wp\/v2\/types\/product"}],"replies":[{"embeddable":true,"href":"https:\/\/www.nogometnizaotroke.com\/en\/wp-json\/wp\/v2\/comments?post=20447"}],"wp:featuredmedia":[{"embeddable":true,"href":"https:\/\/www.nogometnizaotroke.com\/en\/wp-json\/wp\/v2\/media\/23810"}],"wp:attachment":[{"href":"https:\/\/www.nogometnizaotroke.com\/en\/wp-json\/wp\/v2\/media?parent=20447"}],"wp:term":[{"taxonomy":"product_brand","embeddable":true,"href":"https:\/\/www.nogometnizaotroke.com\/en\/wp-json\/wp\/v2\/product_brand?post=20447"},{"taxonomy":"product_cat","embeddable":true,"href":"https:\/\/www.nogometnizaotroke.com\/en\/wp-json\/wp\/v2\/product_cat?post=20447"},{"taxonomy":"product_tag","embeddable":true,"href":"https:\/\/www.nogometnizaotroke.com\/en\/wp-json\/wp\/v2\/product_tag?post=20447"}],"curies":[{"name":"wp","href":"https:\/\/api.w.org\/{rel}","templated":true}]}}