{"id":20198,"date":"2024-11-16T09:11:40","date_gmt":"2024-11-16T09:11:40","guid":{"rendered":"https:\/\/www.nogometnionline.com\/?post_type=product&#038;p=20198"},"modified":"2024-11-16T09:11:44","modified_gmt":"2024-11-16T09:11:44","slug":"otroski-nogometni-dresi-za-otroke-paris-saint-germain-psg-tretji-2024-25-lucas-hernandez-21","status":"publish","type":"product","link":"https:\/\/www.nogometnizaotroke.com\/en\/product\/otroski-nogometni-dresi-za-otroke-paris-saint-germain-psg-tretji-2024-25-lucas-hernandez-21\/","title":{"rendered":"Kids Soccer Jerseys for Kids Paris Saint-Germain PSG Third 2024-25 Lucas Hernandez 21"},"content":{"rendered":"<p>Tretji dres PSG 24-25 ima povezovalno temo, ki se osredoto\u010da na vzpon \u017eenskega nogometa. Logotip, ki spreminja barvo na sprednji strani, simbolizira povezavo med obema ekipama in predstavlja rasto\u010de gibanje v nogometu. Novi dres utele\u0161a sporo\u010dilo \u201cTogether We Rise\u201d \u2013 naklon napredku in krepitvi mo\u010di v nogometu.\u201dNovo Tretji Nogometni dresi PSG 2024-25 je ve\u010dinoma \u201crjavo ro\u017enata\u201d v kombinaciji s \u010drnimi poudarki. Poleg barvne sheme obstajata \u0161e dva elementa, zaradi katerih PSG 24-25 third izstopa. Logotipi in sredinska \u010drta.<\/p>\n<p>Tips for socks: the T-shirt does not include socks by default. If you want socks, select the sock options to pay for them.<\/p>\n<p>Printing tip: If the name and number in the image are exactly what you want, you don't need to enter it again. If it is not, then enter the name and number you want.<\/p>\n<p>Washing tip: It is recommended to hand wash football jerseys. If you want to use a washing machine, remember to turn the jersey over and then wash it. And fill the machine with cold water and use a gentle wash cycle to protect the colours more.<\/p>","protected":false},"excerpt":{"rendered":"<p>Tretji dres PSG 24-25 ima povezovalno temo, ki se osredoto\u010da na vzpon \u017eenskega nogometa. Logotip, ki spreminja barvo na sprednji strani, simbolizira povezavo med obema ekipama in predstavlja rasto\u010de gibanje v nogometu. Novi dres utele\u0161a sporo\u010dilo \u201cTogether We Rise\u201d \u2013 naklon napredku in krepitvi mo\u010di v nogometu.\u201dNovo Tretji Nogometni dresi PSG 2024-25 je ve\u010dinoma \u201crjavo [&hellip;]<\/p>","protected":false},"featured_media":20200,"comment_status":"open","ping_status":"closed","template":"","meta":[],"product_brand":[],"product_cat":[73,37],"product_tag":[1494,153,159,155,148,149,273,753],"class_list":{"0":"post-20198","1":"product","2":"type-product","3":"status-publish","4":"has-post-thumbnail","6":"product_cat-otroski","7":"product_cat-nogometni-dresi-psg","8":"product_tag-lucas-hernandez-dresi","9":"product_tag-nogometni-dresi","10":"product_tag-otroski-nogometni-dresi","11":"product_tag-paris-saint-germain-psg-dres","12":"product_tag-poceni-nogometni-dresi","13":"product_tag-poceni-nogometni-dresi-psg-z-lastnim-imenom-online","14":"product_tag-poceni-otroski-nogometni-dresi-psg-z-lastnim-imenom","15":"product_tag-psg-dresi-2024","17":"first","18":"instock","19":"shipping-taxable","20":"purchasable","21":"product-type-variable"},"_links":{"self":[{"href":"https:\/\/www.nogometnizaotroke.com\/en\/wp-json\/wp\/v2\/product\/20198","targetHints":{"allow":["GET"]}}],"collection":[{"href":"https:\/\/www.nogometnizaotroke.com\/en\/wp-json\/wp\/v2\/product"}],"about":[{"href":"https:\/\/www.nogometnizaotroke.com\/en\/wp-json\/wp\/v2\/types\/product"}],"replies":[{"embeddable":true,"href":"https:\/\/www.nogometnizaotroke.com\/en\/wp-json\/wp\/v2\/comments?post=20198"}],"wp:featuredmedia":[{"embeddable":true,"href":"https:\/\/www.nogometnizaotroke.com\/en\/wp-json\/wp\/v2\/media\/20200"}],"wp:attachment":[{"href":"https:\/\/www.nogometnizaotroke.com\/en\/wp-json\/wp\/v2\/media?parent=20198"}],"wp:term":[{"taxonomy":"product_brand","embeddable":true,"href":"https:\/\/www.nogometnizaotroke.com\/en\/wp-json\/wp\/v2\/product_brand?post=20198"},{"taxonomy":"product_cat","embeddable":true,"href":"https:\/\/www.nogometnizaotroke.com\/en\/wp-json\/wp\/v2\/product_cat?post=20198"},{"taxonomy":"product_tag","embeddable":true,"href":"https:\/\/www.nogometnizaotroke.com\/en\/wp-json\/wp\/v2\/product_tag?post=20198"}],"curies":[{"name":"wp","href":"https:\/\/api.w.org\/{rel}","templated":true}]}}