{"id":20041,"date":"2024-11-13T03:13:53","date_gmt":"2024-11-13T03:13:53","guid":{"rendered":"https:\/\/www.nogometnionline.com\/?post_type=product&#038;p=20041"},"modified":"2024-11-13T03:13:58","modified_gmt":"2024-11-13T03:13:58","slug":"otroski-nogometni-dresi-kompleti-za-otroke-inter-milan-domaci-2024-25-hakan-calhanoglu-20","status":"publish","type":"product","link":"https:\/\/www.nogometnizaotroke.com\/en\/product\/otroski-nogometni-dresi-kompleti-za-otroke-inter-milan-domaci-2024-25-hakan-calhanoglu-20\/","title":{"rendered":"Otro\u0161ki Nogometni Dresi Kompleti za otroke Inter Milan Doma\u010di 2024-25 Hakan Calhanoglu 20"},"content":{"rendered":"<p>Nova zasnova dresov Inter Milan se poklanja Inter bogati dedi\u0161\u010dini, hkrati pa pogumno sprejema prihodnost, vklju\u010duje pa ironi\u010dno troboj no zna\u010dko in prvi\u010d doslej za\u017eeleno drugo zvezdico. Ta zvezda simbolizira izjemen dose\u017eek kluba, ko je v prej\u0161nji sezoni osvojil svoj dvajseti naslov v Serie A, podvig, ki je navdihnil celotno kampanjo za blan\u0161iranje.Razkritje doma\u010de opreme Inter Milan 24\/25 je osredoto\u010deno na temo ustvarjalnega procesa, ki vle\u010de vzporednice med zvezdami, ki krasijo majico, in razli\u010dnimi umetni\u0161kimi interpretacijami zvezd, ki so jih o\u017eiveli izku\u0161eni rokodelci. Od zapletenih skulptur do osupljivih Tatijev, glavni videoposnetek, ki spremlja blan\u0161iranje, prikazuje razli\u010dne na\u010dine, na katere je bil motiv zvezde prenovljen, s poudarkom na povezanosti kluba z \u017eivahno ustvarjalno skupnostjo Milana.<\/p>\n<p>V skladu s tradicijo ima novi Inter doma\u010di dres klasi\u010dne \u010drne in modre \u010drte, ki so \u017ee dolgo povezane z milanskim Inter. Vendar so te \u010drte dobile sodoben pridih z dinami\u010dno interpretacijo, ki sega od srajce do kratkih hla\u010d. Ta spoj klasi\u010dnih elementov s sodobnim dizajnom odra\u017ea etos Inter Milan in samega mesta \u2013 subjektov, ki spo\u0161tujejo svojo zgodovino in hkrati nenehno premikajo meje inovacij. Komplet je izdelan z vrhunsko tehnologijo Dri-FIT ADV, ki zagotavlja, da igralci med intenzivnimi tekmami ostanejo hladni, udobni in suhi.<\/p>\n<p>Tips for socks: the T-shirt does not include socks by default. If you want socks, select the sock options to pay for them.<\/p>\n<p>Printing tip: If the name and number in the image are exactly what you want, you don't need to enter it again. If it is not, then enter the name and number you want.<\/p>\n<p>Washing tip: It is recommended to hand wash football jerseys. If you want to use a washing machine, remember to turn the jersey over and then wash it. And fill the machine with cold water and use a gentle wash cycle to protect the colours more.<\/p>","protected":false},"excerpt":{"rendered":"<p>Nova zasnova dresov Inter Milan se poklanja Inter bogati dedi\u0161\u010dini, hkrati pa pogumno sprejema prihodnost, vklju\u010duje pa ironi\u010dno troboj no zna\u010dko in prvi\u010d doslej za\u017eeleno drugo zvezdico. Ta zvezda simbolizira izjemen dose\u017eek kluba, ko je v prej\u0161nji sezoni osvojil svoj dvajseti naslov v Serie A, podvig, ki je navdihnil celotno kampanjo za blan\u0161iranje.Razkritje doma\u010de opreme [&hellip;]<\/p>","protected":false},"featured_media":20043,"comment_status":"open","ping_status":"closed","template":"","meta":[],"product_brand":[],"product_cat":[73,47],"product_tag":[1228,1482,153,480,479,1229,1227,148,197,147],"class_list":{"0":"post-20041","1":"product","2":"type-product","3":"status-publish","4":"has-post-thumbnail","6":"product_cat-otroski","7":"product_cat-nogometni-dresi-inter-milan","8":"product_tag-dresi-inter-milan-za-otroke","9":"product_tag-hakan-calhanoglu-dresi","10":"product_tag-nogometni-dresi","11":"product_tag-nogometni-dresi-inter-milan-prodaja","12":"product_tag-nogometni-dresi-inter-milan-z-lastnim-tiskom","13":"product_tag-otroski-dresi-inter-milan-z-lastnim-imenom","14":"product_tag-otroski-nogometni-dresi-inter-milan","15":"product_tag-poceni-nogometni-dresi","16":"product_tag-poceni-nogometni-dresi-inter-milan-z-lastnim-imenom-online","17":"product_tag-slovenski-nogometni-dresi","19":"first","20":"instock","21":"shipping-taxable","22":"purchasable","23":"product-type-variable"},"_links":{"self":[{"href":"https:\/\/www.nogometnizaotroke.com\/en\/wp-json\/wp\/v2\/product\/20041","targetHints":{"allow":["GET"]}}],"collection":[{"href":"https:\/\/www.nogometnizaotroke.com\/en\/wp-json\/wp\/v2\/product"}],"about":[{"href":"https:\/\/www.nogometnizaotroke.com\/en\/wp-json\/wp\/v2\/types\/product"}],"replies":[{"embeddable":true,"href":"https:\/\/www.nogometnizaotroke.com\/en\/wp-json\/wp\/v2\/comments?post=20041"}],"wp:featuredmedia":[{"embeddable":true,"href":"https:\/\/www.nogometnizaotroke.com\/en\/wp-json\/wp\/v2\/media\/20043"}],"wp:attachment":[{"href":"https:\/\/www.nogometnizaotroke.com\/en\/wp-json\/wp\/v2\/media?parent=20041"}],"wp:term":[{"taxonomy":"product_brand","embeddable":true,"href":"https:\/\/www.nogometnizaotroke.com\/en\/wp-json\/wp\/v2\/product_brand?post=20041"},{"taxonomy":"product_cat","embeddable":true,"href":"https:\/\/www.nogometnizaotroke.com\/en\/wp-json\/wp\/v2\/product_cat?post=20041"},{"taxonomy":"product_tag","embeddable":true,"href":"https:\/\/www.nogometnizaotroke.com\/en\/wp-json\/wp\/v2\/product_tag?post=20041"}],"curies":[{"name":"wp","href":"https:\/\/api.w.org\/{rel}","templated":true}]}}