{"id":19770,"date":"2024-11-08T09:29:23","date_gmt":"2024-11-08T09:29:23","guid":{"rendered":"https:\/\/www.nogometnionline.com\/?post_type=product&#038;p=19770"},"modified":"2024-11-08T09:29:27","modified_gmt":"2024-11-08T09:29:27","slug":"otroski-nogometni-dresi-kompleti-za-otroke-juventus-tretji-2024-25-federico-gatti-4","status":"publish","type":"product","link":"https:\/\/www.nogometnizaotroke.com\/en\/product\/otroski-nogometni-dresi-kompleti-za-otroke-juventus-tretji-2024-25-federico-gatti-4\/","title":{"rendered":"Otro\u0161ki Nogometni dresi kompleti za otroke Juventus Tretji 2024-25 Federico Gatti 4"},"content":{"rendered":"<p>Novi Otro\u0161ki tretji dres Juventus FC 24-25 je prete\u017eno antraciten z zlatimi logotipi.Najbolj zanimiva lastnost tretji dresi Juventus FC 24-25 je videz logotipa Trefoil in grba Juventus zebra. To prina\u0161a klasiko in nostalgijo v tretji dres Juventus 24-25.<\/p>\n<p>Tips for socks: the T-shirt does not include socks by default. If you want socks, select the sock options to pay for them.<\/p>\n<p>Printing tip: If the name and number in the image are exactly what you want, you don't need to enter it again. If it is not, then enter the name and number you want.<\/p>\n<p>Washing tip: It is recommended to hand wash football jerseys. If you want to use a washing machine, remember to turn the jersey over and then wash it. And fill the machine with cold water and use a gentle wash cycle to protect the colours more.<\/p>","protected":false},"excerpt":{"rendered":"<p>Novi Otro\u0161ki tretji dres Juventus FC 24-25 je prete\u017eno antraciten z zlatimi logotipi.Najbolj zanimiva lastnost tretji dresi Juventus FC 24-25 je videz logotipa Trefoil in grba Juventus zebra. To prina\u0161a klasiko in nostalgijo v tretji dres Juventus 24-25. Nasveti za nogavice: Majica ne vsebuje nogavic privzeto. \u010ce \u017eelite nogavice, izberite mo\u017enosti nogavic, da jih pla\u010date. [&hellip;]<\/p>","protected":false},"featured_media":19772,"comment_status":"open","ping_status":"closed","template":"","meta":[],"product_brand":[],"product_cat":[73,36],"product_tag":[1092,1466,220,1093,159,1091,148,198,373,147],"class_list":{"0":"post-19770","1":"product","2":"type-product","3":"status-publish","4":"has-post-thumbnail","6":"product_cat-otroski","7":"product_cat-nogometni-dresi-juventus","8":"product_tag-dresi-juventus-za-otroke","9":"product_tag-federico-gatti-dresi","10":"product_tag-nogometni-dresi-za-otroke","11":"product_tag-otroski-dresi-juventus-z-lastnim-imenom","12":"product_tag-otroski-nogometni-dresi","13":"product_tag-otroski-nogometni-dresi-juventus","14":"product_tag-poceni-nogometni-dresi","15":"product_tag-poceni-nogometni-dresi-juventus-z-lastnim-imenom-online","16":"product_tag-poceni-otroski-nogometni-dresi-juventus-z-lastnim-imenom","17":"product_tag-slovenski-nogometni-dresi","19":"first","20":"instock","21":"shipping-taxable","22":"purchasable","23":"product-type-variable"},"_links":{"self":[{"href":"https:\/\/www.nogometnizaotroke.com\/en\/wp-json\/wp\/v2\/product\/19770","targetHints":{"allow":["GET"]}}],"collection":[{"href":"https:\/\/www.nogometnizaotroke.com\/en\/wp-json\/wp\/v2\/product"}],"about":[{"href":"https:\/\/www.nogometnizaotroke.com\/en\/wp-json\/wp\/v2\/types\/product"}],"replies":[{"embeddable":true,"href":"https:\/\/www.nogometnizaotroke.com\/en\/wp-json\/wp\/v2\/comments?post=19770"}],"wp:featuredmedia":[{"embeddable":true,"href":"https:\/\/www.nogometnizaotroke.com\/en\/wp-json\/wp\/v2\/media\/19772"}],"wp:attachment":[{"href":"https:\/\/www.nogometnizaotroke.com\/en\/wp-json\/wp\/v2\/media?parent=19770"}],"wp:term":[{"taxonomy":"product_brand","embeddable":true,"href":"https:\/\/www.nogometnizaotroke.com\/en\/wp-json\/wp\/v2\/product_brand?post=19770"},{"taxonomy":"product_cat","embeddable":true,"href":"https:\/\/www.nogometnizaotroke.com\/en\/wp-json\/wp\/v2\/product_cat?post=19770"},{"taxonomy":"product_tag","embeddable":true,"href":"https:\/\/www.nogometnizaotroke.com\/en\/wp-json\/wp\/v2\/product_tag?post=19770"}],"curies":[{"name":"wp","href":"https:\/\/api.w.org\/{rel}","templated":true}]}}