{"id":19607,"date":"2024-11-06T08:18:27","date_gmt":"2024-11-06T08:18:27","guid":{"rendered":"https:\/\/www.nogometnionline.com\/?post_type=product&#038;p=19607"},"modified":"2024-11-06T08:18:32","modified_gmt":"2024-11-06T08:18:32","slug":"moski-nogometni-dresi-kompleti-barcelona-gostujoci-2024-25-andreas-christensen-15","status":"publish","type":"product","link":"https:\/\/www.nogometnizaotroke.com\/en\/product\/moski-nogometni-dresi-kompleti-barcelona-gostujoci-2024-25-andreas-christensen-15\/","title":{"rendered":"Men's Soccer Jerseys Kits Barcelona Away 2024-25 Andreas Christensen 15"},"content":{"rendered":"<p>The away jersey kits Barcelona 2024-25 returns in the main black colour. This is the club's first black jersey since the black and gold jersey in the 2020-21 season.The black away kit 24-25 focuses on the club colours. Both the collar and the side stripes are in the club colours of the Blaugrana.What makes the Barcelona 24-25 away jersey even more special are the Swoosh and the crest. Both are black tone-on-tone, surrounded by a red\/blue overlay.<\/p>\n<p>Tips for socks: the T-shirt does not include socks by default. If you want socks, select the sock options to pay for them.<\/p>\n<p>Printing tip: If the name and number in the image are exactly what you want, you don't need to enter it again. If it is not, then enter the name and number you want.<\/p>\n<p>Washing tip: It is recommended to hand wash football jerseys. If you want to use a washing machine, remember to turn the jersey over and then wash it. And fill the machine with cold water and use a gentle wash cycle to protect the colours more.<\/p>","protected":false},"excerpt":{"rendered":"<p>Gostujo\u010di dresi kompleti Barcelona 2024-25 se vra\u010da v glavno \u010drno barvo. To je prvi \u010drni dres kluba po \u010drno-zlatem dresu v sezoni 2020-21.Pri \u010drnem gostujo\u010dem dresu 24-25 se osredoto\u010da na klubske barve. Tako ovratnik kot stranske \u010drte so v klubskih barvah Blaugrana.Zaradi \u010desar je gostujo\u010di dres Barcelone 24-25 \u0161e bolj poseben, sta Swoosh in grb. [&hellip;]<\/p>","protected":false},"featured_media":19609,"comment_status":"open","ping_status":"closed","template":"","meta":[],"product_brand":[],"product_cat":[140,34],"product_tag":[843,1056,150,153,1053,148,1052,161,147],"class_list":{"0":"post-19607","1":"product","2":"type-product","3":"status-publish","4":"has-post-thumbnail","6":"product_cat-moski","7":"product_cat-nogometni-dresi-barcelona","8":"product_tag-2024-25-nogometni-dresi","9":"product_tag-andreas-christensen-dresi","10":"product_tag-moski-nogometni-dresi","11":"product_tag-nogometni-dresi","12":"product_tag-nogometni-dresi-barcelona-z-lastnim-imenom","13":"product_tag-poceni-nogometni-dresi","14":"product_tag-poceni-nogometni-dresi-barcelona","15":"product_tag-poceni-nogometni-dresi-barcelona-z-lastnim-imenom-online","16":"product_tag-slovenski-nogometni-dresi","18":"first","19":"instock","20":"shipping-taxable","21":"purchasable","22":"product-type-variable"},"_links":{"self":[{"href":"https:\/\/www.nogometnizaotroke.com\/en\/wp-json\/wp\/v2\/product\/19607","targetHints":{"allow":["GET"]}}],"collection":[{"href":"https:\/\/www.nogometnizaotroke.com\/en\/wp-json\/wp\/v2\/product"}],"about":[{"href":"https:\/\/www.nogometnizaotroke.com\/en\/wp-json\/wp\/v2\/types\/product"}],"replies":[{"embeddable":true,"href":"https:\/\/www.nogometnizaotroke.com\/en\/wp-json\/wp\/v2\/comments?post=19607"}],"wp:featuredmedia":[{"embeddable":true,"href":"https:\/\/www.nogometnizaotroke.com\/en\/wp-json\/wp\/v2\/media\/19609"}],"wp:attachment":[{"href":"https:\/\/www.nogometnizaotroke.com\/en\/wp-json\/wp\/v2\/media?parent=19607"}],"wp:term":[{"taxonomy":"product_brand","embeddable":true,"href":"https:\/\/www.nogometnizaotroke.com\/en\/wp-json\/wp\/v2\/product_brand?post=19607"},{"taxonomy":"product_cat","embeddable":true,"href":"https:\/\/www.nogometnizaotroke.com\/en\/wp-json\/wp\/v2\/product_cat?post=19607"},{"taxonomy":"product_tag","embeddable":true,"href":"https:\/\/www.nogometnizaotroke.com\/en\/wp-json\/wp\/v2\/product_tag?post=19607"}],"curies":[{"name":"wp","href":"https:\/\/api.w.org\/{rel}","templated":true}]}}