{"id":19281,"date":"2024-10-31T14:08:07","date_gmt":"2024-10-31T14:08:07","guid":{"rendered":"https:\/\/www.nogometnionline.com\/?post_type=product&#038;p=19281"},"modified":"2024-10-31T14:08:12","modified_gmt":"2024-10-31T14:08:12","slug":"moski-nogometni-dresi-kompleti-juventus-domaci-2024-25-timothy-weah-22","status":"publish","type":"product","link":"https:\/\/www.nogometnizaotroke.com\/en\/product\/moski-nogometni-dresi-kompleti-juventus-domaci-2024-25-timothy-weah-22\/","title":{"rendered":"Mo\u0161ki Nogometni dresi kompleti Juventus Doma\u010di 2024-25 Timothy Weah 22"},"content":{"rendered":"<p>Izstopajo\u010da zna\u010dilnost Juventus Doma\u010di 2024-25 nogometni dresi je grafika kraterja, ki spominja na zna\u010dilno pokrajino lunine povr\u0161ine. Ta edinstveni vzorec je brezhibno integriran v klasi\u010dni \u010drno-beli \u010drtasti dizajn, kar ustvarja dinami\u010dno medsebojno igro, ki pritegne poglede in razvnema domi\u0161ljijo.<\/p>\n<p>Z vklju\u010ditvijo tega lunarnega motiva daje Juventus mo\u010dno izjavo o pionirskem duhu kluba in njegovi predanosti premikanju meja tako na igri\u0161\u010du kot izven njega.Dres ima edinstveno strukturirano tkanino, natan\u010dno izdelano s 3D in\u017eenirsko metodo. Rezultat tega inovativnega pristopa je tros lojna konstrukcija, ki obla\u010dilu doda vizualno in otipljivo zanimivost. Teksturi rane podrobnosti natan\u010dno posnemajo valovito povr\u0161ino lune in zagotavljajo \u010dutno izku\u0161njo, ki presega zgolj estetiko.<\/p>\n<p>Tips for socks: the T-shirt does not include socks by default. If you want socks, select the sock options to pay for them.<\/p>\n<p>Printing tip: If the name and number in the image are exactly what you want, you don't need to enter it again. If it is not, then enter the name and number you want.<\/p>\n<p>Washing tip: It is recommended to hand wash football jerseys. If you want to use a washing machine, remember to turn the jersey over and then wash it. And fill the machine with cold water and use a gentle wash cycle to protect the colours more.<\/p>","protected":false},"excerpt":{"rendered":"<p>Izstopajo\u010da zna\u010dilnost Juventus Doma\u010di 2024-25 nogometni dresi je grafika kraterja, ki spominja na zna\u010dilno pokrajino lunine povr\u0161ine. Ta edinstveni vzorec je brezhibno integriran v klasi\u010dni \u010drno-beli \u010drtasti dizajn, kar ustvarja dinami\u010dno medsebojno igro, ki pritegne poglede in razvnema domi\u0161ljijo. Z vklju\u010ditvijo tega lunarnega motiva daje Juventus mo\u010dno izjavo o pionirskem duhu kluba in njegovi predanosti [&hellip;]<\/p>","protected":false},"featured_media":19283,"comment_status":"open","ping_status":"closed","template":"","meta":[],"product_brand":[],"product_cat":[140,36],"product_tag":[150,153,1095,148,1094,198,373,147,1451],"class_list":{"0":"post-19281","1":"product","2":"type-product","3":"status-publish","4":"has-post-thumbnail","6":"product_cat-moski","7":"product_cat-nogometni-dresi-juventus","8":"product_tag-moski-nogometni-dresi","9":"product_tag-nogometni-dresi","10":"product_tag-nogometni-dresi-juventus-z-lastnim-imenom","11":"product_tag-poceni-nogometni-dresi","12":"product_tag-poceni-nogometni-dresi-juventus","13":"product_tag-poceni-nogometni-dresi-juventus-z-lastnim-imenom-online","14":"product_tag-poceni-otroski-nogometni-dresi-juventus-z-lastnim-imenom","15":"product_tag-slovenski-nogometni-dresi","16":"product_tag-timothy-weah-dresi","18":"first","19":"instock","20":"shipping-taxable","21":"purchasable","22":"product-type-variable"},"_links":{"self":[{"href":"https:\/\/www.nogometnizaotroke.com\/en\/wp-json\/wp\/v2\/product\/19281","targetHints":{"allow":["GET"]}}],"collection":[{"href":"https:\/\/www.nogometnizaotroke.com\/en\/wp-json\/wp\/v2\/product"}],"about":[{"href":"https:\/\/www.nogometnizaotroke.com\/en\/wp-json\/wp\/v2\/types\/product"}],"replies":[{"embeddable":true,"href":"https:\/\/www.nogometnizaotroke.com\/en\/wp-json\/wp\/v2\/comments?post=19281"}],"wp:featuredmedia":[{"embeddable":true,"href":"https:\/\/www.nogometnizaotroke.com\/en\/wp-json\/wp\/v2\/media\/19283"}],"wp:attachment":[{"href":"https:\/\/www.nogometnizaotroke.com\/en\/wp-json\/wp\/v2\/media?parent=19281"}],"wp:term":[{"taxonomy":"product_brand","embeddable":true,"href":"https:\/\/www.nogometnizaotroke.com\/en\/wp-json\/wp\/v2\/product_brand?post=19281"},{"taxonomy":"product_cat","embeddable":true,"href":"https:\/\/www.nogometnizaotroke.com\/en\/wp-json\/wp\/v2\/product_cat?post=19281"},{"taxonomy":"product_tag","embeddable":true,"href":"https:\/\/www.nogometnizaotroke.com\/en\/wp-json\/wp\/v2\/product_tag?post=19281"}],"curies":[{"name":"wp","href":"https:\/\/api.w.org\/{rel}","templated":true}]}}