{"id":19206,"date":"2024-10-30T08:16:11","date_gmt":"2024-10-30T08:16:11","guid":{"rendered":"https:\/\/www.nogometnionline.com\/?post_type=product&#038;p=19206"},"modified":"2024-10-30T08:16:15","modified_gmt":"2024-10-30T08:16:15","slug":"moski-nogometni-dresi-kompleti-barcelona-tretji-2024-25-zelena-jules-kounde-23","status":"publish","type":"product","link":"https:\/\/www.nogometnizaotroke.com\/en\/product\/moski-nogometni-dresi-kompleti-barcelona-tretji-2024-25-zelena-jules-kounde-23\/","title":{"rendered":"Men's Soccer Jerseys Kits Barcelona Third 2024-25 green Jules Kounde 23"},"content":{"rendered":"<p>The third Barcelona 2024-25 jersey has a modern colour scheme. It combines light volt with blue for logos and applications. Officially, the colours are \"Barely Volt \/ Old Royal\". The third Barcelona jersey 2024-2025 is designed with the female gender symbol - the hermaphrodite, a circle above a cross.<\/p>\n<p>Tips for socks: the T-shirt does not include socks by default. If you want socks, select the sock options to pay for them.<\/p>\n<p>Printing tip: If the name and number in the image are exactly what you want, you don't need to enter it again. If it is not, then enter the name and number you want.<\/p>\n<p>Washing tip: It is recommended to hand wash football jerseys. If you want to use a washing machine, remember to turn the jersey over and then wash it. And fill the machine with cold water and use a gentle wash cycle to protect the colours more.<\/p>","protected":false},"excerpt":{"rendered":"<p>Tretji dres Barcelona 2024-25 ima sodobno barvno shemo. Kombinira svetlobni volt z modro za logotipe in aplikacije. Uradno so barve \u201cBarely Volt \/ Old Royal\u201d. Tretji dres Barcelona 2024-2025 je zasnovan s simbolom \u017eenskega spola \u2013 hermafroditom, krogom nad kri\u017eem. Nasveti za nogavice: Majica ne vsebuje nogavic privzeto. \u010ce \u017eelite nogavice, izberite mo\u017enosti nogavic, da [&hellip;]<\/p>","protected":false},"featured_media":19208,"comment_status":"open","ping_status":"closed","template":"","meta":[],"product_brand":[],"product_cat":[140,34],"product_tag":[843,1063,150,153,1053,148,1052,161,147],"class_list":{"0":"post-19206","1":"product","2":"type-product","3":"status-publish","4":"has-post-thumbnail","6":"product_cat-moski","7":"product_cat-nogometni-dresi-barcelona","8":"product_tag-2024-25-nogometni-dresi","9":"product_tag-jules-kounde-dresi","10":"product_tag-moski-nogometni-dresi","11":"product_tag-nogometni-dresi","12":"product_tag-nogometni-dresi-barcelona-z-lastnim-imenom","13":"product_tag-poceni-nogometni-dresi","14":"product_tag-poceni-nogometni-dresi-barcelona","15":"product_tag-poceni-nogometni-dresi-barcelona-z-lastnim-imenom-online","16":"product_tag-slovenski-nogometni-dresi","18":"first","19":"instock","20":"shipping-taxable","21":"purchasable","22":"product-type-variable"},"_links":{"self":[{"href":"https:\/\/www.nogometnizaotroke.com\/en\/wp-json\/wp\/v2\/product\/19206","targetHints":{"allow":["GET"]}}],"collection":[{"href":"https:\/\/www.nogometnizaotroke.com\/en\/wp-json\/wp\/v2\/product"}],"about":[{"href":"https:\/\/www.nogometnizaotroke.com\/en\/wp-json\/wp\/v2\/types\/product"}],"replies":[{"embeddable":true,"href":"https:\/\/www.nogometnizaotroke.com\/en\/wp-json\/wp\/v2\/comments?post=19206"}],"wp:featuredmedia":[{"embeddable":true,"href":"https:\/\/www.nogometnizaotroke.com\/en\/wp-json\/wp\/v2\/media\/19208"}],"wp:attachment":[{"href":"https:\/\/www.nogometnizaotroke.com\/en\/wp-json\/wp\/v2\/media?parent=19206"}],"wp:term":[{"taxonomy":"product_brand","embeddable":true,"href":"https:\/\/www.nogometnizaotroke.com\/en\/wp-json\/wp\/v2\/product_brand?post=19206"},{"taxonomy":"product_cat","embeddable":true,"href":"https:\/\/www.nogometnizaotroke.com\/en\/wp-json\/wp\/v2\/product_cat?post=19206"},{"taxonomy":"product_tag","embeddable":true,"href":"https:\/\/www.nogometnizaotroke.com\/en\/wp-json\/wp\/v2\/product_tag?post=19206"}],"curies":[{"name":"wp","href":"https:\/\/api.w.org\/{rel}","templated":true}]}}