{"id":18496,"date":"2024-10-15T04:00:56","date_gmt":"2024-10-15T04:00:56","guid":{"rendered":"https:\/\/www.nogometnionline.com\/?post_type=product&#038;p=18496"},"modified":"2024-10-17T05:53:49","modified_gmt":"2024-10-17T05:53:49","slug":"otroski-nogometni-dresi-kompleti-za-otroke-al-nassr-gostujoci-2024-2025-cristiano-ronaldo-7","status":"publish","type":"product","link":"https:\/\/www.nogometnizaotroke.com\/en\/product\/otroski-nogometni-dresi-kompleti-za-otroke-al-nassr-gostujoci-2024-2025-cristiano-ronaldo-7\/","title":{"rendered":"Otro\u0161ki Nogometni dresi kompleti za otroke Al-Nassr Gostujo\u010di 2024-2025 Cristiano Ronaldo 7"},"content":{"rendered":"<p>Gostujo\u010di dres Al-Nassr 2024-2025 zdru\u017euje mornarsko modro osnovno barvo z belimi logotipi in 3 \u010drtami ter rumenimi aplikacijami.Sprednji del gostujo\u010dega dresa Al-Nassr 2024-2025 ima geometrijski vzorec elipse v kraljevsko modri barvi.<\/p>\n<p>Tips for socks: the T-shirt does not include socks by default. If you want socks, select the sock options to pay for them.<\/p>\n<p>Printing tip: If the name and number in the image are exactly what you want, you don't need to enter it again. If it is not, then enter the name and number you want.<\/p>\n<p>Washing tip: It is recommended to hand wash football jerseys. If you want to use a washing machine, remember to turn the jersey over and then wash it. And fill the machine with cold water and use a gentle wash cycle to protect the colours more.<\/p>","protected":false},"excerpt":{"rendered":"<p>Gostujo\u010di dres Al-Nassr 2024-2025 zdru\u017euje mornarsko modro osnovno barvo z belimi logotipi in 3 \u010drtami ter rumenimi aplikacijami.Sprednji del gostujo\u010dega dresa Al-Nassr 2024-2025 ima geometrijski vzorec elipse v kraljevsko modri barvi. Nasveti za nogavice: Majica ne vsebuje nogavic privzeto. \u010ce \u017eelite nogavice, izberite mo\u017enosti nogavic, da jih pla\u010date. Nasveti za tiskom: \u010ce sta ime in [&hellip;]<\/p>","protected":false},"featured_media":18498,"comment_status":"open","ping_status":"closed","template":"","meta":[],"product_brand":[],"product_cat":[598,73],"product_tag":[894,217,153,1259,667,159,148,1258,599,147],"class_list":{"0":"post-18496","1":"product","2":"type-product","3":"status-publish","4":"has-post-thumbnail","6":"product_cat-nogometni-dresi-al-nassr","7":"product_cat-otroski","8":"product_tag-cristiano-ronaldo-dresi","9":"product_tag-najcenejsi-nogometni-dresi","10":"product_tag-nogometni-dresi","11":"product_tag-nogometni-dresi-al-nassr-z-lastnim-imenom","12":"product_tag-nogometni-dresi-za-otroski-z-lastnim-tiskom","13":"product_tag-otroski-nogometni-dresi","14":"product_tag-poceni-nogometni-dresi","15":"product_tag-poceni-nogometni-dresi-al-nassr","16":"product_tag-poceni-nogometni-dresi-al-nassr-z-lastnim-imenom-online","17":"product_tag-slovenski-nogometni-dresi","19":"first","20":"instock","21":"shipping-taxable","22":"purchasable","23":"product-type-variable"},"_links":{"self":[{"href":"https:\/\/www.nogometnizaotroke.com\/en\/wp-json\/wp\/v2\/product\/18496","targetHints":{"allow":["GET"]}}],"collection":[{"href":"https:\/\/www.nogometnizaotroke.com\/en\/wp-json\/wp\/v2\/product"}],"about":[{"href":"https:\/\/www.nogometnizaotroke.com\/en\/wp-json\/wp\/v2\/types\/product"}],"replies":[{"embeddable":true,"href":"https:\/\/www.nogometnizaotroke.com\/en\/wp-json\/wp\/v2\/comments?post=18496"}],"wp:featuredmedia":[{"embeddable":true,"href":"https:\/\/www.nogometnizaotroke.com\/en\/wp-json\/wp\/v2\/media\/18498"}],"wp:attachment":[{"href":"https:\/\/www.nogometnizaotroke.com\/en\/wp-json\/wp\/v2\/media?parent=18496"}],"wp:term":[{"taxonomy":"product_brand","embeddable":true,"href":"https:\/\/www.nogometnizaotroke.com\/en\/wp-json\/wp\/v2\/product_brand?post=18496"},{"taxonomy":"product_cat","embeddable":true,"href":"https:\/\/www.nogometnizaotroke.com\/en\/wp-json\/wp\/v2\/product_cat?post=18496"},{"taxonomy":"product_tag","embeddable":true,"href":"https:\/\/www.nogometnizaotroke.com\/en\/wp-json\/wp\/v2\/product_tag?post=18496"}],"curies":[{"name":"wp","href":"https:\/\/api.w.org\/{rel}","templated":true}]}}