{"id":18308,"date":"2024-10-11T02:28:55","date_gmt":"2024-10-11T02:28:55","guid":{"rendered":"https:\/\/www.nogometnionline.com\/?post_type=product&#038;p=18308"},"modified":"2024-10-11T02:29:01","modified_gmt":"2024-10-11T02:29:01","slug":"moski-nogometni-dresi-kompleti-chelsea-domaci-2024-25-tisk-conor-gallagher-23","status":"publish","type":"product","link":"https:\/\/www.nogometnizaotroke.com\/en\/product\/moski-nogometni-dresi-kompleti-chelsea-domaci-2024-25-tisk-conor-gallagher-23\/","title":{"rendered":"Men's Soccer Jerseys Kits Chelsea Home 2024-25 Print Conor Gallagher 23"},"content":{"rendered":"<p>The Chelsea FC 24-25 jersey is the first in the club's history to combine the traditional blue and orange and white colours. The Chelsea 24-25 home kit logos are light blue and bordered with \"Team Orange\". Both have a 3D effect.The wavy design stands out, somewhat reminiscent of a foam wave effect.<\/p>\n<p>Tips for socks: the T-shirt does not include socks by default. If you want socks, select the sock options to pay for them.<\/p>\n<p>Printing tip: If the name and number in the image are exactly what you want, you don't need to enter it again. If it is not, then enter the name and number you want.<\/p>\n<p>Washing tip: It is recommended to hand wash football jerseys. If you want to use a washing machine, remember to turn the jersey over and then wash it. And fill the machine with cold water and use a gentle wash cycle to protect the colours more.<\/p>","protected":false},"excerpt":{"rendered":"<p>Dres Chelsea FC 24-25 je prvi v zgodovini kluba, ki zdru\u017euje tradicionalno modro in belo-oran\u017eno barvo. Logotipi doma\u010de opreme Chelsea 24-25 so svetlo modri in obrobljeni z \u201cTeam Orange\u201d. Oba imata 3D u\u010dinek.Izstopa valovit dizajn, ki nekoliko spominja na u\u010dinek penastega vala. Nasveti za nogavice: Majica ne vsebuje nogavic privzeto. \u010ce \u017eelite nogavice, izberite mo\u017enosti [&hellip;]<\/p>","protected":false},"featured_media":18310,"comment_status":"open","ping_status":"closed","template":"","meta":[],"product_brand":[],"product_cat":[140,43],"product_tag":[974,281,150,282,1036,148,647,165,147],"class_list":{"0":"post-18308","1":"product","2":"type-product","3":"status-publish","4":"has-post-thumbnail","6":"product_cat-moski","7":"product_cat-nogometni-dresi-chelsea","8":"product_tag-conor-gallagher-dresi","9":"product_tag-dresi-chelsea-za-otroke","10":"product_tag-moski-nogometni-dresi","11":"product_tag-otroski-dresi-chelsea-z-lastnim-imenom","12":"product_tag-otroski-nogometni-dresi-chelsea","13":"product_tag-poceni-nogometni-dresi","14":"product_tag-poceni-nogometni-dresi-otroski-z-lastnim-imenom-online","15":"product_tag-poceni-otroski-nogometni-dresi-chelsea-z-lastnim-imenom","16":"product_tag-slovenski-nogometni-dresi","18":"first","19":"instock","20":"shipping-taxable","21":"purchasable","22":"product-type-variable"},"_links":{"self":[{"href":"https:\/\/www.nogometnizaotroke.com\/en\/wp-json\/wp\/v2\/product\/18308","targetHints":{"allow":["GET"]}}],"collection":[{"href":"https:\/\/www.nogometnizaotroke.com\/en\/wp-json\/wp\/v2\/product"}],"about":[{"href":"https:\/\/www.nogometnizaotroke.com\/en\/wp-json\/wp\/v2\/types\/product"}],"replies":[{"embeddable":true,"href":"https:\/\/www.nogometnizaotroke.com\/en\/wp-json\/wp\/v2\/comments?post=18308"}],"wp:featuredmedia":[{"embeddable":true,"href":"https:\/\/www.nogometnizaotroke.com\/en\/wp-json\/wp\/v2\/media\/18310"}],"wp:attachment":[{"href":"https:\/\/www.nogometnizaotroke.com\/en\/wp-json\/wp\/v2\/media?parent=18308"}],"wp:term":[{"taxonomy":"product_brand","embeddable":true,"href":"https:\/\/www.nogometnizaotroke.com\/en\/wp-json\/wp\/v2\/product_brand?post=18308"},{"taxonomy":"product_cat","embeddable":true,"href":"https:\/\/www.nogometnizaotroke.com\/en\/wp-json\/wp\/v2\/product_cat?post=18308"},{"taxonomy":"product_tag","embeddable":true,"href":"https:\/\/www.nogometnizaotroke.com\/en\/wp-json\/wp\/v2\/product_tag?post=18308"}],"curies":[{"name":"wp","href":"https:\/\/api.w.org\/{rel}","templated":true}]}}