{"id":18143,"date":"2024-10-10T06:46:47","date_gmt":"2024-10-10T06:46:47","guid":{"rendered":"https:\/\/www.nogometnionline.com\/?post_type=product&#038;p=18143"},"modified":"2024-10-10T06:46:52","modified_gmt":"2024-10-10T06:46:52","slug":"moski-nogometni-dresi-kompleti-manchester-city-tretji-2024-2025-kevin-de-bruyne-17","status":"publish","type":"product","link":"https:\/\/www.nogometnizaotroke.com\/en\/product\/moski-nogometni-dresi-kompleti-manchester-city-tretji-2024-2025-kevin-de-bruyne-17\/","title":{"rendered":"Men's Soccer Jerseys Kits Manchester City Third 2024-2025 Kevin De Bruyne 17"},"content":{"rendered":"<p>Gostujo\u010di dresi Manchester City 24-25 s svetlo zlatimi logotipi. Na sprednji strani je velik grafi\u010dni dizajn v temneje bordo barvi, navdihnjen z elementi grba Manchester City, ki predstavlja preteklost, sedanjost in prihodnost kluba.<\/p>\n<p>Tips for socks: the T-shirt does not include socks by default. If you want socks, select the sock options to pay for them.<\/p>\n<p>Printing tip: If the name and number in the image are exactly what you want, you don't need to enter it again. If it is not, then enter the name and number you want.<\/p>\n<p>Washing tip: It is recommended to hand wash football jerseys. If you want to use a washing machine, remember to turn the jersey over and then wash it. And fill the machine with cold water and use a gentle wash cycle to protect the colours more.<\/p>","protected":false},"excerpt":{"rendered":"<p>Gostujo\u010di dresi Manchester City 24-25 s svetlo zlatimi logotipi. Na sprednji strani je velik grafi\u010dni dizajn v temneje bordo barvi, navdihnjen z elementi grba Manchester City, ki predstavlja preteklost, sedanjost in prihodnost kluba. Nasveti za nogavice: Majica ne vsebuje nogavic privzeto. \u010ce \u017eelite nogavice, izberite mo\u017enosti nogavic, da jih pla\u010date. Nasveti za tiskom: \u010ce sta [&hellip;]<\/p>","protected":false},"featured_media":18145,"comment_status":"open","ping_status":"closed","template":"","meta":[],"product_brand":[],"product_cat":[140,44],"product_tag":[483,1215,883,938,150,153,1176,148,1175,147],"class_list":{"0":"post-18143","1":"product","2":"type-product","3":"status-publish","4":"has-post-thumbnail","6":"product_cat-moski","7":"product_cat-nogometni-dresi-manchester-city","8":"product_tag-dresi-manchester-city-za-otroke","9":"product_tag-kevin-de-bruyne-dresi","10":"product_tag-manchester-city-dresi-2024","11":"product_tag-manchester-city-z-lastnim-imenom-online","12":"product_tag-moski-nogometni-dresi","13":"product_tag-nogometni-dresi","14":"product_tag-nogometni-dresi-manchester-city-z-lastnim-imenom","15":"product_tag-poceni-nogometni-dresi","16":"product_tag-poceni-nogometni-dresi-manchester-city","17":"product_tag-slovenski-nogometni-dresi","19":"first","20":"instock","21":"shipping-taxable","22":"purchasable","23":"product-type-variable"},"_links":{"self":[{"href":"https:\/\/www.nogometnizaotroke.com\/en\/wp-json\/wp\/v2\/product\/18143","targetHints":{"allow":["GET"]}}],"collection":[{"href":"https:\/\/www.nogometnizaotroke.com\/en\/wp-json\/wp\/v2\/product"}],"about":[{"href":"https:\/\/www.nogometnizaotroke.com\/en\/wp-json\/wp\/v2\/types\/product"}],"replies":[{"embeddable":true,"href":"https:\/\/www.nogometnizaotroke.com\/en\/wp-json\/wp\/v2\/comments?post=18143"}],"wp:featuredmedia":[{"embeddable":true,"href":"https:\/\/www.nogometnizaotroke.com\/en\/wp-json\/wp\/v2\/media\/18145"}],"wp:attachment":[{"href":"https:\/\/www.nogometnizaotroke.com\/en\/wp-json\/wp\/v2\/media?parent=18143"}],"wp:term":[{"taxonomy":"product_brand","embeddable":true,"href":"https:\/\/www.nogometnizaotroke.com\/en\/wp-json\/wp\/v2\/product_brand?post=18143"},{"taxonomy":"product_cat","embeddable":true,"href":"https:\/\/www.nogometnizaotroke.com\/en\/wp-json\/wp\/v2\/product_cat?post=18143"},{"taxonomy":"product_tag","embeddable":true,"href":"https:\/\/www.nogometnizaotroke.com\/en\/wp-json\/wp\/v2\/product_tag?post=18143"}],"curies":[{"name":"wp","href":"https:\/\/api.w.org\/{rel}","templated":true}]}}