{"id":18011,"date":"2024-10-08T03:59:17","date_gmt":"2024-10-08T03:59:17","guid":{"rendered":"https:\/\/www.nogometnionline.com\/?post_type=product&#038;p=18011"},"modified":"2024-10-08T04:01:42","modified_gmt":"2024-10-08T04:01:42","slug":"moski-nogometni-dresi-komplet-bvb-borussia-dortmund-gostujoci-2024-25-crna","status":"publish","type":"product","link":"https:\/\/www.nogometnizaotroke.com\/en\/product\/moski-nogometni-dresi-komplet-bvb-borussia-dortmund-gostujoci-2024-25-crna\/","title":{"rendered":"Men's Soccer Jerseys away kit BVB Borussia Dortmund Away 2024-25 black"},"content":{"rendered":"<p>Nogometni dres Borussie Dortmund 2024-25 v gosteh ima obi\u010dajne \u010drne in rumene barve kluba. Zaradi dveh stvari je gostujo\u010di dres BVB 2024-25 edinstven &#8211; trak na sprednji strani in subtilni elementi oblikovanja.Prvi\u010d, gostujo\u010di dres BVB 2024-2025 ima debelo rumeno \u010drto na prsih, ki vklju\u010duje logotip sponzorja 1&amp;1.Gostujo\u010di dres BVB 24-25 ima napis &#8220;Borussia povezuje&#8221; v znakovnem jeziku in Braillovi pisavi. Na \u010drni sprednji strani je zelo subtilen vzorec s sloganom kluba &#8220;Borussia united&#8221;.<\/p>\n<p>Tips for socks: the T-shirt does not include socks by default. If you want socks, select the sock options to pay for them.<\/p>\n<p>Printing tip: If the name and number in the image are exactly what you want, you don't need to enter it again. If it is not, then enter the name and number you want.<\/p>\n<p>Washing tip: It is recommended to hand wash football jerseys. If you want to use a washing machine, remember to turn the jersey over and then wash it. And fill the machine with cold water and use a gentle wash cycle to protect the colours more.<\/p>","protected":false},"excerpt":{"rendered":"<p>Nogometni dres Borussie Dortmund 2024-25 v gosteh ima obi\u010dajne \u010drne in rumene barve kluba. Zaradi dveh stvari je gostujo\u010di dres BVB 2024-25 edinstven &#8211; trak na sprednji strani in subtilni elementi oblikovanja.Prvi\u010d, gostujo\u010di dres BVB 2024-2025 ima debelo rumeno \u010drto na prsih, ki vklju\u010duje logotip sponzorja 1&amp;1.Gostujo\u010di dres BVB 24-25 ima napis &#8220;Borussia povezuje&#8221; v [&hellip;]<\/p>","protected":false},"featured_media":18016,"comment_status":"open","ping_status":"closed","template":"","meta":[],"product_brand":[],"product_cat":[45],"product_tag":[946,150,153,196,148,147],"class_list":{"0":"post-18011","1":"product","2":"type-product","3":"status-publish","4":"has-post-thumbnail","6":"product_cat-nogometni-dresi-dortmund","7":"product_tag-moske-nogometnih-dresov","8":"product_tag-moski-nogometni-dresi","9":"product_tag-nogometni-dresi","10":"product_tag-poceni-moski-nogometni-dresi-dortmund-z-lastnim-imenom","11":"product_tag-poceni-nogometni-dresi","12":"product_tag-slovenski-nogometni-dresi","14":"first","15":"instock","16":"shipping-taxable","17":"purchasable","18":"product-type-variable"},"_links":{"self":[{"href":"https:\/\/www.nogometnizaotroke.com\/en\/wp-json\/wp\/v2\/product\/18011","targetHints":{"allow":["GET"]}}],"collection":[{"href":"https:\/\/www.nogometnizaotroke.com\/en\/wp-json\/wp\/v2\/product"}],"about":[{"href":"https:\/\/www.nogometnizaotroke.com\/en\/wp-json\/wp\/v2\/types\/product"}],"replies":[{"embeddable":true,"href":"https:\/\/www.nogometnizaotroke.com\/en\/wp-json\/wp\/v2\/comments?post=18011"}],"wp:featuredmedia":[{"embeddable":true,"href":"https:\/\/www.nogometnizaotroke.com\/en\/wp-json\/wp\/v2\/media\/18016"}],"wp:attachment":[{"href":"https:\/\/www.nogometnizaotroke.com\/en\/wp-json\/wp\/v2\/media?parent=18011"}],"wp:term":[{"taxonomy":"product_brand","embeddable":true,"href":"https:\/\/www.nogometnizaotroke.com\/en\/wp-json\/wp\/v2\/product_brand?post=18011"},{"taxonomy":"product_cat","embeddable":true,"href":"https:\/\/www.nogometnizaotroke.com\/en\/wp-json\/wp\/v2\/product_cat?post=18011"},{"taxonomy":"product_tag","embeddable":true,"href":"https:\/\/www.nogometnizaotroke.com\/en\/wp-json\/wp\/v2\/product_tag?post=18011"}],"curies":[{"name":"wp","href":"https:\/\/api.w.org\/{rel}","templated":true}]}}