{"id":17887,"date":"2024-10-04T03:31:32","date_gmt":"2024-10-04T03:31:32","guid":{"rendered":"https:\/\/www.nogometnionline.com\/?post_type=product&#038;p=17887"},"modified":"2024-10-04T03:31:37","modified_gmt":"2024-10-04T03:31:37","slug":"otroski-nogometni-dresi-za-otroke-argentina-gostujoci-copa-america-2024-julian-alvarez-9","status":"publish","type":"product","link":"https:\/\/www.nogometnizaotroke.com\/en\/product\/otroski-nogometni-dresi-za-otroke-argentina-gostujoci-copa-america-2024-julian-alvarez-9\/","title":{"rendered":"Kids Soccer Jerseys For Kids Argentina Away Copa America 2024 Julian Alvarez 9"},"content":{"rendered":"<p>Argentina dres 2024 za gostovanje na Copa America ima kraljevsko modro osnovo in barve argentinske zastave. Nebe\u0161ko modra izstopa, majica pa spominja na svetovno prvenstvo 2006 in stare argentinske drese, pri \u010demer je osnovna modra barva podobna tistim iz 90. let. Tako kot drugi leto\u0161nji kompleti je tudi plo\u0161\u010da, podobna solzivcu ob strani, videti kot vrh gostujo\u010dega dresa za prvake svetovnega pokala.<\/p>\n<p>Tips for socks: the T-shirt does not include socks by default. If you want socks, select the sock options to pay for them.<\/p>\n<p>Printing tip: If the name and number in the image are exactly what you want, you don't need to enter it again. If it is not, then enter the name and number you want.<\/p>\n<p>Washing tip: It is recommended to hand wash football jerseys. If you want to use a washing machine, remember to turn the jersey over and then wash it. And fill the machine with cold water and use a gentle wash cycle to protect the colours more.<\/p>","protected":false},"excerpt":{"rendered":"<p>Argentina dres 2024 za gostovanje na Copa America ima kraljevsko modro osnovo in barve argentinske zastave. Nebe\u0161ko modra izstopa, majica pa spominja na svetovno prvenstvo 2006 in stare argentinske drese, pri \u010demer je osnovna modra barva podobna tistim iz 90. let. Tako kot drugi leto\u0161nji kompleti je tudi plo\u0161\u010da, podobna solzivcu ob strani, videti kot [&hellip;]<\/p>","protected":false},"featured_media":17889,"comment_status":"open","ping_status":"closed","template":"","meta":[],"product_brand":[],"product_cat":[73,81],"product_tag":[816,1387,153,220,159,148,147],"class_list":{"0":"post-17887","1":"product","2":"type-product","3":"status-publish","4":"has-post-thumbnail","6":"product_cat-otroski","7":"product_cat-dresi-argentina-reprezentance","8":"product_tag-argentina-copa-america-2024-dresi","9":"product_tag-julian-alvarez-dresi","10":"product_tag-nogometni-dresi","11":"product_tag-nogometni-dresi-za-otroke","12":"product_tag-otroski-nogometni-dresi","13":"product_tag-poceni-nogometni-dresi","14":"product_tag-slovenski-nogometni-dresi","16":"first","17":"instock","18":"shipping-taxable","19":"purchasable","20":"product-type-variable"},"_links":{"self":[{"href":"https:\/\/www.nogometnizaotroke.com\/en\/wp-json\/wp\/v2\/product\/17887","targetHints":{"allow":["GET"]}}],"collection":[{"href":"https:\/\/www.nogometnizaotroke.com\/en\/wp-json\/wp\/v2\/product"}],"about":[{"href":"https:\/\/www.nogometnizaotroke.com\/en\/wp-json\/wp\/v2\/types\/product"}],"replies":[{"embeddable":true,"href":"https:\/\/www.nogometnizaotroke.com\/en\/wp-json\/wp\/v2\/comments?post=17887"}],"wp:featuredmedia":[{"embeddable":true,"href":"https:\/\/www.nogometnizaotroke.com\/en\/wp-json\/wp\/v2\/media\/17889"}],"wp:attachment":[{"href":"https:\/\/www.nogometnizaotroke.com\/en\/wp-json\/wp\/v2\/media?parent=17887"}],"wp:term":[{"taxonomy":"product_brand","embeddable":true,"href":"https:\/\/www.nogometnizaotroke.com\/en\/wp-json\/wp\/v2\/product_brand?post=17887"},{"taxonomy":"product_cat","embeddable":true,"href":"https:\/\/www.nogometnizaotroke.com\/en\/wp-json\/wp\/v2\/product_cat?post=17887"},{"taxonomy":"product_tag","embeddable":true,"href":"https:\/\/www.nogometnizaotroke.com\/en\/wp-json\/wp\/v2\/product_tag?post=17887"}],"curies":[{"name":"wp","href":"https:\/\/api.w.org\/{rel}","templated":true}]}}