{"id":17849,"date":"2024-10-03T03:49:35","date_gmt":"2024-10-03T03:49:35","guid":{"rendered":"https:\/\/www.nogometnionline.com\/?post_type=product&#038;p=17849"},"modified":"2024-10-03T03:49:41","modified_gmt":"2024-10-03T03:49:41","slug":"moski-nogometni-dresi-komplet-argentina-gostujoci-copa-america-2024-alejandro-garnacho-17","status":"publish","type":"product","link":"https:\/\/www.nogometnizaotroke.com\/en\/product\/moski-nogometni-dresi-komplet-argentina-gostujoci-copa-america-2024-alejandro-garnacho-17\/","title":{"rendered":"Men's Soccer Jerseys Kit Argentina Alejandro Garnacho Away Copa America 2024 17"},"content":{"rendered":"<p>Gostujo\u010di dresi Argentina reprezentance 2024 zdru\u017euje kraljevsko modro osnovno barvo z barvami argentinske zastave, belo in nebesno modro. Tri proge so verjetno svetlo modre, grb AFA je nebesno moder in bel.Modra barva dresa za goste Argentina 2024 je podobna barvi kompletov za goste Argentine do poznih 90. let, preden je mornarsko modra postala obi\u010dajna izbira. Dru\u0161tvena zna\u010dka bo dvobarvna, nebe\u0161ko modra in bela.Zaradi \u010desar je gostujo\u010di dres Argentine 2024 edinstven, je detajl, ki obuja spomine na svetovno prvenstvo 2006 \u2013 ob strani je plo\u0161\u010da, podobna ekipnemu duhu, z nebesno modro in belo barvo argentinske zastave.Gostujo\u010di dres Argentine leta 2006 je nosil Messi, ko je debitiral na svetovnem prvenstvu, dres leta 2024 pa je jasen poklon temu dizajnu.<\/p>\n<p>Tips for socks: the T-shirt does not include socks by default. If you want socks, select the sock options to pay for them.<\/p>\n<p>Printing tip: If the name and number in the image are exactly what you want, you don't need to enter it again. If it is not, then enter the name and number you want.<\/p>\n<p>Washing tip: It is recommended to hand wash football jerseys. If you want to use a washing machine, remember to turn the jersey over and then wash it. And fill the machine with cold water and use a gentle wash cycle to protect the colours more.<\/p>","protected":false},"excerpt":{"rendered":"<p>Gostujo\u010di dresi Argentina reprezentance 2024 zdru\u017euje kraljevsko modro osnovno barvo z barvami argentinske zastave, belo in nebesno modro. Tri proge so verjetno svetlo modre, grb AFA je nebesno moder in bel.Modra barva dresa za goste Argentina 2024 je podobna barvi kompletov za goste Argentine do poznih 90. let, preden je mornarsko modra postala obi\u010dajna izbira. [&hellip;]<\/p>","protected":false},"featured_media":17851,"comment_status":"open","ping_status":"closed","template":"","meta":[],"product_brand":[],"product_cat":[140,81],"product_tag":[1390,840,150,153,545,148,147],"class_list":{"0":"post-17849","1":"product","2":"type-product","3":"status-publish","4":"has-post-thumbnail","6":"product_cat-moski","7":"product_cat-dresi-argentina-reprezentance","8":"product_tag-alejandro-garnacho-dresi","9":"product_tag-argentina-2024-25-dresi","10":"product_tag-moski-nogometni-dresi","11":"product_tag-nogometni-dresi","12":"product_tag-nogometni-dresi-slovenija","13":"product_tag-poceni-nogometni-dresi","14":"product_tag-slovenski-nogometni-dresi","16":"first","17":"instock","18":"shipping-taxable","19":"purchasable","20":"product-type-variable"},"_links":{"self":[{"href":"https:\/\/www.nogometnizaotroke.com\/en\/wp-json\/wp\/v2\/product\/17849","targetHints":{"allow":["GET"]}}],"collection":[{"href":"https:\/\/www.nogometnizaotroke.com\/en\/wp-json\/wp\/v2\/product"}],"about":[{"href":"https:\/\/www.nogometnizaotroke.com\/en\/wp-json\/wp\/v2\/types\/product"}],"replies":[{"embeddable":true,"href":"https:\/\/www.nogometnizaotroke.com\/en\/wp-json\/wp\/v2\/comments?post=17849"}],"wp:featuredmedia":[{"embeddable":true,"href":"https:\/\/www.nogometnizaotroke.com\/en\/wp-json\/wp\/v2\/media\/17851"}],"wp:attachment":[{"href":"https:\/\/www.nogometnizaotroke.com\/en\/wp-json\/wp\/v2\/media?parent=17849"}],"wp:term":[{"taxonomy":"product_brand","embeddable":true,"href":"https:\/\/www.nogometnizaotroke.com\/en\/wp-json\/wp\/v2\/product_brand?post=17849"},{"taxonomy":"product_cat","embeddable":true,"href":"https:\/\/www.nogometnizaotroke.com\/en\/wp-json\/wp\/v2\/product_cat?post=17849"},{"taxonomy":"product_tag","embeddable":true,"href":"https:\/\/www.nogometnizaotroke.com\/en\/wp-json\/wp\/v2\/product_tag?post=17849"}],"curies":[{"name":"wp","href":"https:\/\/api.w.org\/{rel}","templated":true}]}}