{"id":17690,"date":"2024-09-27T11:42:35","date_gmt":"2024-09-27T11:42:35","guid":{"rendered":"https:\/\/www.nogometnionline.com\/?post_type=product&#038;p=17690"},"modified":"2024-09-27T11:42:39","modified_gmt":"2024-09-27T11:42:39","slug":"poceni-moski-nogometni-dresi-arsenal-tretji-2024-25-modra-dolgi-rokav","status":"publish","type":"product","link":"https:\/\/www.nogometnizaotroke.com\/en\/product\/poceni-moski-nogometni-dresi-arsenal-tretji-2024-25-modra-dolgi-rokav\/","title":{"rendered":"Cheap Men's Soccer Jerseys Arsenal Third 2024-25 Blue Long Sleeve"},"content":{"rendered":"<p>Tretja nogometna majica Arsenal 24-25 je vodno modre barve v kombinaciji s svetlo vijoli\u010dno in mornarsko modro.Dizajn tretjega nogometnega dresa Arsenal FC 2024-25 je moderen v nasprotju s klasi\u010dnim logotipom Trefoil. Ima sodoben gradientni dizajn, ki spominja na severni sij.<\/p>\n<p>Tips for socks: the T-shirt does not include socks by default. If you want socks, select the sock options to pay for them.<\/p>\n<p>Printing tip: If the name and number in the image are exactly what you want, you don't need to enter it again. If it is not, then enter the name and number you want.<\/p>\n<p>Washing tip: It is recommended to hand wash football jerseys. If you want to use a washing machine, remember to turn the jersey over and then wash it. And fill the machine with cold water and use a gentle wash cycle to protect the colours more.<\/p>","protected":false},"excerpt":{"rendered":"<p>Tretja nogometna majica Arsenal 24-25 je vodno modre barve v kombinaciji s svetlo vijoli\u010dno in mornarsko modro.Dizajn tretjega nogometnega dresa Arsenal FC 2024-25 je moderen v nasprotju s klasi\u010dnim logotipom Trefoil. Ima sodoben gradientni dizajn, ki spominja na severni sij. Nasveti za nogavice: Majica ne vsebuje nogavic privzeto. \u010ce \u017eelite nogavice, izberite mo\u017enosti nogavic, da [&hellip;]<\/p>","protected":false},"featured_media":17692,"comment_status":"open","ping_status":"closed","template":"","meta":[],"product_brand":[],"product_cat":[140,38],"product_tag":[152,150,153,1049,148,1048,189,147],"class_list":{"0":"post-17690","1":"product","2":"type-product","3":"status-publish","4":"has-post-thumbnail","6":"product_cat-moski","7":"product_cat-nogometni-dresi-arsenal","8":"product_tag-moski-nogometni-dres","9":"product_tag-moski-nogometni-dresi","10":"product_tag-nogometni-dresi","11":"product_tag-nogometni-dresi-arsenal-z-lastnim-imenom","12":"product_tag-poceni-nogometni-dresi","13":"product_tag-poceni-nogometni-dresi-arsenal","14":"product_tag-poceni-nogometni-dresi-arsenal-z-lastnim-imenom-online","15":"product_tag-slovenski-nogometni-dresi","17":"first","18":"instock","19":"shipping-taxable","20":"purchasable","21":"product-type-variable"},"_links":{"self":[{"href":"https:\/\/www.nogometnizaotroke.com\/en\/wp-json\/wp\/v2\/product\/17690","targetHints":{"allow":["GET"]}}],"collection":[{"href":"https:\/\/www.nogometnizaotroke.com\/en\/wp-json\/wp\/v2\/product"}],"about":[{"href":"https:\/\/www.nogometnizaotroke.com\/en\/wp-json\/wp\/v2\/types\/product"}],"replies":[{"embeddable":true,"href":"https:\/\/www.nogometnizaotroke.com\/en\/wp-json\/wp\/v2\/comments?post=17690"}],"wp:featuredmedia":[{"embeddable":true,"href":"https:\/\/www.nogometnizaotroke.com\/en\/wp-json\/wp\/v2\/media\/17692"}],"wp:attachment":[{"href":"https:\/\/www.nogometnizaotroke.com\/en\/wp-json\/wp\/v2\/media?parent=17690"}],"wp:term":[{"taxonomy":"product_brand","embeddable":true,"href":"https:\/\/www.nogometnizaotroke.com\/en\/wp-json\/wp\/v2\/product_brand?post=17690"},{"taxonomy":"product_cat","embeddable":true,"href":"https:\/\/www.nogometnizaotroke.com\/en\/wp-json\/wp\/v2\/product_cat?post=17690"},{"taxonomy":"product_tag","embeddable":true,"href":"https:\/\/www.nogometnizaotroke.com\/en\/wp-json\/wp\/v2\/product_tag?post=17690"}],"curies":[{"name":"wp","href":"https:\/\/api.w.org\/{rel}","templated":true}]}}