{"id":17638,"date":"2024-09-26T11:51:08","date_gmt":"2024-09-26T11:51:08","guid":{"rendered":"https:\/\/www.nogometnionline.com\/?post_type=product&#038;p=17638"},"modified":"2024-09-26T11:53:35","modified_gmt":"2024-09-26T11:53:35","slug":"zenski-nogometni-dresi-belgija-domaci-ep-2024-rdeca-leandro-trossard-9","status":"publish","type":"product","link":"https:\/\/www.nogometnizaotroke.com\/en\/product\/zenski-nogometni-dresi-belgija-domaci-ep-2024-rdeca-leandro-trossard-9\/","title":{"rendered":"Women's Football Jerseys Belgium Home EP 2024 Red Leandro Trossard 9"},"content":{"rendered":"<p>Novi Belgija Doma\u010di Euro 2024 dresi uvaja veliko spremembo prej\u0161njih doma\u010dih dresov ekipe. Namesto \u017eivo rde\u010de je majica Belgije 2024 v glavnem vinsko rde\u010da. Uradno je barva novega doma\u010dega dresa Belgije 2024 \u201cTeam College Burgundy\u201d. To barvo je \u017ee uporabil za ekipe, kot sta N\u00fcrnberg in Atlanta United.Zdru\u017euje novo majico doma\u010dega nogometa Belgija 2024 z zlatimi logotipi, kar ustvarja eleganten videz.\u010crne\/zlate kratke hla\u010de in kostanjeve zlate nogavice dopolnjujejo doma\u010do opremo Belgije za Euro 2024.<\/p>\n<p>Tips for socks: the T-shirt does not include socks by default. If you want socks, select the sock options to pay for them.<\/p>\n<p>Printing tip: If the name and number in the image are exactly what you want, you don't need to enter it again. If it is not, then enter the name and number you want.<\/p>\n<p>Washing tip: It is recommended to hand wash football jerseys. If you want to use a washing machine, remember to turn the jersey over and then wash it. And fill the machine with cold water and use a gentle wash cycle to protect the colours more.<\/p>","protected":false},"excerpt":{"rendered":"<p>Novi Belgija Doma\u010di Euro 2024 dresi uvaja veliko spremembo prej\u0161njih doma\u010dih dresov ekipe. Namesto \u017eivo rde\u010de je majica Belgije 2024 v glavnem vinsko rde\u010da. Uradno je barva novega doma\u010dega dresa Belgije 2024 \u201cTeam College Burgundy\u201d. To barvo je \u017ee uporabil za ekipe, kot sta N\u00fcrnberg in Atlanta United.Zdru\u017euje novo majico doma\u010dega nogometa Belgija 2024 z [&hellip;]<\/p>","protected":false},"featured_media":17639,"comment_status":"open","ping_status":"closed","template":"","meta":[],"product_brand":[],"product_cat":[778,74,78],"product_tag":[785,1020,1369,1153,153,148,147,1371,1370,1368],"class_list":{"0":"post-17638","1":"product","2":"type-product","3":"status-publish","4":"has-post-thumbnail","6":"product_cat-euro-2024","7":"product_cat-zenski","8":"product_cat-dresi-belgija-reprezentance","9":"product_tag-anglija-euro-2024-dresi","10":"product_tag-anglija-nogometni-dresi","11":"product_tag-dresi-belgija-za-zenske","12":"product_tag-leandro-trossard-dresi","13":"product_tag-nogometni-dresi","14":"product_tag-poceni-nogometni-dresi","15":"product_tag-slovenski-nogometni-dresi","16":"product_tag-zenske-belgija-ep-2024-dresi-za-nogomet","17":"product_tag-zenske-dresi-belgija-z-lastnim-imenom","18":"product_tag-zenske-nogometni-dresi-belgija","20":"first","21":"instock","22":"shipping-taxable","23":"purchasable","24":"product-type-variable"},"_links":{"self":[{"href":"https:\/\/www.nogometnizaotroke.com\/en\/wp-json\/wp\/v2\/product\/17638","targetHints":{"allow":["GET"]}}],"collection":[{"href":"https:\/\/www.nogometnizaotroke.com\/en\/wp-json\/wp\/v2\/product"}],"about":[{"href":"https:\/\/www.nogometnizaotroke.com\/en\/wp-json\/wp\/v2\/types\/product"}],"replies":[{"embeddable":true,"href":"https:\/\/www.nogometnizaotroke.com\/en\/wp-json\/wp\/v2\/comments?post=17638"}],"wp:featuredmedia":[{"embeddable":true,"href":"https:\/\/www.nogometnizaotroke.com\/en\/wp-json\/wp\/v2\/media\/17639"}],"wp:attachment":[{"href":"https:\/\/www.nogometnizaotroke.com\/en\/wp-json\/wp\/v2\/media?parent=17638"}],"wp:term":[{"taxonomy":"product_brand","embeddable":true,"href":"https:\/\/www.nogometnizaotroke.com\/en\/wp-json\/wp\/v2\/product_brand?post=17638"},{"taxonomy":"product_cat","embeddable":true,"href":"https:\/\/www.nogometnizaotroke.com\/en\/wp-json\/wp\/v2\/product_cat?post=17638"},{"taxonomy":"product_tag","embeddable":true,"href":"https:\/\/www.nogometnizaotroke.com\/en\/wp-json\/wp\/v2\/product_tag?post=17638"}],"curies":[{"name":"wp","href":"https:\/\/api.w.org\/{rel}","templated":true}]}}