{"id":17587,"date":"2024-09-25T12:56:59","date_gmt":"2024-09-25T12:56:59","guid":{"rendered":"https:\/\/www.nogometnionline.com\/?post_type=product&#038;p=17587"},"modified":"2024-09-25T12:57:04","modified_gmt":"2024-09-25T12:57:04","slug":"poceni-moski-nogometni-dresi-japonska-domaci-2024-25-modra-kratek-rokav","status":"publish","type":"product","link":"https:\/\/www.nogometnizaotroke.com\/en\/product\/poceni-moski-nogometni-dresi-japonska-domaci-2024-25-modra-kratek-rokav\/","title":{"rendered":"Poceni Mo\u0161ki Nogometni dresi Japonska Doma\u010di 2024-25 modra Kratek Rokav"},"content":{"rendered":"<p>Dres Japonska nogometni reprezentance Y-3 2024 se vra\u010da v temno modro glavno barvo. To je prvi\u010d po letu 2018, da japonski dres ni svetlo moder.Kar lo\u010duje dres Japonske 2024, je svetlo moder, ognjevit dizajn na sprednji strani.V sredini sta tako logotip Y-3 kot grb Japonske.Kar zadeva predlogo, dres Japonske 2024 uporablja novo predlogo Tiro 2024, tako kot vsi drugi dresi reprezentance 2024. 3 \u010drte so bele, polja pa \u010drna.<\/p>\n<p>Tips for socks: the T-shirt does not include socks by default. If you want socks, select the sock options to pay for them.<\/p>\n<p>Printing tip: If the name and number in the image are exactly what you want, you don't need to enter it again. If it is not, then enter the name and number you want.<\/p>\n<p>Washing tip: It is recommended to hand wash football jerseys. If you want to use a washing machine, remember to turn the jersey over and then wash it. And fill the machine with cold water and use a gentle wash cycle to protect the colours more.<\/p>","protected":false},"excerpt":{"rendered":"<p>Dres Japonska nogometni reprezentance Y-3 2024 se vra\u010da v temno modro glavno barvo. To je prvi\u010d po letu 2018, da japonski dres ni svetlo moder.Kar lo\u010duje dres Japonske 2024, je svetlo moder, ognjevit dizajn na sprednji strani.V sredini sta tako logotip Y-3 kot grb Japonske.Kar zadeva predlogo, dres Japonske 2024 uporablja novo predlogo Tiro 2024, [&hellip;]<\/p>","protected":false},"featured_media":17589,"comment_status":"open","ping_status":"closed","template":"","meta":[],"product_brand":[],"product_cat":[1367,140],"product_tag":[150,153,1219,148,1220,147],"class_list":{"0":"post-17587","1":"product","2":"type-product","3":"status-publish","4":"has-post-thumbnail","6":"product_cat-dresi-japonska-reprezentance","7":"product_cat-moski","8":"product_tag-moski-nogometni-dresi","9":"product_tag-nogometni-dresi","10":"product_tag-nogometni-dresi-japonska-z-lastnim-imenom","11":"product_tag-poceni-nogometni-dresi","12":"product_tag-poceni-nogometni-dresi-japonska","13":"product_tag-slovenski-nogometni-dresi","15":"first","16":"instock","17":"shipping-taxable","18":"purchasable","19":"product-type-variable"},"_links":{"self":[{"href":"https:\/\/www.nogometnizaotroke.com\/en\/wp-json\/wp\/v2\/product\/17587","targetHints":{"allow":["GET"]}}],"collection":[{"href":"https:\/\/www.nogometnizaotroke.com\/en\/wp-json\/wp\/v2\/product"}],"about":[{"href":"https:\/\/www.nogometnizaotroke.com\/en\/wp-json\/wp\/v2\/types\/product"}],"replies":[{"embeddable":true,"href":"https:\/\/www.nogometnizaotroke.com\/en\/wp-json\/wp\/v2\/comments?post=17587"}],"wp:featuredmedia":[{"embeddable":true,"href":"https:\/\/www.nogometnizaotroke.com\/en\/wp-json\/wp\/v2\/media\/17589"}],"wp:attachment":[{"href":"https:\/\/www.nogometnizaotroke.com\/en\/wp-json\/wp\/v2\/media?parent=17587"}],"wp:term":[{"taxonomy":"product_brand","embeddable":true,"href":"https:\/\/www.nogometnizaotroke.com\/en\/wp-json\/wp\/v2\/product_brand?post=17587"},{"taxonomy":"product_cat","embeddable":true,"href":"https:\/\/www.nogometnizaotroke.com\/en\/wp-json\/wp\/v2\/product_cat?post=17587"},{"taxonomy":"product_tag","embeddable":true,"href":"https:\/\/www.nogometnizaotroke.com\/en\/wp-json\/wp\/v2\/product_tag?post=17587"}],"curies":[{"name":"wp","href":"https:\/\/api.w.org\/{rel}","templated":true}]}}