{"id":17547,"date":"2024-09-24T12:45:41","date_gmt":"2024-09-24T12:45:41","guid":{"rendered":"https:\/\/www.nogometnionline.com\/?post_type=product&#038;p=17547"},"modified":"2024-09-24T12:45:46","modified_gmt":"2024-09-24T12:45:46","slug":"moski-nogometni-dresi-japonska-gostujoci-2024-z-lastnim-tiskom","status":"publish","type":"product","link":"https:\/\/www.nogometnizaotroke.com\/en\/product\/moski-nogometni-dresi-japonska-gostujoci-2024-z-lastnim-tiskom\/","title":{"rendered":"Mo\u0161ki Nogometni dresi Japonska Gostujo\u010di 2024 z lastnim tiskom"},"content":{"rendered":"<p>Novi gostujo\u010di dres na Japonskem 2024 ima glavno barvo &#8220;Clear White&#8221; v kombinaciji z grafiko rde\u010dega plamena, ki gori na desni strani dresa.Logotip Y-3 in japonski grb sta name\u0161\u010dena na sredini kot dres 2024.Gostujo\u010di dres Japonske 2024, tako kot vsi drugi reprezentan\u010dni dresi 2024, uporablja novo predlogo Tiro 2024.<\/p>\n<p>Tips for socks: the T-shirt does not include socks by default. If you want socks, select the sock options to pay for them.<\/p>\n<p>Printing tip: If the name and number in the image are exactly what you want, you don't need to enter it again. If it is not, then enter the name and number you want.<\/p>\n<p>Washing tip: It is recommended to hand wash football jerseys. If you want to use a washing machine, remember to turn the jersey over and then wash it. And fill the machine with cold water and use a gentle wash cycle to protect the colours more.<\/p>","protected":false},"excerpt":{"rendered":"<p>Novi gostujo\u010di dres na Japonskem 2024 ima glavno barvo &#8220;Clear White&#8221; v kombinaciji z grafiko rde\u010dega plamena, ki gori na desni strani dresa.Logotip Y-3 in japonski grb sta name\u0161\u010dena na sredini kot dres 2024.Gostujo\u010di dres Japonske 2024, tako kot vsi drugi reprezentan\u010dni dresi 2024, uporablja novo predlogo Tiro 2024. Nasveti za nogavice: Majica ne vsebuje [&hellip;]<\/p>","protected":false},"featured_media":17549,"comment_status":"open","ping_status":"closed","template":"","meta":[],"product_brand":[],"product_cat":[1367,140],"product_tag":[150,153,1219,148,1220,147],"class_list":{"0":"post-17547","1":"product","2":"type-product","3":"status-publish","4":"has-post-thumbnail","6":"product_cat-dresi-japonska-reprezentance","7":"product_cat-moski","8":"product_tag-moski-nogometni-dresi","9":"product_tag-nogometni-dresi","10":"product_tag-nogometni-dresi-japonska-z-lastnim-imenom","11":"product_tag-poceni-nogometni-dresi","12":"product_tag-poceni-nogometni-dresi-japonska","13":"product_tag-slovenski-nogometni-dresi","15":"first","16":"instock","17":"shipping-taxable","18":"purchasable","19":"product-type-variable"},"_links":{"self":[{"href":"https:\/\/www.nogometnizaotroke.com\/en\/wp-json\/wp\/v2\/product\/17547","targetHints":{"allow":["GET"]}}],"collection":[{"href":"https:\/\/www.nogometnizaotroke.com\/en\/wp-json\/wp\/v2\/product"}],"about":[{"href":"https:\/\/www.nogometnizaotroke.com\/en\/wp-json\/wp\/v2\/types\/product"}],"replies":[{"embeddable":true,"href":"https:\/\/www.nogometnizaotroke.com\/en\/wp-json\/wp\/v2\/comments?post=17547"}],"wp:featuredmedia":[{"embeddable":true,"href":"https:\/\/www.nogometnizaotroke.com\/en\/wp-json\/wp\/v2\/media\/17549"}],"wp:attachment":[{"href":"https:\/\/www.nogometnizaotroke.com\/en\/wp-json\/wp\/v2\/media?parent=17547"}],"wp:term":[{"taxonomy":"product_brand","embeddable":true,"href":"https:\/\/www.nogometnizaotroke.com\/en\/wp-json\/wp\/v2\/product_brand?post=17547"},{"taxonomy":"product_cat","embeddable":true,"href":"https:\/\/www.nogometnizaotroke.com\/en\/wp-json\/wp\/v2\/product_cat?post=17547"},{"taxonomy":"product_tag","embeddable":true,"href":"https:\/\/www.nogometnizaotroke.com\/en\/wp-json\/wp\/v2\/product_tag?post=17547"}],"curies":[{"name":"wp","href":"https:\/\/api.w.org\/{rel}","templated":true}]}}