{"id":17347,"date":"2024-09-17T08:06:04","date_gmt":"2024-09-17T08:06:04","guid":{"rendered":"https:\/\/www.nogometnionline.com\/?post_type=product&#038;p=17347"},"modified":"2024-09-17T08:06:08","modified_gmt":"2024-09-17T08:06:08","slug":"moski-nogometni-dresi-brazilija-domaci-copa-america-2024-l-s-dolgi-rokavi","status":"publish","type":"product","link":"https:\/\/www.nogometnizaotroke.com\/en\/product\/moski-nogometni-dresi-brazilija-domaci-copa-america-2024-l-s-dolgi-rokavi\/","title":{"rendered":"Men's Soccer Jerseys Brazil Home Copa America 2024 L\/S Long Sleeves"},"content":{"rendered":"<p>The Brazil 2024\/25 home jersey features a charming pattern that celebrates the country's stunning natural heritage. The richly textured design showcases the intricate details of Brazil, from musical notes to macaws, Sugarloaf Mountain and world-famous beaches set against a striking yellow background.<\/p>\n<p>Tips for socks: the T-shirt does not include socks by default. If you want socks, select the sock options to pay for them.<\/p>\n<p>Printing tip: If the name and number in the image are exactly what you want, you don't need to enter it again. If it is not, then enter the name and number you want.<\/p>\n<p>Washing tip: It is recommended to hand wash football jerseys. If you want to use a washing machine, remember to turn the jersey over and then wash it. And fill the machine with cold water and use a gentle wash cycle to protect the colours more.<\/p>","protected":false},"excerpt":{"rendered":"<p>Doma\u010di dres Brazilija 2024\/25 ima o\u010darljiv vzorec, ki slavi osupljivo naravno dedi\u0161\u010dino dr\u017eave. Dizajn z bogato teksturo prikazuje zapletene podrobnosti Brazilije, od glasbenih not do ara, gore Sugarloaf in svetovno znanih pla\u017e, postavljenih na osupljivo rumeno ozadje. Nasveti za nogavice: Majica ne vsebuje nogavic privzeto. \u010ce \u017eelite nogavice, izberite mo\u017enosti nogavic, da jih pla\u010date. Nasveti [&hellip;]<\/p>","protected":false},"featured_media":17349,"comment_status":"open","ping_status":"closed","template":"","meta":[],"product_brand":[],"product_cat":[140,82],"product_tag":[806,150,153,1122,148,1121,147],"class_list":{"0":"post-17347","1":"product","2":"type-product","3":"status-publish","4":"has-post-thumbnail","6":"product_cat-moski","7":"product_cat-dresi-brazilija-reprezentance","8":"product_tag-brazilija-copa-america-2024-dresi","9":"product_tag-moski-nogometni-dresi","10":"product_tag-nogometni-dresi","11":"product_tag-nogometni-dresi-brazilija-z-lastnim-imenom","12":"product_tag-poceni-nogometni-dresi","13":"product_tag-poceni-nogometni-dresi-brazilija","14":"product_tag-slovenski-nogometni-dresi","16":"first","17":"instock","18":"shipping-taxable","19":"purchasable","20":"product-type-variable"},"_links":{"self":[{"href":"https:\/\/www.nogometnizaotroke.com\/en\/wp-json\/wp\/v2\/product\/17347","targetHints":{"allow":["GET"]}}],"collection":[{"href":"https:\/\/www.nogometnizaotroke.com\/en\/wp-json\/wp\/v2\/product"}],"about":[{"href":"https:\/\/www.nogometnizaotroke.com\/en\/wp-json\/wp\/v2\/types\/product"}],"replies":[{"embeddable":true,"href":"https:\/\/www.nogometnizaotroke.com\/en\/wp-json\/wp\/v2\/comments?post=17347"}],"wp:featuredmedia":[{"embeddable":true,"href":"https:\/\/www.nogometnizaotroke.com\/en\/wp-json\/wp\/v2\/media\/17349"}],"wp:attachment":[{"href":"https:\/\/www.nogometnizaotroke.com\/en\/wp-json\/wp\/v2\/media?parent=17347"}],"wp:term":[{"taxonomy":"product_brand","embeddable":true,"href":"https:\/\/www.nogometnizaotroke.com\/en\/wp-json\/wp\/v2\/product_brand?post=17347"},{"taxonomy":"product_cat","embeddable":true,"href":"https:\/\/www.nogometnizaotroke.com\/en\/wp-json\/wp\/v2\/product_cat?post=17347"},{"taxonomy":"product_tag","embeddable":true,"href":"https:\/\/www.nogometnizaotroke.com\/en\/wp-json\/wp\/v2\/product_tag?post=17347"}],"curies":[{"name":"wp","href":"https:\/\/api.w.org\/{rel}","templated":true}]}}