{"id":16999,"date":"2024-09-10T02:14:43","date_gmt":"2024-09-10T02:14:43","guid":{"rendered":"https:\/\/www.nogometnionline.com\/?post_type=product&#038;p=16999"},"modified":"2024-09-10T02:14:49","modified_gmt":"2024-09-10T02:14:49","slug":"poceni-moski-nogometni-dresi-boca-juniors-tretji-2024-2025","status":"publish","type":"product","link":"https:\/\/www.nogometnizaotroke.com\/en\/product\/poceni-moski-nogometni-dresi-boca-juniors-tretji-2024-2025\/","title":{"rendered":"Poceni Mo\u0161ki Nogometni dresi Boca Juniors Tretji 2024-2025"},"content":{"rendered":"<p>Najnovej\u0161a majica Boca Juniors se poklanja zgodovinskim povezavam kluba s \u0160vedsko in ima dizajn, ki ga je navdihnila zastava te nordijske dr\u017eave. Dres ima globoko mornarsko osnovno barvo, ki jo dopolnjuje osupljiva rumeno\/zlata grafika, ki odseva \u0161vedski kri\u017e, name\u0161\u010den na desni strani prsnega ko\u0161a.<\/p>\n<p>Tretja majica Boca Juniors 2024\/25 vklju\u010duje tudi svetlej\u0161e modre ramenske \u010drte, ki zagotavljajo subtilen kontrast mornarsko modri podlagi. Logotip treh \u010drt je vidno prikazan in se ujema s splo\u0161no estetiko dresa. Klubski grb ohranja svojo standardno barvo in izstopa v primerjavi s temnej\u0161imi toni dresa. Ta izbira dizajna spo\u0161tuje bogato dedi\u0161\u010dino kluba in ponuja sve\u017e in sodoben pridih njihovim obla\u010dilom.<\/p>\n<p>Tips for socks: the T-shirt does not include socks by default. If you want socks, select the sock options to pay for them.<\/p>\n<p>Printing tip: If the name and number in the image are exactly what you want, you don't need to enter it again. If it is not, then enter the name and number you want.<\/p>\n<p>Washing tip: It is recommended to hand wash football jerseys. If you want to use a washing machine, remember to turn the jersey over and then wash it. And fill the machine with cold water and use a gentle wash cycle to protect the colours more.<\/p>","protected":false},"excerpt":{"rendered":"<p>Najnovej\u0161a majica Boca Juniors se poklanja zgodovinskim povezavam kluba s \u0160vedsko in ima dizajn, ki ga je navdihnila zastava te nordijske dr\u017eave. Dres ima globoko mornarsko osnovno barvo, ki jo dopolnjuje osupljiva rumeno\/zlata grafika, ki odseva \u0161vedski kri\u017e, name\u0161\u010den na desni strani prsnega ko\u0161a. Tretja majica Boca Juniors 2024\/25 vklju\u010duje tudi svetlej\u0161e modre ramenske \u010drte, [&hellip;]<\/p>","protected":false},"featured_media":17001,"comment_status":"open","ping_status":"closed","template":"","meta":[],"product_brand":[],"product_cat":[1313,140],"product_tag":[150,217,153,1315,667,148,1314,1316,147],"class_list":{"0":"post-16999","1":"product","2":"type-product","3":"status-publish","4":"has-post-thumbnail","6":"product_cat-nogometni-dresi-boca-juniors","7":"product_cat-moski","8":"product_tag-moski-nogometni-dresi","9":"product_tag-najcenejsi-nogometni-dresi","10":"product_tag-nogometni-dresi","11":"product_tag-nogometni-dresi-boca-juniors-z-lastnim-imenom","12":"product_tag-nogometni-dresi-za-otroski-z-lastnim-tiskom","13":"product_tag-poceni-nogometni-dresi","14":"product_tag-poceni-nogometni-dresi-boca-juniors","15":"product_tag-poceni-nogometni-dresi-boca-juniors-z-lastnim-imenom-online","16":"product_tag-slovenski-nogometni-dresi","18":"first","19":"instock","20":"shipping-taxable","21":"purchasable","22":"product-type-variable"},"_links":{"self":[{"href":"https:\/\/www.nogometnizaotroke.com\/en\/wp-json\/wp\/v2\/product\/16999","targetHints":{"allow":["GET"]}}],"collection":[{"href":"https:\/\/www.nogometnizaotroke.com\/en\/wp-json\/wp\/v2\/product"}],"about":[{"href":"https:\/\/www.nogometnizaotroke.com\/en\/wp-json\/wp\/v2\/types\/product"}],"replies":[{"embeddable":true,"href":"https:\/\/www.nogometnizaotroke.com\/en\/wp-json\/wp\/v2\/comments?post=16999"}],"wp:featuredmedia":[{"embeddable":true,"href":"https:\/\/www.nogometnizaotroke.com\/en\/wp-json\/wp\/v2\/media\/17001"}],"wp:attachment":[{"href":"https:\/\/www.nogometnizaotroke.com\/en\/wp-json\/wp\/v2\/media?parent=16999"}],"wp:term":[{"taxonomy":"product_brand","embeddable":true,"href":"https:\/\/www.nogometnizaotroke.com\/en\/wp-json\/wp\/v2\/product_brand?post=16999"},{"taxonomy":"product_cat","embeddable":true,"href":"https:\/\/www.nogometnizaotroke.com\/en\/wp-json\/wp\/v2\/product_cat?post=16999"},{"taxonomy":"product_tag","embeddable":true,"href":"https:\/\/www.nogometnizaotroke.com\/en\/wp-json\/wp\/v2\/product_tag?post=16999"}],"curies":[{"name":"wp","href":"https:\/\/api.w.org\/{rel}","templated":true}]}}